{"id":13612,"date":"2023-12-14T09:01:09","date_gmt":"2023-12-14T08:01:09","guid":{"rendered":"https:\/\/calcul-electrique.com\/cookiebeleid\/"},"modified":"2024-12-20T11:56:14","modified_gmt":"2024-12-20T10:56:14","slug":"cookiebeleid","status":"publish","type":"page","link":"https:\/\/calcul-electrique.com\/nl\/cookiebeleid\/","title":{"rendered":"Cookiebeleid"},"content":{"rendered":"\n<div class=\"wp-block-uagb-container uagb-block-1ea666fb alignwide uagb-is-root-container\">\n<h2 class=\"wp-block-heading has-text-align-center has-text-color has-link-color wp-elements-37755a0149efe94a7965498fce32a49e\" style=\"color:#f96400;margin-top:var(--wp--preset--spacing--xx-small);margin-bottom:var(--wp--preset--spacing--x-small)\">Cookiebeleid<\/h2>\n\n\n\n<h3 class=\"wp-block-heading\" style=\"margin-top:var(--wp--preset--spacing--xx-small);margin-bottom:var(--wp--preset--spacing--x-small)\">Presentatie van een koekje<\/h3>\n\n\n\n<p class=\"nc-justify-text\" style=\"margin-top:var(--wp--preset--spacing--xxx-small);margin-bottom:var(--wp--preset--spacing--xxx-small);padding-top:0;padding-right:0;padding-bottom:0;padding-left:0\">Een cookie is een tekstbestand dat wordt opgeslagen in een speciale ruimte op de harde schijf van de terminal van een Gebruiker (computer, tablet, mobiele telefoon, enz.) wanneer hij een website raadpleegt of bepaalde functies ervan gebruikt. Ze worden gebruikt om uw terminal te identificeren en te herkennen, om pagina&#8217;s te personaliseren door ze aan te passen aan uw profiel en om u een betere surfervaring te bieden. Cookies en andere tracers maken het mogelijk om gegevens te verzamelen zoals, afhankelijk van het geval, het tijdstip en de dag van verbinding, het besturingssysteem van de computer en de pagina&#8217;s van de bezochte sites, enz.  <\/p>\n\n\n\n<h3 class=\"wp-block-heading\" style=\"margin-top:var(--wp--preset--spacing--x-small);margin-bottom:var(--wp--preset--spacing--x-small)\">Welke cookies gebruiken we en met welk doel?<\/h3>\n\n\n\n<p class=\"nc-justify-text\" style=\"margin-top:var(--wp--preset--spacing--xxx-small);margin-right:0;margin-bottom:var(--wp--preset--spacing--xxx-small);margin-left:0;padding-top:0;padding-right:0;padding-bottom:0;padding-left:0\">calcul-electrique.com gebruikt verschillende cookies:<\/p>\n\n\n\n<p class=\"nc-justify-text\" style=\"margin-top:var(--wp--preset--spacing--xxx-small);margin-right:0;margin-bottom:var(--wp--preset--spacing--xxx-small);margin-left:0;padding-top:0;padding-right:0;padding-bottom:0;padding-left:0\">Met <strong>technische of functionele cookies <\/strong>kunt u door de pagina&#8217;s van onze site navigeren.<\/p>\n\n\n\n<p class=\"nc-justify-text\" style=\"margin-top:var(--wp--preset--spacing--xxx-small);margin-right:0;margin-bottom:var(--wp--preset--spacing--xxx-small);margin-left:0;padding-top:0;padding-right:0;padding-bottom:0;padding-left:0\">Cookies die strikt noodzakelijk zijn voor de goede werking van de site zullen altijd actief zijn op uw terminal om het browsen mogelijk te maken.<\/p>\n\n\n\n<p class=\"nc-justify-text\" style=\"margin-top:var(--wp--preset--spacing--xxx-small);margin-right:0;margin-bottom:var(--wp--preset--spacing--xxx-small);margin-left:0;padding-top:0;padding-right:0;padding-bottom:0;padding-left:0\">Met behulp <strong>van publieksmeting of statistische cookies<\/strong> kan Trace Software International statistieken opstellen met betrekking tot de frequentie en het gebruik van zijn website door bijvoorbeeld het aantal bezoeken en de meest of minst bezochte pagina&#8217;s vast te stellen, door de navigatie van gebruikers te evalueren en door eventuele technische storingen te identificeren.<\/p>\n\n\n\n<p class=\"nc-justify-text\" style=\"margin-top:var(--wp--preset--spacing--xxx-small);margin-right:0;margin-bottom:var(--wp--preset--spacing--xxx-small);margin-left:0;padding-top:0;padding-right:0;padding-bottom:0;padding-left:0\"><strong>Marketing\/tracking cookies: <\/strong>worden gebruikt om bezoekers via websites te volgen. Het doel is om advertenties weer te geven die relevant en interessant zijn voor de gebruiker. <\/p>\n\n\n\n<p class=\"nc-justify-text\" style=\"margin-top:var(--wp--preset--spacing--xxx-small);margin-right:0;margin-bottom:var(--wp--preset--spacing--xxx-small);margin-left:0;padding-top:0;padding-right:0;padding-bottom:0;padding-left:0\"><strong>Overige cookies: <\/strong>cookies in deze categorie zijn nog niet gecategoriseerd en hun doel is op dit moment mogelijk nog niet bekend.<\/p>\n\n\n\n<h3 class=\"wp-block-heading\" style=\"margin-top:var(--wp--preset--spacing--x-small);margin-bottom:var(--wp--preset--spacing--x-small)\">Cookies uitgegeven door derden<\/h3>\n\n\n\n<p class=\"nc-justify-text\" style=\"margin-top:var(--wp--preset--spacing--xxx-small);margin-bottom:var(--wp--preset--spacing--xxx-small);padding-top:0;padding-right:0;padding-bottom:0;padding-left:0\">Onze site maakt gebruik van cookies van derden. Hieronder vindt u een lijst met de verschillende uitgevers van cookies: <\/p>\n\n\n\n<div class=\"wp-block-uagb-container uagb-block-3fe7d123 alignfull uagb-is-root-container\"><div class=\"uagb-container-inner-blocks-wrap\">\n<div class=\"wp-block-uagb-container uagb-block-b193a307\">\n<div class=\"wp-block-uagb-info-box uagb-block-3100fe88 uagb-infobox__content-wrap  uagb-infobox-icon-above-title uagb-infobox-image-valign-top\"><div class=\"uagb-ifb-content\"><div class=\"uagb-ifb-title-wrap\"><h3 class=\"uagb-ifb-title\">Zender<\/h3><\/div><p class=\"uagb-ifb-desc\"><br\/> <br\/> <br\/> <br\/>Google Analytics Google ReCAPTCHA Google Lettertypen Google Kaarten Youtube<\/p><\/div><\/div>\n<\/div>\n\n\n\n<div class=\"wp-block-uagb-container uagb-block-84eab0bb\">\n<div class=\"wp-block-uagb-info-box uagb-block-5a265a5e uagb-infobox__content-wrap  uagb-infobox-icon-above-title uagb-infobox-image-valign-top\"><div class=\"uagb-ifb-content\"><div class=\"uagb-ifb-title-wrap\"><h3 class=\"uagb-ifb-title\">Doel<\/h3><\/div><p class=\"uagb-ifb-desc\"><br\/><br\/><br\/><br\/>Statistieken Functionele Marketing Overige (Video)<\/p><\/div><\/div>\n<\/div>\n\n\n\n<div class=\"wp-block-uagb-container uagb-block-2e4a6b34\">\n<div class=\"wp-block-uagb-info-box uagb-block-42a2388a uagb-infobox__content-wrap  uagb-infobox-icon-above-title uagb-infobox-image-valign-top\"><div class=\"uagb-ifb-content\"><div class=\"uagb-ifb-title-wrap\"><h3 class=\"uagb-ifb-title\">Levensduur cookie<\/h3><\/div><p class=\"uagb-ifb-desc\"><br\/><br\/><br\/><br\/> 24 maanden 24 maanden 13 maanden 13 maanden<\/p><\/div><\/div>\n<\/div>\n<\/div><\/div>\n\n\n\n<h3 class=\"wp-block-heading\" style=\"margin-top:var(--wp--preset--spacing--x-small);margin-bottom:var(--wp--preset--spacing--x-small)\">Keuzes en procedures voor het accepteren of weigeren van cookies<\/h3>\n\n\n\n<p class=\"nc-justify-text\" style=\"margin-top:var(--wp--preset--spacing--xxx-small);margin-right:0;margin-bottom:var(--wp--preset--spacing--xxx-small);margin-left:0;padding-top:0;padding-right:0;padding-bottom:0;padding-left:0\">Met uitzondering van cookies die strikt noodzakelijk zijn voor de werking van de site, is voor het plaatsen van een cookie op uw terminal uw voorafgaande toestemming vereist.<\/p>\n\n\n\n<p class=\"nc-justify-text\" style=\"margin-top:var(--wp--preset--spacing--xxx-small);margin-right:0;margin-bottom:var(--wp--preset--spacing--xxx-small);margin-left:0;padding-top:0;padding-right:0;padding-bottom:0;padding-left:0\">Bij uw eerste bezoek aan onze site verschijnt onze tool voor cookie-instellingen op uw scherm om u te vragen uw keuze met betrekking tot cookies te accepteren, te weigeren of te configureren.<\/p>\n\n\n\n<p class=\"nc-justify-text\" style=\"margin-top:var(--wp--preset--spacing--xxx-small);margin-right:0;margin-bottom:var(--wp--preset--spacing--xxx-small);margin-left:0;padding-top:0;padding-right:0;padding-bottom:0;padding-left:0\">Nadat u deze keuze hebt gemaakt, hebt u nog verschillende manieren om uw Cookies te beheren en kunt u ervoor kiezen om ze op elk moment te deactiveren. U kunt met name uw keuzes met betrekking tot cookies configureren met behulp van onze cookieconfiguratietool, die u kunt openen door te klikken op de link &#8220;Toestemmingsbeheer&#8221; die onder aan elke pagina van de site wordt weergegeven. <\/p>\n\n\n\n<p class=\"nc-justify-text\" style=\"margin-top:var(--wp--preset--spacing--xxx-small);margin-right:0;margin-bottom:var(--wp--preset--spacing--small);margin-left:0;padding-top:0;padding-right:0;padding-bottom:0;padding-left:0\">U kunt uw keuzes met betrekking tot cookies ook configureren door naar <a href=\"http:\/\/www.youronlinechoices.eu\/\">http:\/\/www.youronlinechoices.eu\/ te gaan,<\/a> of door uw browser rechtstreeks te configureren via de onderstaande links:  <\/p>\n\n\n\n<div class=\"wp-block-uagb-icon-list uagb-block-2e240225\"><div class=\"uagb-icon-list__wrap\">\n<div class=\"wp-block-uagb-icon-list-child uagb-block-048515d3\"><span class=\"uagb-icon-list__source-wrap\"><svg xmlns=\"https:\/\/www.w3.org\/2000\/svg\" viewbox=\"0 0 512 512\"><path d=\"M256 0C114.6 0 0 114.6 0 256c0 141.4 114.6 256 256 256s256-114.6 256-256C512 114.6 397.4 0 256 0zM406.6 278.6l-103.1 103.1c-12.5 12.5-32.75 12.5-45.25 0s-12.5-32.75 0-45.25L306.8 288H128C110.3 288 96 273.7 96 256s14.31-32 32-32h178.8l-49.38-49.38c-12.5-12.5-12.5-32.75 0-45.25s32.75-12.5 45.25 0l103.1 103.1C414.6 241.3 416 251.1 416 256C416 260.9 414.6 270.7 406.6 278.6z\"><\/path><\/svg><\/span><span class=\"uagb-icon-list__label\">Safari<\/span><\/div>\n\n\n\n<div class=\"wp-block-uagb-icon-list-child uagb-block-d45f08f7\"><span class=\"uagb-icon-list__source-wrap\"><svg xmlns=\"https:\/\/www.w3.org\/2000\/svg\" viewbox=\"0 0 512 512\"><path d=\"M256 0C114.6 0 0 114.6 0 256c0 141.4 114.6 256 256 256s256-114.6 256-256C512 114.6 397.4 0 256 0zM406.6 278.6l-103.1 103.1c-12.5 12.5-32.75 12.5-45.25 0s-12.5-32.75 0-45.25L306.8 288H128C110.3 288 96 273.7 96 256s14.31-32 32-32h178.8l-49.38-49.38c-12.5-12.5-12.5-32.75 0-45.25s32.75-12.5 45.25 0l103.1 103.1C414.6 241.3 416 251.1 416 256C416 260.9 414.6 270.7 406.6 278.6z\"><\/path><\/svg><\/span><span class=\"uagb-icon-list__label\">Chroom<\/span><\/div>\n\n\n\n<div class=\"wp-block-uagb-icon-list-child uagb-block-eedfde9a\"><span class=\"uagb-icon-list__source-wrap\"><svg xmlns=\"https:\/\/www.w3.org\/2000\/svg\" viewbox=\"0 0 512 512\"><path d=\"M256 0C114.6 0 0 114.6 0 256c0 141.4 114.6 256 256 256s256-114.6 256-256C512 114.6 397.4 0 256 0zM406.6 278.6l-103.1 103.1c-12.5 12.5-32.75 12.5-45.25 0s-12.5-32.75 0-45.25L306.8 288H128C110.3 288 96 273.7 96 256s14.31-32 32-32h178.8l-49.38-49.38c-12.5-12.5-12.5-32.75 0-45.25s32.75-12.5 45.25 0l103.1 103.1C414.6 241.3 416 251.1 416 256C416 260.9 414.6 270.7 406.6 278.6z\"><\/path><\/svg><\/span><span class=\"uagb-icon-list__label\">Firefox<\/span><\/div>\n\n\n\n<div class=\"wp-block-uagb-icon-list-child uagb-block-982cfa51\"><span class=\"uagb-icon-list__source-wrap\"><svg xmlns=\"https:\/\/www.w3.org\/2000\/svg\" viewbox=\"0 0 512 512\"><path d=\"M256 0C114.6 0 0 114.6 0 256c0 141.4 114.6 256 256 256s256-114.6 256-256C512 114.6 397.4 0 256 0zM406.6 278.6l-103.1 103.1c-12.5 12.5-32.75 12.5-45.25 0s-12.5-32.75 0-45.25L306.8 288H128C110.3 288 96 273.7 96 256s14.31-32 32-32h178.8l-49.38-49.38c-12.5-12.5-12.5-32.75 0-45.25s32.75-12.5 45.25 0l103.1 103.1C414.6 241.3 416 251.1 416 256C416 260.9 414.6 270.7 406.6 278.6z\"><\/path><\/svg><\/span><span class=\"uagb-icon-list__label\">Edge \/ Internet Explorer<\/span><\/div>\n\n\n\n<div class=\"wp-block-uagb-icon-list-child uagb-block-6a79953b\"><span class=\"uagb-icon-list__source-wrap\"><svg xmlns=\"https:\/\/www.w3.org\/2000\/svg\" viewbox=\"0 0 512 512\"><path d=\"M256 0C114.6 0 0 114.6 0 256c0 141.4 114.6 256 256 256s256-114.6 256-256C512 114.6 397.4 0 256 0zM406.6 278.6l-103.1 103.1c-12.5 12.5-32.75 12.5-45.25 0s-12.5-32.75 0-45.25L306.8 288H128C110.3 288 96 273.7 96 256s14.31-32 32-32h178.8l-49.38-49.38c-12.5-12.5-12.5-32.75 0-45.25s32.75-12.5 45.25 0l103.1 103.1C414.6 241.3 416 251.1 416 256C416 260.9 414.6 270.7 406.6 278.6z\"><\/path><\/svg><\/span><span class=\"uagb-icon-list__label\">iOS<\/span><\/div>\n<\/div><\/div>\n\n\n\n<h3 class=\"wp-block-heading\" style=\"margin-top:var(--wp--preset--spacing--x-small);margin-bottom:var(--wp--preset--spacing--x-small)\">Vragen over het cookiebeleid.<\/h3>\n\n\n\n<p class=\"nc-justify-text\">Als u vragen hebt over dit beleid, kunt u per e-mail contact opnemen met Trace Software International via: sales@trace-software.com<\/p>\n\n\n\n<p><strong>Datum laatste bijwerking: <\/strong>08\/01\/2024<\/p>\n<\/div>\n","protected":false},"excerpt":{"rendered":"<p>Cookiebeleid Presentatie van een koekje Een cookie is een tekstbestand dat wordt opgeslagen in een speciale ruimte op de harde schijf van de terminal van een Gebruiker (computer, tablet, mobiele telefoon, enz.) wanneer hij een website raadpleegt of bepaalde functies ervan gebruikt. Ze worden gebruikt om uw terminal te identificeren en te herkennen, om pagina&#8217;s [&hellip;]<\/p>\n","protected":false},"author":10,"featured_media":0,"parent":0,"menu_order":0,"comment_status":"closed","ping_status":"closed","template":"","meta":{"_uag_custom_page_level_css":"","_swt_meta_header_display":false,"_swt_meta_footer_display":false,"_swt_meta_site_title_display":false,"_swt_meta_sticky_header":false,"_swt_meta_transparent_header":false,"footnotes":""},"class_list":["post-13612","page","type-page","status-publish","hentry"],"yoast_head":"<!-- This site is optimized with the Yoast SEO plugin v27.0 - https:\/\/yoast.com\/product\/yoast-seo-wordpress\/ -->\n<title>Cookiebeleid - Calcul \u00e9lectrique<\/title>\n<meta name=\"robots\" content=\"index, follow, max-snippet:-1, max-image-preview:large, max-video-preview:-1\" \/>\n<link rel=\"canonical\" href=\"https:\/\/calcul-electrique.com\/nl\/?page_id=13612\" \/>\n<meta property=\"og:locale\" content=\"nl_NL\" \/>\n<meta property=\"og:type\" content=\"article\" \/>\n<meta property=\"og:title\" content=\"Cookiebeleid - Calcul \u00e9lectrique\" \/>\n<meta property=\"og:description\" content=\"Cookiebeleid Presentatie van een koekje Een cookie is een tekstbestand dat wordt opgeslagen in een speciale ruimte op de harde schijf van de terminal van een Gebruiker (computer, tablet, mobiele telefoon, enz.) wanneer hij een website raadpleegt of bepaalde functies ervan gebruikt. Ze worden gebruikt om uw terminal te identificeren en te herkennen, om pagina&#8217;s [&hellip;]\" \/>\n<meta property=\"og:url\" content=\"https:\/\/calcul-electrique.com\/nl\/?page_id=13612\" \/>\n<meta property=\"og:site_name\" content=\"Calcul \u00e9lectrique\" \/>\n<meta property=\"article:modified_time\" content=\"2024-12-20T10:56:14+00:00\" \/>\n<meta property=\"og:image\" content=\"https:\/\/calcul-electrique.com\/wp-content\/uploads\/2024\/12\/Image-site.png\" \/>\n\t<meta property=\"og:image:width\" content=\"1200\" \/>\n\t<meta property=\"og:image:height\" content=\"675\" \/>\n\t<meta property=\"og:image:type\" content=\"image\/png\" \/>\n<meta name=\"twitter:card\" content=\"summary_large_image\" \/>\n<meta name=\"twitter:label1\" content=\"Geschatte leestijd\" \/>\n\t<meta name=\"twitter:data1\" content=\"3 minuten\" \/>\n<script type=\"application\/ld+json\" class=\"yoast-schema-graph\">{\"@context\":\"https:\/\/schema.org\",\"@graph\":[{\"@type\":\"WebPage\",\"@id\":\"https:\/\/calcul-electrique.com\/nl\/?page_id=13612\",\"url\":\"https:\/\/calcul-electrique.com\/nl\/?page_id=13612\",\"name\":\"Cookiebeleid - Calcul \u00e9lectrique\",\"isPartOf\":{\"@id\":\"https:\/\/calcul-electrique.com\/#website\"},\"datePublished\":\"2023-12-14T08:01:09+00:00\",\"dateModified\":\"2024-12-20T10:56:14+00:00\",\"breadcrumb\":{\"@id\":\"https:\/\/calcul-electrique.com\/nl\/?page_id=13612#breadcrumb\"},\"inLanguage\":\"nl-NL\",\"potentialAction\":[{\"@type\":\"ReadAction\",\"target\":[\"https:\/\/calcul-electrique.com\/nl\/?page_id=13612\"]}]},{\"@type\":\"BreadcrumbList\",\"@id\":\"https:\/\/calcul-electrique.com\/nl\/?page_id=13612#breadcrumb\",\"itemListElement\":[{\"@type\":\"ListItem\",\"position\":1,\"name\":\"Accueil\",\"item\":\"https:\/\/calcul-electrique.com\/nl\/\"},{\"@type\":\"ListItem\",\"position\":2,\"name\":\"Cookiebeleid\"}]},{\"@type\":\"WebSite\",\"@id\":\"https:\/\/calcul-electrique.com\/#website\",\"url\":\"https:\/\/calcul-electrique.com\/\",\"name\":\"Calcul \u00e9lectrique\",\"description\":\"Simplifiez vos projets \u00e9lectriques avec calcul \u00e9lectrique !\",\"publisher\":{\"@id\":\"https:\/\/calcul-electrique.com\/#organization\"},\"potentialAction\":[{\"@type\":\"SearchAction\",\"target\":{\"@type\":\"EntryPoint\",\"urlTemplate\":\"https:\/\/calcul-electrique.com\/?s={search_term_string}\"},\"query-input\":{\"@type\":\"PropertyValueSpecification\",\"valueRequired\":true,\"valueName\":\"search_term_string\"}}],\"inLanguage\":\"nl-NL\"},{\"@type\":\"Organization\",\"@id\":\"https:\/\/calcul-electrique.com\/#organization\",\"name\":\"Trace Software\",\"url\":\"https:\/\/calcul-electrique.com\/\",\"logo\":{\"@type\":\"ImageObject\",\"inLanguage\":\"nl-NL\",\"@id\":\"https:\/\/calcul-electrique.com\/#\/schema\/logo\/image\/\",\"url\":\"https:\/\/calcul-electrique.com\/wp-content\/uploads\/2024\/12\/Trace-software-2023.png\",\"contentUrl\":\"https:\/\/calcul-electrique.com\/wp-content\/uploads\/2024\/12\/Trace-software-2023.png\",\"width\":1900,\"height\":350,\"caption\":\"Trace Software\"},\"image\":{\"@id\":\"https:\/\/calcul-electrique.com\/#\/schema\/logo\/image\/\"},\"sameAs\":[\"https:\/\/www.linkedin.com\/company\/trace-software-international\/\"]}]}<\/script>\n<!-- \/ Yoast SEO plugin. -->","yoast_head_json":{"title":"Cookiebeleid - Calcul \u00e9lectrique","robots":{"index":"index","follow":"follow","max-snippet":"max-snippet:-1","max-image-preview":"max-image-preview:large","max-video-preview":"max-video-preview:-1"},"canonical":"https:\/\/calcul-electrique.com\/nl\/?page_id=13612","og_locale":"nl_NL","og_type":"article","og_title":"Cookiebeleid - Calcul \u00e9lectrique","og_description":"Cookiebeleid Presentatie van een koekje Een cookie is een tekstbestand dat wordt opgeslagen in een speciale ruimte op de harde schijf van de terminal van een Gebruiker (computer, tablet, mobiele telefoon, enz.) wanneer hij een website raadpleegt of bepaalde functies ervan gebruikt. Ze worden gebruikt om uw terminal te identificeren en te herkennen, om pagina&#8217;s [&hellip;]","og_url":"https:\/\/calcul-electrique.com\/nl\/?page_id=13612","og_site_name":"Calcul \u00e9lectrique","article_modified_time":"2024-12-20T10:56:14+00:00","og_image":[{"width":1200,"height":675,"url":"https:\/\/calcul-electrique.com\/wp-content\/uploads\/2024\/12\/Image-site.png","type":"image\/png"}],"twitter_card":"summary_large_image","twitter_misc":{"Geschatte leestijd":"3 minuten"},"schema":{"@context":"https:\/\/schema.org","@graph":[{"@type":"WebPage","@id":"https:\/\/calcul-electrique.com\/nl\/?page_id=13612","url":"https:\/\/calcul-electrique.com\/nl\/?page_id=13612","name":"Cookiebeleid - Calcul \u00e9lectrique","isPartOf":{"@id":"https:\/\/calcul-electrique.com\/#website"},"datePublished":"2023-12-14T08:01:09+00:00","dateModified":"2024-12-20T10:56:14+00:00","breadcrumb":{"@id":"https:\/\/calcul-electrique.com\/nl\/?page_id=13612#breadcrumb"},"inLanguage":"nl-NL","potentialAction":[{"@type":"ReadAction","target":["https:\/\/calcul-electrique.com\/nl\/?page_id=13612"]}]},{"@type":"BreadcrumbList","@id":"https:\/\/calcul-electrique.com\/nl\/?page_id=13612#breadcrumb","itemListElement":[{"@type":"ListItem","position":1,"name":"Accueil","item":"https:\/\/calcul-electrique.com\/nl\/"},{"@type":"ListItem","position":2,"name":"Cookiebeleid"}]},{"@type":"WebSite","@id":"https:\/\/calcul-electrique.com\/#website","url":"https:\/\/calcul-electrique.com\/","name":"Calcul \u00e9lectrique","description":"Simplifiez vos projets \u00e9lectriques avec calcul \u00e9lectrique !","publisher":{"@id":"https:\/\/calcul-electrique.com\/#organization"},"potentialAction":[{"@type":"SearchAction","target":{"@type":"EntryPoint","urlTemplate":"https:\/\/calcul-electrique.com\/?s={search_term_string}"},"query-input":{"@type":"PropertyValueSpecification","valueRequired":true,"valueName":"search_term_string"}}],"inLanguage":"nl-NL"},{"@type":"Organization","@id":"https:\/\/calcul-electrique.com\/#organization","name":"Trace Software","url":"https:\/\/calcul-electrique.com\/","logo":{"@type":"ImageObject","inLanguage":"nl-NL","@id":"https:\/\/calcul-electrique.com\/#\/schema\/logo\/image\/","url":"https:\/\/calcul-electrique.com\/wp-content\/uploads\/2024\/12\/Trace-software-2023.png","contentUrl":"https:\/\/calcul-electrique.com\/wp-content\/uploads\/2024\/12\/Trace-software-2023.png","width":1900,"height":350,"caption":"Trace Software"},"image":{"@id":"https:\/\/calcul-electrique.com\/#\/schema\/logo\/image\/"},"sameAs":["https:\/\/www.linkedin.com\/company\/trace-software-international\/"]}]}},"uagb_featured_image_src":{"full":false,"thumbnail":false,"medium":false,"medium_large":false,"large":false,"1536x1536":false,"2048x2048":false},"uagb_author_info":{"display_name":"Max Farez","author_link":"https:\/\/calcul-electrique.com\/nl\/author\/mfarez\/"},"uagb_comment_info":0,"uagb_excerpt":"Cookiebeleid Presentatie van een koekje Een cookie is een tekstbestand dat wordt opgeslagen in een speciale ruimte op de harde schijf van de terminal van een Gebruiker (computer, tablet, mobiele telefoon, enz.) wanneer hij een website raadpleegt of bepaalde functies ervan gebruikt. Ze worden gebruikt om uw terminal te identificeren en te herkennen, om pagina&#8217;s&hellip;","_links":{"self":[{"href":"https:\/\/calcul-electrique.com\/nl\/wp-json\/wp\/v2\/pages\/13612","targetHints":{"allow":["GET"]}}],"collection":[{"href":"https:\/\/calcul-electrique.com\/nl\/wp-json\/wp\/v2\/pages"}],"about":[{"href":"https:\/\/calcul-electrique.com\/nl\/wp-json\/wp\/v2\/types\/page"}],"author":[{"embeddable":true,"href":"https:\/\/calcul-electrique.com\/nl\/wp-json\/wp\/v2\/users\/10"}],"replies":[{"embeddable":true,"href":"https:\/\/calcul-electrique.com\/nl\/wp-json\/wp\/v2\/comments?post=13612"}],"version-history":[{"count":2,"href":"https:\/\/calcul-electrique.com\/nl\/wp-json\/wp\/v2\/pages\/13612\/revisions"}],"predecessor-version":[{"id":13614,"href":"https:\/\/calcul-electrique.com\/nl\/wp-json\/wp\/v2\/pages\/13612\/revisions\/13614"}],"wp:attachment":[{"href":"https:\/\/calcul-electrique.com\/nl\/wp-json\/wp\/v2\/media?parent=13612"}],"curies":[{"name":"wp","href":"https:\/\/api.w.org\/{rel}","templated":true}]}}