{"id":13573,"date":"2024-01-16T14:06:56","date_gmt":"2024-01-16T13:06:56","guid":{"rendered":"https:\/\/calcul-electrique.com\/artikelen\/faq-elec-calc\/"},"modified":"2025-01-10T14:00:31","modified_gmt":"2025-01-10T13:00:31","slug":"faq-elec-calc","status":"publish","type":"page","link":"https:\/\/calcul-electrique.com\/nl\/artikelen\/faq-elec-calc\/","title":{"rendered":"FAQ elec calc\u2122"},"content":{"rendered":"\n<div class=\"wp-block-uagb-container uagb-block-738bdace alignfull uagb-is-root-container\">\n<div class=\"wp-block-uagb-container uagb-block-3e05db6d alignfull uagb-is-root-container\"><div class=\"uagb-container-inner-blocks-wrap\">\n<div class=\"wp-block-uagb-container uagb-block-213f2508\">\n<div class=\"wp-block-uagb-container uagb-block-71f7a95e\">\n<hr class=\"wp-block-separator has-alpha-channel-opacity\"\/>\n<\/div>\n\n\n\n<div class=\"wp-block-uagb-advanced-heading uagb-block-374e85e2\"><h2 class=\"uagb-heading-text\">Berekening<\/h2><\/div>\n\n\n\n<div class=\"wp-block-uagb-container uagb-block-75953bdd\">\n<hr class=\"wp-block-separator has-alpha-channel-opacity\"\/>\n<\/div>\n<\/div>\n\n\n\n<div class=\"wp-block-uagb-advanced-heading uagb-block-262a4aab\"><h5 class=\"uagb-heading-text\">Duik in onze innovatieve artikelen over elektrische berekeningen en dimensionering met elec calc.<\/h5><\/div>\n\n\n\n\t\t\t<div class=\"wp-block-uagb-post-carousel uagb-post-grid  uagb-post__image-position-top uagb-post__image-disabled uagb-block-c6a3c905     uagb-post__arrow-outside uagb-post__items uagb-post__columns-3 is-carousel uagb-post__columns-tablet-2 uagb-post__columns-mobile-1 uagb-post__carousel_equal-height\" data-total=\"1\" style=\"\">\n\n\t\t\t\t\t\t\t\t\t\t\t\t<article class=\"uagb-post__inner-wrap\">\t\t\t\t\t\t\t\t<h5 class=\"uagb-post__title uagb-post__text\">\n\t\t\t\t<a href=\"https:\/\/calcul-electrique.com\/nl\/faq-elec-calc-nl\/te-veel-thermische-spanning-op-de-fasegeleider\/\" target=\"_self\" rel=\"bookmark noopener noreferrer\">Te veel thermische spanning op de fasegeleider<\/a>\n\t\t\t<\/h5>\n\t\t\t\t\t\t<div class='uagb-post__text uagb-post-grid-byline'>\n\t\t\t\t\t\t\t<\/div>\n\t\t\t\t\t\t\t<div class='uagb-post__text uagb-post__excerpt'>\n\t\t\t\t\t<p>Artikel 434.5.2 van de norm NF C 15-100 : De onderbrekingstijd van een stroom&#8230;\t\t\t\t<\/div>\n\t\t\t\t\t\t<div class=\"uagb-post__text uagb-post__cta wp-block-button\">\n\t\t\t\t<a class=\"wp-block-button__link uagb-text-link\" style=\"\" href=\"https:\/\/calcul-electrique.com\/nl\/faq-elec-calc-nl\/te-veel-thermische-spanning-op-de-fasegeleider\/\" target=\"_self\" rel=\"bookmark noopener noreferrer\">Lees meer<\/a>\n\t\t\t<\/div>\n\t\t\t\n\t\t\t\t\t\t\t\t\t<\/article>\n\t\t\t\t\t\t\t\t\t\t\t<\/div>\n\t\t\t<\/div><\/div>\n\n\n\n<div class=\"wp-block-uagb-container uagb-block-f922a270 alignfull uagb-is-root-container\"><div class=\"uagb-container-inner-blocks-wrap\">\n<div class=\"wp-block-uagb-container uagb-block-a0f3bb17\">\n<div class=\"wp-block-uagb-container uagb-block-659cc7df\">\n<hr class=\"wp-block-separator has-alpha-channel-opacity\"\/>\n<\/div>\n\n\n\n<div class=\"wp-block-uagb-advanced-heading uagb-block-27367ac9\"><h2 class=\"uagb-heading-text\">Installatie<\/h2><\/div>\n\n\n\n<div class=\"wp-block-uagb-container uagb-block-cb8ef87b\">\n<hr class=\"wp-block-separator has-alpha-channel-opacity\"\/>\n<\/div>\n<\/div>\n\n\n\n<div class=\"wp-block-uagb-advanced-heading uagb-block-2f43bde0\"><h5 class=\"uagb-heading-text\">Ontdek onze artikelen en gidsen voor het effici\u00ebnt installeren van elektrische calc. Krijg praktisch advies voor een zorgeloze opstart en gebruik. <\/h5><\/div>\n\n\n\n\t\t\t<div class=\"wp-block-uagb-post-carousel uagb-post-grid  uagb-post__image-position-top uagb-post__image-disabled uagb-block-30c1584c     uagb-post__arrow-outside uagb-slick-carousel uagb-post__items uagb-post__columns-3 is-carousel uagb-post__columns-tablet-2 uagb-post__columns-mobile-1 uagb-post__carousel_equal-height\" data-total=\"1\" style=\"\">\n\n\t\t\t\t\t\t\t\t\t\t\t\t<article class=\"uagb-post__inner-wrap\">\t\t\t\t\t\t\t\t<h5 class=\"uagb-post__title uagb-post__text\">\n\t\t\t\t<a href=\"https:\/\/calcul-electrique.com\/nl\/faq-elec-calc-nl\/hoe-activeer-ik-mijn-licentie-via-e-mail\/\" target=\"_self\" rel=\"bookmark noopener noreferrer\">Hoe activeer ik mijn licentie via e-mail?<\/a>\n\t\t\t<\/h5>\n\t\t\t\t\t\t<div class='uagb-post__text uagb-post-grid-byline'>\n\t\t\t\t\t\t\t<\/div>\n\t\t\t\t\t\t\t<div class='uagb-post__text uagb-post__excerpt'>\n\t\t\t\t\t<p>In de meeste gevallen kunt u met de elec calc\u2122 licentiebeheerder de licentie direct&#8230;\t\t\t\t<\/div>\n\t\t\t\t\t\t<div class=\"uagb-post__text uagb-post__cta wp-block-button\">\n\t\t\t\t<a class=\"wp-block-button__link uagb-text-link\" style=\"\" href=\"https:\/\/calcul-electrique.com\/nl\/faq-elec-calc-nl\/hoe-activeer-ik-mijn-licentie-via-e-mail\/\" target=\"_self\" rel=\"bookmark noopener noreferrer\">Lees meer<\/a>\n\t\t\t<\/div>\n\t\t\t\n\t\t\t\t\t\t\t\t\t<\/article>\n\t\t\t\t\t\t\t\t\t\t\t\t\t\t\t\t<article class=\"uagb-post__inner-wrap\">\t\t\t\t\t\t\t\t<h5 class=\"uagb-post__title uagb-post__text\">\n\t\t\t\t<a href=\"https:\/\/calcul-electrique.com\/nl\/faq-elec-calc-nl\/activeer-je-licentie-voor-elec-calc-opnieuw\/\" target=\"_self\" rel=\"bookmark noopener noreferrer\">Activeer je licentie voor elec calc opnieuw<\/a>\n\t\t\t<\/h5>\n\t\t\t\t\t\t<div class='uagb-post__text uagb-post-grid-byline'>\n\t\t\t\t\t\t\t<\/div>\n\t\t\t\t\t\t\t<div class='uagb-post__text uagb-post__excerpt'>\n\t\t\t\t\t<p>Activering van een licentie is 365 dagen geldig, of 60 dagen wanneer de licentie&#8230;\t\t\t\t<\/div>\n\t\t\t\t\t\t<div class=\"uagb-post__text uagb-post__cta wp-block-button\">\n\t\t\t\t<a class=\"wp-block-button__link uagb-text-link\" style=\"\" href=\"https:\/\/calcul-electrique.com\/nl\/faq-elec-calc-nl\/activeer-je-licentie-voor-elec-calc-opnieuw\/\" target=\"_self\" rel=\"bookmark noopener noreferrer\">Lees meer<\/a>\n\t\t\t<\/div>\n\t\t\t\n\t\t\t\t\t\t\t\t\t<\/article>\n\t\t\t\t\t\t\t\t\t\t\t\t\t\t\t\t<article class=\"uagb-post__inner-wrap\">\t\t\t\t\t\t\t\t<h5 class=\"uagb-post__title uagb-post__text\">\n\t\t\t\t<a href=\"https:\/\/calcul-electrique.com\/nl\/faq-elec-calc-nl\/bescherming-inactief\/\" target=\"_self\" rel=\"bookmark noopener noreferrer\">Bescherming inactief<\/a>\n\t\t\t<\/h5>\n\t\t\t\t\t\t<div class='uagb-post__text uagb-post-grid-byline'>\n\t\t\t\t\t\t\t<\/div>\n\t\t\t\t\t\t\t<div class='uagb-post__text uagb-post__excerpt'>\n\t\t\t\t\t<p>Dit bericht geeft aan dat je licentie niet actief is. Controleer in Licentiebeheer (op&#8230;\t\t\t\t<\/div>\n\t\t\t\t\t\t<div class=\"uagb-post__text uagb-post__cta wp-block-button\">\n\t\t\t\t<a class=\"wp-block-button__link uagb-text-link\" style=\"\" href=\"https:\/\/calcul-electrique.com\/nl\/faq-elec-calc-nl\/bescherming-inactief\/\" target=\"_self\" rel=\"bookmark noopener noreferrer\">Lees meer<\/a>\n\t\t\t<\/div>\n\t\t\t\n\t\t\t\t\t\t\t\t\t<\/article>\n\t\t\t\t\t\t\t\t\t\t\t\t\t\t\t\t<article class=\"uagb-post__inner-wrap\">\t\t\t\t\t\t\t\t<h5 class=\"uagb-post__title uagb-post__text\">\n\t\t\t\t<a href=\"https:\/\/calcul-electrique.com\/nl\/faq-elec-calc-nl\/de-ist-service-werkt-niet-meer-of-is-niet-toegankelijk\/\" target=\"_self\" rel=\"bookmark noopener noreferrer\">De IST-service werkt niet meer of is niet toegankelijk&#8230;<\/a>\n\t\t\t<\/h5>\n\t\t\t\t\t\t<div class='uagb-post__text uagb-post-grid-byline'>\n\t\t\t\t\t\t\t<\/div>\n\t\t\t\t\t\t\t<div class='uagb-post__text uagb-post__excerpt'>\n\t\t\t\t\t<p>Dit bericht geeft aan dat er een probleem is met de configuratie van je&#8230;\t\t\t\t<\/div>\n\t\t\t\t\t\t<div class=\"uagb-post__text uagb-post__cta wp-block-button\">\n\t\t\t\t<a class=\"wp-block-button__link uagb-text-link\" style=\"\" href=\"https:\/\/calcul-electrique.com\/nl\/faq-elec-calc-nl\/de-ist-service-werkt-niet-meer-of-is-niet-toegankelijk\/\" target=\"_self\" rel=\"bookmark noopener noreferrer\">Lees meer<\/a>\n\t\t\t<\/div>\n\t\t\t\n\t\t\t\t\t\t\t\t\t<\/article>\n\t\t\t\t\t\t\t\t\t\t\t<\/div>\n\t\t\t<\/div><\/div>\n\n\n\n<div class=\"wp-block-uagb-container uagb-block-a0bc031b alignfull uagb-is-root-container\"><div class=\"uagb-container-inner-blocks-wrap\">\n<div class=\"wp-block-uagb-container uagb-block-06e9bf94\">\n<div class=\"wp-block-uagb-container uagb-block-e22749a5\">\n<hr class=\"wp-block-separator has-alpha-channel-opacity\"\/>\n<\/div>\n\n\n\n<div class=\"wp-block-uagb-advanced-heading uagb-block-280f40ee\"><h2 class=\"uagb-heading-text\">Interface<\/h2><\/div>\n\n\n\n<div class=\"wp-block-uagb-container uagb-block-1a559e99\">\n<hr class=\"wp-block-separator has-alpha-channel-opacity\"\/>\n<\/div>\n<\/div>\n\n\n\n<div class=\"wp-block-uagb-advanced-heading uagb-block-4328eadd\"><h5 class=\"uagb-heading-text\">Bekijk onze gedetailleerde artikelen over de elec calc interface om de functies optimaal te beheersen en je dagelijkse effici\u00ebntie te verbeteren.<\/h5><\/div>\n\n\n\n\t\t\t<div class=\"wp-block-uagb-post-carousel uagb-post-grid  uagb-post__image-position-top uagb-post__image-disabled uagb-block-d2d31c7b     uagb-post__arrow-outside uagb-post__items uagb-post__columns-3 is-carousel uagb-post__columns-tablet-2 uagb-post__columns-mobile-1 uagb-post__carousel_equal-height\" data-total=\"1\" style=\"\">\n\n\t\t\t\t\t\t\t\t\t\t\t\t<article class=\"uagb-post__inner-wrap\">\t\t\t\t\t\t\t\t<h5 class=\"uagb-post__title uagb-post__text\">\n\t\t\t\t<a href=\"https:\/\/calcul-electrique.com\/nl\/faq-elec-calc-nl\/doorgaan-met-een-treindienstleider-op-een-ander-tabblad\/\" target=\"_self\" rel=\"bookmark noopener noreferrer\">Doorgaan met een treindienstleider op een ander tabblad<\/a>\n\t\t\t<\/h5>\n\t\t\t\t\t\t<div class='uagb-post__text uagb-post-grid-byline'>\n\t\t\t\t\t\t\t<\/div>\n\t\t\t\t\t\t\t<div class='uagb-post__text uagb-post__excerpt'>\n\t\t\t\t\t<p>Je kunt achtergronden op je mimic-diagram gebruiken om je verschillende tabellen op meerdere tabbladen&#8230;\t\t\t\t<\/div>\n\t\t\t\t\t\t<div class=\"uagb-post__text uagb-post__cta wp-block-button\">\n\t\t\t\t<a class=\"wp-block-button__link uagb-text-link\" style=\"\" href=\"https:\/\/calcul-electrique.com\/nl\/faq-elec-calc-nl\/doorgaan-met-een-treindienstleider-op-een-ander-tabblad\/\" target=\"_self\" rel=\"bookmark noopener noreferrer\">Lees meer<\/a>\n\t\t\t<\/div>\n\t\t\t\n\t\t\t\t\t\t\t\t\t<\/article>\n\t\t\t\t\t\t\t\t\t\t\t<\/div>\n\t\t\t<\/div><\/div>\n\n\n\n<div class=\"wp-block-uagb-container uagb-block-83301d67 alignfull uagb-is-root-container\"><div class=\"uagb-container-inner-blocks-wrap\">\n<div class=\"wp-block-uagb-container uagb-block-2c2b06f5\">\n<div class=\"wp-block-uagb-container uagb-block-d3a85bcb\">\n<hr class=\"wp-block-separator has-alpha-channel-opacity\"\/>\n<\/div>\n\n\n\n<div class=\"wp-block-uagb-advanced-heading uagb-block-8c1aee7e\"><h2 class=\"uagb-heading-text\">Referenties<\/h2><\/div>\n\n\n\n<div class=\"wp-block-uagb-container uagb-block-f6b6c1b8\">\n<hr class=\"wp-block-separator has-alpha-channel-opacity\"\/>\n<\/div>\n<\/div>\n\n\n\n<div class=\"wp-block-uagb-advanced-heading uagb-block-7e6492af\"><h5 class=\"uagb-heading-text\">Raadpleeg onze artikelen over referenties van fabrikanten in de elec calc catalogus om u te helpen selectieproblemen op te lossen en de conformiteit van uw installaties te garanderen.<\/h5><\/div>\n\n\n\n\t\t\t<div class=\"wp-block-uagb-post-carousel uagb-post-grid  uagb-post__image-position-top uagb-post__image-disabled uagb-block-eb780197     uagb-post__arrow-outside uagb-post__items uagb-post__columns-3 is-carousel uagb-post__columns-tablet-2 uagb-post__columns-mobile-1 uagb-post__carousel_equal-height\" data-total=\"0\" style=\"\">\n\n\t\t\t\t\t\t\t\t\t<p class=\"uagb-post__no-posts\">\n\t\t\t\t\t\tNo post found!\t\t\t\t\t<\/p>\n\t\t\t\t\t\t\t\t<\/div>\n\t\t\t<\/div><\/div>\n<\/div>\n","protected":false},"excerpt":{"rendered":"<p>Berekening Duik in onze innovatieve artikelen over elektrische berekeningen en dimensionering met elec calc. Installatie Ontdek onze artikelen en gidsen voor het effici\u00ebnt installeren van elektrische calc. Krijg praktisch advies voor een zorgeloze opstart en gebruik. Interface Bekijk onze gedetailleerde artikelen over de elec calc interface om de functies optimaal te beheersen en je dagelijkse [&hellip;]<\/p>\n","protected":false},"author":10,"featured_media":0,"parent":13554,"menu_order":1,"comment_status":"closed","ping_status":"closed","template":"","meta":{"_uag_custom_page_level_css":"","_swt_meta_header_display":false,"_swt_meta_footer_display":false,"_swt_meta_site_title_display":false,"_swt_meta_sticky_header":false,"_swt_meta_transparent_header":false,"footnotes":""},"class_list":["post-13573","page","type-page","status-publish","hentry"],"yoast_head":"<!-- This site is optimized with the Yoast SEO plugin v27.0 - https:\/\/yoast.com\/product\/yoast-seo-wordpress\/ -->\n<title>FAQ elec calc\u2122 - Calcul \u00e9lectrique<\/title>\n<meta name=\"robots\" content=\"index, follow, max-snippet:-1, max-image-preview:large, max-video-preview:-1\" \/>\n<link rel=\"canonical\" href=\"https:\/\/calcul-electrique.com\/nl\/artikelen\/faq-elec-calc\/\" \/>\n<meta property=\"og:locale\" content=\"nl_NL\" \/>\n<meta property=\"og:type\" content=\"article\" \/>\n<meta property=\"og:title\" content=\"FAQ elec calc\u2122 - Calcul \u00e9lectrique\" \/>\n<meta property=\"og:description\" content=\"Berekening Duik in onze innovatieve artikelen over elektrische berekeningen en dimensionering met elec calc. Installatie Ontdek onze artikelen en gidsen voor het effici\u00ebnt installeren van elektrische calc. Krijg praktisch advies voor een zorgeloze opstart en gebruik. Interface Bekijk onze gedetailleerde artikelen over de elec calc interface om de functies optimaal te beheersen en je dagelijkse [&hellip;]\" \/>\n<meta property=\"og:url\" content=\"https:\/\/calcul-electrique.com\/nl\/artikelen\/faq-elec-calc\/\" \/>\n<meta property=\"og:site_name\" content=\"Calcul \u00e9lectrique\" \/>\n<meta property=\"article:modified_time\" content=\"2025-01-10T13:00:31+00:00\" \/>\n<meta property=\"og:image\" content=\"https:\/\/calcul-electrique.com\/wp-content\/uploads\/2024\/12\/Image-site.png\" \/>\n\t<meta property=\"og:image:width\" content=\"1200\" \/>\n\t<meta property=\"og:image:height\" content=\"675\" \/>\n\t<meta property=\"og:image:type\" content=\"image\/png\" \/>\n<meta name=\"twitter:card\" content=\"summary_large_image\" \/>\n<script type=\"application\/ld+json\" class=\"yoast-schema-graph\">{\"@context\":\"https:\/\/schema.org\",\"@graph\":[{\"@type\":\"WebPage\",\"@id\":\"https:\/\/calcul-electrique.com\/nl\/artikelen\/faq-elec-calc\/\",\"url\":\"https:\/\/calcul-electrique.com\/nl\/artikelen\/faq-elec-calc\/\",\"name\":\"FAQ elec calc\u2122 - Calcul \u00e9lectrique\",\"isPartOf\":{\"@id\":\"https:\/\/calcul-electrique.com\/#website\"},\"datePublished\":\"2024-01-16T13:06:56+00:00\",\"dateModified\":\"2025-01-10T13:00:31+00:00\",\"breadcrumb\":{\"@id\":\"https:\/\/calcul-electrique.com\/nl\/artikelen\/faq-elec-calc\/#breadcrumb\"},\"inLanguage\":\"nl-NL\",\"potentialAction\":[{\"@type\":\"ReadAction\",\"target\":[\"https:\/\/calcul-electrique.com\/nl\/artikelen\/faq-elec-calc\/\"]}]},{\"@type\":\"BreadcrumbList\",\"@id\":\"https:\/\/calcul-electrique.com\/nl\/artikelen\/faq-elec-calc\/#breadcrumb\",\"itemListElement\":[{\"@type\":\"ListItem\",\"position\":1,\"name\":\"Accueil\",\"item\":\"https:\/\/calcul-electrique.com\/nl\/\"},{\"@type\":\"ListItem\",\"position\":2,\"name\":\"Artikelen\",\"item\":\"https:\/\/calcul-electrique.com\/nl\/artikelen\/\"},{\"@type\":\"ListItem\",\"position\":3,\"name\":\"FAQ elec calc\u2122\"}]},{\"@type\":\"WebSite\",\"@id\":\"https:\/\/calcul-electrique.com\/#website\",\"url\":\"https:\/\/calcul-electrique.com\/\",\"name\":\"Calcul \u00e9lectrique\",\"description\":\"Simplifiez vos projets \u00e9lectriques avec calcul \u00e9lectrique !\",\"publisher\":{\"@id\":\"https:\/\/calcul-electrique.com\/#organization\"},\"potentialAction\":[{\"@type\":\"SearchAction\",\"target\":{\"@type\":\"EntryPoint\",\"urlTemplate\":\"https:\/\/calcul-electrique.com\/?s={search_term_string}\"},\"query-input\":{\"@type\":\"PropertyValueSpecification\",\"valueRequired\":true,\"valueName\":\"search_term_string\"}}],\"inLanguage\":\"nl-NL\"},{\"@type\":\"Organization\",\"@id\":\"https:\/\/calcul-electrique.com\/#organization\",\"name\":\"Trace Software\",\"url\":\"https:\/\/calcul-electrique.com\/\",\"logo\":{\"@type\":\"ImageObject\",\"inLanguage\":\"nl-NL\",\"@id\":\"https:\/\/calcul-electrique.com\/#\/schema\/logo\/image\/\",\"url\":\"https:\/\/calcul-electrique.com\/wp-content\/uploads\/2024\/12\/Trace-software-2023.png\",\"contentUrl\":\"https:\/\/calcul-electrique.com\/wp-content\/uploads\/2024\/12\/Trace-software-2023.png\",\"width\":1900,\"height\":350,\"caption\":\"Trace Software\"},\"image\":{\"@id\":\"https:\/\/calcul-electrique.com\/#\/schema\/logo\/image\/\"},\"sameAs\":[\"https:\/\/www.linkedin.com\/company\/trace-software-international\/\"]}]}<\/script>\n<!-- \/ Yoast SEO plugin. -->","yoast_head_json":{"title":"FAQ elec calc\u2122 - Calcul \u00e9lectrique","robots":{"index":"index","follow":"follow","max-snippet":"max-snippet:-1","max-image-preview":"max-image-preview:large","max-video-preview":"max-video-preview:-1"},"canonical":"https:\/\/calcul-electrique.com\/nl\/artikelen\/faq-elec-calc\/","og_locale":"nl_NL","og_type":"article","og_title":"FAQ elec calc\u2122 - Calcul \u00e9lectrique","og_description":"Berekening Duik in onze innovatieve artikelen over elektrische berekeningen en dimensionering met elec calc. Installatie Ontdek onze artikelen en gidsen voor het effici\u00ebnt installeren van elektrische calc. Krijg praktisch advies voor een zorgeloze opstart en gebruik. Interface Bekijk onze gedetailleerde artikelen over de elec calc interface om de functies optimaal te beheersen en je dagelijkse [&hellip;]","og_url":"https:\/\/calcul-electrique.com\/nl\/artikelen\/faq-elec-calc\/","og_site_name":"Calcul \u00e9lectrique","article_modified_time":"2025-01-10T13:00:31+00:00","og_image":[{"width":1200,"height":675,"url":"https:\/\/calcul-electrique.com\/wp-content\/uploads\/2024\/12\/Image-site.png","type":"image\/png"}],"twitter_card":"summary_large_image","schema":{"@context":"https:\/\/schema.org","@graph":[{"@type":"WebPage","@id":"https:\/\/calcul-electrique.com\/nl\/artikelen\/faq-elec-calc\/","url":"https:\/\/calcul-electrique.com\/nl\/artikelen\/faq-elec-calc\/","name":"FAQ elec calc\u2122 - Calcul \u00e9lectrique","isPartOf":{"@id":"https:\/\/calcul-electrique.com\/#website"},"datePublished":"2024-01-16T13:06:56+00:00","dateModified":"2025-01-10T13:00:31+00:00","breadcrumb":{"@id":"https:\/\/calcul-electrique.com\/nl\/artikelen\/faq-elec-calc\/#breadcrumb"},"inLanguage":"nl-NL","potentialAction":[{"@type":"ReadAction","target":["https:\/\/calcul-electrique.com\/nl\/artikelen\/faq-elec-calc\/"]}]},{"@type":"BreadcrumbList","@id":"https:\/\/calcul-electrique.com\/nl\/artikelen\/faq-elec-calc\/#breadcrumb","itemListElement":[{"@type":"ListItem","position":1,"name":"Accueil","item":"https:\/\/calcul-electrique.com\/nl\/"},{"@type":"ListItem","position":2,"name":"Artikelen","item":"https:\/\/calcul-electrique.com\/nl\/artikelen\/"},{"@type":"ListItem","position":3,"name":"FAQ elec calc\u2122"}]},{"@type":"WebSite","@id":"https:\/\/calcul-electrique.com\/#website","url":"https:\/\/calcul-electrique.com\/","name":"Calcul \u00e9lectrique","description":"Simplifiez vos projets \u00e9lectriques avec calcul \u00e9lectrique !","publisher":{"@id":"https:\/\/calcul-electrique.com\/#organization"},"potentialAction":[{"@type":"SearchAction","target":{"@type":"EntryPoint","urlTemplate":"https:\/\/calcul-electrique.com\/?s={search_term_string}"},"query-input":{"@type":"PropertyValueSpecification","valueRequired":true,"valueName":"search_term_string"}}],"inLanguage":"nl-NL"},{"@type":"Organization","@id":"https:\/\/calcul-electrique.com\/#organization","name":"Trace Software","url":"https:\/\/calcul-electrique.com\/","logo":{"@type":"ImageObject","inLanguage":"nl-NL","@id":"https:\/\/calcul-electrique.com\/#\/schema\/logo\/image\/","url":"https:\/\/calcul-electrique.com\/wp-content\/uploads\/2024\/12\/Trace-software-2023.png","contentUrl":"https:\/\/calcul-electrique.com\/wp-content\/uploads\/2024\/12\/Trace-software-2023.png","width":1900,"height":350,"caption":"Trace Software"},"image":{"@id":"https:\/\/calcul-electrique.com\/#\/schema\/logo\/image\/"},"sameAs":["https:\/\/www.linkedin.com\/company\/trace-software-international\/"]}]}},"uagb_featured_image_src":{"full":false,"thumbnail":false,"medium":false,"medium_large":false,"large":false,"1536x1536":false,"2048x2048":false},"uagb_author_info":{"display_name":"Max Farez","author_link":"https:\/\/calcul-electrique.com\/nl\/author\/mfarez\/"},"uagb_comment_info":0,"uagb_excerpt":"Berekening Duik in onze innovatieve artikelen over elektrische berekeningen en dimensionering met elec calc. Installatie Ontdek onze artikelen en gidsen voor het effici\u00ebnt installeren van elektrische calc. Krijg praktisch advies voor een zorgeloze opstart en gebruik. Interface Bekijk onze gedetailleerde artikelen over de elec calc interface om de functies optimaal te beheersen en je dagelijkse&hellip;","_links":{"self":[{"href":"https:\/\/calcul-electrique.com\/nl\/wp-json\/wp\/v2\/pages\/13573","targetHints":{"allow":["GET"]}}],"collection":[{"href":"https:\/\/calcul-electrique.com\/nl\/wp-json\/wp\/v2\/pages"}],"about":[{"href":"https:\/\/calcul-electrique.com\/nl\/wp-json\/wp\/v2\/types\/page"}],"author":[{"embeddable":true,"href":"https:\/\/calcul-electrique.com\/nl\/wp-json\/wp\/v2\/users\/10"}],"replies":[{"embeddable":true,"href":"https:\/\/calcul-electrique.com\/nl\/wp-json\/wp\/v2\/comments?post=13573"}],"version-history":[{"count":3,"href":"https:\/\/calcul-electrique.com\/nl\/wp-json\/wp\/v2\/pages\/13573\/revisions"}],"predecessor-version":[{"id":14174,"href":"https:\/\/calcul-electrique.com\/nl\/wp-json\/wp\/v2\/pages\/13573\/revisions\/14174"}],"up":[{"embeddable":true,"href":"https:\/\/calcul-electrique.com\/nl\/wp-json\/wp\/v2\/pages\/13554"}],"wp:attachment":[{"href":"https:\/\/calcul-electrique.com\/nl\/wp-json\/wp\/v2\/media?parent=13573"}],"curies":[{"name":"wp","href":"https:\/\/api.w.org\/{rel}","templated":true}]}}