{"id":13603,"date":"2023-08-09T08:51:45","date_gmt":"2023-08-09T06:51:45","guid":{"rendered":"https:\/\/calcul-electrique.com\/articulos\/"},"modified":"2024-12-23T09:14:24","modified_gmt":"2024-12-23T08:14:24","slug":"articulos","status":"publish","type":"page","link":"https:\/\/calcul-electrique.com\/es\/articulos\/","title":{"rendered":"Art\u00edculos"},"content":{"rendered":"\n<div class=\"wp-block-uagb-container uagb-block-421cb8a3 alignfull uagb-is-root-container\"><div class=\"uagb-container-inner-blocks-wrap\">\n<div class=\"wp-block-uagb-container uagb-block-806d6b29 alignfull uagb-is-root-container\"><div class=\"uagb-container-inner-blocks-wrap\">\n<div class=\"wp-block-uagb-container uagb-block-6e5107ac alignwide uagb-is-root-container\">\n<div class=\"wp-block-uagb-advanced-heading uagb-block-c1376124\"><h4 class=\"uagb-heading-text\">Art\u00edculos especializados<\/h4><\/div>\n\n\n\n<div class=\"wp-block-uagb-advanced-heading uagb-block-4567827d nc-justify-text\"><h6 class=\"uagb-heading-text\">Explora nuestra colecci\u00f3n de art\u00edculos especializados en dise\u00f1o el\u00e9ctrico, donde la experiencia t\u00e9cnica se une a las noticias del sector. Cubrimos una amplia gama de temas, desde normas el\u00e9ctricas hasta innovaciones recientes y t\u00e9cnicas avanzadas.   <\/h6><\/div>\n\n\n<ul class=\"wp-block-latest-posts__list has-link-color is-style-swt-latest-posts-simple wp-elements-78e2d6e59965bea71855974c6c418043 wp-block-latest-posts has-text-color has-neutral-color\"><li><a class=\"wp-block-latest-posts__post-title\" href=\"https:\/\/calcul-electrique.com\/es\/articulos\/comprobacion-de-la-capacidad-de-cortocircuito-de-los-dispositivos-de-conmutacion\/\">Comprobaci\u00f3n de la capacidad de cortocircuito de los dispositivos de conmutaci\u00f3n<\/a><div class=\"wp-block-latest-posts__post-excerpt\">En la medida en que un dispositivo de conmutaci\u00f3n pueda cerrarse sobre un cortocircuito preexistente en la instalaci\u00f3n el\u00e9ctrica, es necesario comprobar que esta operaci\u00f3n no provoque la destrucci\u00f3n del&#8230; <a class=\"wp-block-latest-posts__read-more\" href=\"https:\/\/calcul-electrique.com\/es\/articulos\/comprobacion-de-la-capacidad-de-cortocircuito-de-los-dispositivos-de-conmutacion\/\" rel=\"noopener noreferrer\">Lee m\u00e1s<span class=\"screen-reader-text\">: Comprobaci\u00f3n de la capacidad de cortocircuito de los dispositivos de conmutaci\u00f3n<\/span><\/a><\/div><\/li>\n<li><a class=\"wp-block-latest-posts__post-title\" href=\"https:\/\/calcul-electrique.com\/es\/articulos\/reflexiones-sobre-el-problema-de-la-capacidad-de-ruptura-en-1-polo-en-tn\/\">Reflexiones sobre el problema de la capacidad de ruptura en 1 polo en TN<\/a><div class=\"wp-block-latest-posts__post-excerpt\">La g\u00e9nesis del problema se encuentra en una pregunta formulada a la UTE a principios de 2010 y su respuesta, que fue objeto de la hoja de interpretaci\u00f3n 15-100 F13,&#8230; <a class=\"wp-block-latest-posts__read-more\" href=\"https:\/\/calcul-electrique.com\/es\/articulos\/reflexiones-sobre-el-problema-de-la-capacidad-de-ruptura-en-1-polo-en-tn\/\" rel=\"noopener noreferrer\">Lee m\u00e1s<span class=\"screen-reader-text\">: Reflexiones sobre el problema de la capacidad de ruptura en 1 polo en TN<\/span><\/a><\/div><\/li>\n<li><a class=\"wp-block-latest-posts__post-title\" href=\"https:\/\/calcul-electrique.com\/es\/articulos\/comprobacion-de-las-tensiones-termicas-en-un-conductor\/\">Comprobaci\u00f3n de las tensiones t\u00e9rmicas en un conductor<\/a><div class=\"wp-block-latest-posts__post-excerpt\">Energ\u00eda de paso y tensi\u00f3n t\u00e9rmica admisible Entre las caracter\u00edsticas intr\u00ednsecas de un cable o conductor, hay dos valores esenciales para su dimensionamiento: Para los cables normalizados, estos valores vienen&#8230; <a class=\"wp-block-latest-posts__read-more\" href=\"https:\/\/calcul-electrique.com\/es\/articulos\/comprobacion-de-las-tensiones-termicas-en-un-conductor\/\" rel=\"noopener noreferrer\">Lee m\u00e1s<span class=\"screen-reader-text\">: Comprobaci\u00f3n de las tensiones t\u00e9rmicas en un conductor<\/span><\/a><\/div><\/li>\n<li><a class=\"wp-block-latest-posts__post-title\" href=\"https:\/\/calcul-electrique.com\/es\/articulos\/normas-de-dimensionamiento-de-las-instalaciones-electricas-de-baja-tension\/\">Normas de dimensionamiento de las instalaciones el\u00e9ctricas de baja tensi\u00f3n<\/a><div class=\"wp-block-latest-posts__post-excerpt\">En el complejo mundo de la electricidad, la seguridad y la eficacia de las instalaciones el\u00e9ctricas se rigen por una sutil combinaci\u00f3n de reglamentos y normas internacionales. Explorando el campo&#8230; <a class=\"wp-block-latest-posts__read-more\" href=\"https:\/\/calcul-electrique.com\/es\/articulos\/normas-de-dimensionamiento-de-las-instalaciones-electricas-de-baja-tension\/\" rel=\"noopener noreferrer\">Lee m\u00e1s<span class=\"screen-reader-text\">: Normas de dimensionamiento de las instalaciones el\u00e9ctricas de baja tensi\u00f3n<\/span><\/a><\/div><\/li>\n<\/ul><\/div>\n\n\n\n<div class=\"wp-block-uagb-container uagb-block-9f747612 alignwide uagb-is-root-container\">\n<div class=\"wp-block-uagb-advanced-heading uagb-block-0b803295\"><h4 class=\"uagb-heading-text\">Art\u00edculos FAQ: Preguntas sobre la interfaz<\/h4><\/div>\n\n\n\n<div class=\"wp-block-uagb-advanced-heading uagb-block-92413383 nc-justify-text\"><h6 class=\"uagb-heading-text\">Echa un vistazo a nuestros art\u00edculos detallados sobre la interfaz elec calc para optimizar tu dominio de las funciones y mejorar tu eficacia diaria.<\/h6><\/div>\n\n\n<ul class=\"wp-block-latest-posts__list has-link-color is-style-swt-latest-posts-simple wp-elements-8d09ab2dd2076ed95747a9ecb5947c74 wp-block-latest-posts has-text-color has-custom-couleur-1-color\"><li><a class=\"wp-block-latest-posts__post-title\" href=\"https:\/\/calcul-electrique.com\/es\/faq-elec-calc-es\/continuar-con-un-despachador-en-otra-pestana\/\">Continuar con un despachador en otra pesta\u00f1a<\/a><div class=\"wp-block-latest-posts__post-excerpt\">Puedes utilizar fondos en tu diagrama m\u00edmico para modelar tus diferentes tablas en varias pesta\u00f1as. El mismo distribuidor puede estar representado en estas fichas diferentes. Selecciona el distribuidor y haz&#8230; <a class=\"wp-block-latest-posts__read-more\" href=\"https:\/\/calcul-electrique.com\/es\/faq-elec-calc-es\/continuar-con-un-despachador-en-otra-pestana\/\" rel=\"noopener noreferrer\">Lee m\u00e1s<span class=\"screen-reader-text\">: Continuar con un despachador en otra pesta\u00f1a<\/span><\/a><\/div><\/li>\n<\/ul><\/div>\n\n\n\n<div class=\"wp-block-uagb-container uagb-block-55cfc194 alignwide uagb-is-root-container\">\n<div class=\"wp-block-uagb-advanced-heading uagb-block-196cb714\"><h4 class=\"uagb-heading-text\">Art\u00edculos FAQ : Preguntas sobre la instalaci\u00f3n<\/h4><\/div>\n\n\n\n<div class=\"wp-block-uagb-advanced-heading uagb-block-fb55c2c0 nc-justify-text\"><h6 class=\"uagb-heading-text\">Descubre nuestros art\u00edculos y gu\u00edas para instalar elec calc de forma eficiente. Obt\u00e9n consejos pr\u00e1cticos para una puesta en marcha y un uso sin preocupaciones. <\/h6><\/div>\n\n\n<ul class=\"wp-block-latest-posts__list has-link-color is-style-swt-latest-posts-simple wp-elements-7f6d045f3b294627cf20d22530f3e5d3 wp-block-latest-posts has-text-color has-custom-couleur-1-color\"><li><a class=\"wp-block-latest-posts__post-title\" href=\"https:\/\/calcul-electrique.com\/es\/faq-elec-calc-es\/como-activo-mi-licencia-por-correo-electronico\/\">\u00bfC\u00f3mo activo mi licencia por correo electr\u00f3nico?<\/a><div class=\"wp-block-latest-posts__post-excerpt\">En la mayor\u00eda de los casos, el gestor de licencias elec calc\u2122 te permite activar la licencia directamente a trav\u00e9s de internet. Si tu gestor de licencias no tiene acceso&#8230; <a class=\"wp-block-latest-posts__read-more\" href=\"https:\/\/calcul-electrique.com\/es\/faq-elec-calc-es\/como-activo-mi-licencia-por-correo-electronico\/\" rel=\"noopener noreferrer\">Lee m\u00e1s<span class=\"screen-reader-text\">: \u00bfC\u00f3mo activo mi licencia por correo electr\u00f3nico?<\/span><\/a><\/div><\/li>\n<li><a class=\"wp-block-latest-posts__post-title\" href=\"https:\/\/calcul-electrique.com\/es\/faq-elec-calc-es\/le-quedan-x-dias-para-que-caduque-su-permiso-x-dias-para-que-se-reactive\/\">Reactiva tu licencia elec calc<\/a><div class=\"wp-block-latest-posts__post-excerpt\">La activaci\u00f3n de una licencia es v\u00e1lida durante 365 d\u00edas, o 60 d\u00edas cuando se adquiere la licencia. Al final de este periodo, la licencia debe reactivarse desde el gestor&#8230; <a class=\"wp-block-latest-posts__read-more\" href=\"https:\/\/calcul-electrique.com\/es\/faq-elec-calc-es\/le-quedan-x-dias-para-que-caduque-su-permiso-x-dias-para-que-se-reactive\/\" rel=\"noopener noreferrer\">Lee m\u00e1s<span class=\"screen-reader-text\">: Reactiva tu licencia elec calc<\/span><\/a><\/div><\/li>\n<li><a class=\"wp-block-latest-posts__post-title\" href=\"https:\/\/calcul-electrique.com\/es\/faq-elec-calc-es\/proteccion-inactiva-2\/\">Protecci\u00f3n inactiva<\/a><div class=\"wp-block-latest-posts__post-excerpt\">Este mensaje indica que tu licencia no est\u00e1 activa. Comprueba en el Gestor de Licencias (en tu m\u00e1quina o en el servidor remoto para licencias flotantes) que la licencia est\u00e1&#8230; <a class=\"wp-block-latest-posts__read-more\" href=\"https:\/\/calcul-electrique.com\/es\/faq-elec-calc-es\/proteccion-inactiva-2\/\" rel=\"noopener noreferrer\">Lee m\u00e1s<span class=\"screen-reader-text\">: Protecci\u00f3n inactiva<\/span><\/a><\/div><\/li>\n<li><a class=\"wp-block-latest-posts__post-title\" href=\"https:\/\/calcul-electrique.com\/es\/faq-elec-calc-es\/el-servicio-ist-ha-dejado-de-funcionar-o-no-es-accesible\/\">El servicio IST ha dejado de funcionar o no es accesible&#8230;<\/a><div class=\"wp-block-latest-posts__post-excerpt\">Este mensaje indica un problema con la configuraci\u00f3n de tu ordenador. Comprueba los cortafuegos, en las m\u00e1quinas cliente y servidor (incluidos los cortafuegos de Windows). Los siguientes puertos TCP deben&#8230; <a class=\"wp-block-latest-posts__read-more\" href=\"https:\/\/calcul-electrique.com\/es\/faq-elec-calc-es\/el-servicio-ist-ha-dejado-de-funcionar-o-no-es-accesible\/\" rel=\"noopener noreferrer\">Lee m\u00e1s<span class=\"screen-reader-text\">: El servicio IST ha dejado de funcionar o no es accesible&#8230;<\/span><\/a><\/div><\/li>\n<\/ul><\/div>\n\n\n\n<div class=\"wp-block-uagb-container uagb-block-ec4be9c5 alignwide uagb-is-root-container\">\n<div class=\"wp-block-uagb-advanced-heading uagb-block-fdd52501\"><h4 class=\"uagb-heading-text\">Art\u00edculos FAQ : Preguntas sobre las referencias<\/h4><\/div>\n\n\n\n<div class=\"wp-block-uagb-advanced-heading uagb-block-ccdc2f54 nc-justify-text\"><h6 class=\"uagb-heading-text\">Consulta nuestros art\u00edculos sobre referencias de fabricantes en el cat\u00e1logo elec calc para ayudarte a resolver los problemas de selecci\u00f3n y garantizar la conformidad de tus instalaciones.<br\/><\/h6><\/div>\n\n\n<ul class=\"wp-block-latest-posts__list has-link-color is-style-swt-latest-posts-simple wp-elements-1cb98837e1297cbad978a52a6ebcab2b wp-block-latest-posts has-text-color has-custom-couleur-1-color\"><\/ul><\/div>\n<\/div><\/div>\n\n\n\n<div class=\"wp-block-uagb-container uagb-block-769f13d3 alignfull uagb-is-root-container\"><div class=\"uagb-container-inner-blocks-wrap\">\n<div class=\"wp-block-uagb-advanced-heading uagb-block-e85c2775\"><h4 class=\"uagb-heading-text\">Art\u00edculos FAQ: El c\u00e1lculo en elec calc\u2122.<\/h4><\/div>\n\n\n\n<div class=\"wp-block-uagb-advanced-heading uagb-block-d0dc8f43 nc-justify-text\"><h6 class=\"uagb-heading-text\">Sum\u00e9rgete en nuestros innovadores art\u00edculos sobre c\u00e1lculo el\u00e9ctrico y dimensionamiento con elec calc.  <\/h6><\/div>\n\n\n<ul class=\"wp-block-latest-posts__list has-link-color is-style-swt-latest-posts-simple wp-elements-d75beddba3564300ef3c0da524034dce wp-block-latest-posts has-text-color has-custom-couleur-1-color\"><li><a class=\"wp-block-latest-posts__post-title\" href=\"https:\/\/calcul-electrique.com\/es\/faq-elec-calc-es\/demasiada-tension-termica-en-el-conductor-de-fase\/\">Demasiada tensi\u00f3n t\u00e9rmica en el conductor de fase<\/a><div class=\"wp-block-latest-posts__post-excerpt\">Art\u00edculo 434.5.2 de la norma NF C 15-100 : El tiempo de corte de cualquier corriente resultante de un cortocircuito que se produzca en cualquier punto del circuito no debe&#8230; <a class=\"wp-block-latest-posts__read-more\" href=\"https:\/\/calcul-electrique.com\/es\/faq-elec-calc-es\/demasiada-tension-termica-en-el-conductor-de-fase\/\" rel=\"noopener noreferrer\">Lee m\u00e1s<span class=\"screen-reader-text\">: Demasiada tensi\u00f3n t\u00e9rmica en el conductor de fase<\/span><\/a><\/div><\/li>\n<\/ul><\/div><\/div>\n<\/div><\/div>\n","protected":false},"excerpt":{"rendered":"<p>Art\u00edculos especializados Explora nuestra colecci\u00f3n de art\u00edculos especializados en dise\u00f1o el\u00e9ctrico, donde la experiencia t\u00e9cnica se une a las noticias del sector. Cubrimos una amplia gama de temas, desde normas el\u00e9ctricas hasta innovaciones recientes y t\u00e9cnicas avanzadas. Art\u00edculos FAQ: Preguntas sobre la interfaz Echa un vistazo a nuestros art\u00edculos detallados sobre la interfaz elec calc [&hellip;]<\/p>\n","protected":false},"author":10,"featured_media":0,"parent":0,"menu_order":0,"comment_status":"closed","ping_status":"closed","template":"","meta":{"_uag_custom_page_level_css":"","_swt_meta_header_display":false,"_swt_meta_footer_display":false,"_swt_meta_site_title_display":false,"_swt_meta_sticky_header":false,"_swt_meta_transparent_header":false,"footnotes":""},"class_list":["post-13603","page","type-page","status-publish","hentry"],"yoast_head":"<!-- This site is optimized with the Yoast SEO plugin v27.0 - https:\/\/yoast.com\/product\/yoast-seo-wordpress\/ -->\n<title>Base de conocimientos de c\u00e1lculo el\u00e9ctrico: Art\u00edculos esenciales<\/title>\n<meta name=\"description\" content=\"Navega por nuestra base de conocimientos de c\u00e1lculo el\u00e9ctrico: art\u00edculos y gu\u00edas que te ayudar\u00e1n a dominar conceptos y t\u00e9cnicas esenciales.\" \/>\n<meta name=\"robots\" content=\"index, follow, max-snippet:-1, max-image-preview:large, max-video-preview:-1\" \/>\n<link rel=\"canonical\" href=\"https:\/\/calcul-electrique.com\/es\/articulos\/\" \/>\n<meta property=\"og:locale\" content=\"es_ES\" \/>\n<meta property=\"og:type\" content=\"article\" \/>\n<meta property=\"og:title\" content=\"Base de conocimientos de c\u00e1lculo el\u00e9ctrico: Art\u00edculos esenciales\" \/>\n<meta property=\"og:description\" content=\"Navega por nuestra base de conocimientos de c\u00e1lculo el\u00e9ctrico: art\u00edculos y gu\u00edas que te ayudar\u00e1n a dominar conceptos y t\u00e9cnicas esenciales.\" \/>\n<meta property=\"og:url\" content=\"https:\/\/calcul-electrique.com\/es\/articulos\/\" \/>\n<meta property=\"og:site_name\" content=\"Calcul \u00e9lectrique\" \/>\n<meta property=\"article:modified_time\" content=\"2024-12-23T08:14:24+00:00\" \/>\n<meta property=\"og:image\" content=\"https:\/\/calcul-electrique.com\/wp-content\/uploads\/2024\/12\/Image-site.png\" \/>\n\t<meta property=\"og:image:width\" content=\"1200\" \/>\n\t<meta property=\"og:image:height\" content=\"675\" \/>\n\t<meta property=\"og:image:type\" content=\"image\/png\" \/>\n<meta name=\"twitter:card\" content=\"summary_large_image\" \/>\n<meta name=\"twitter:label1\" content=\"Tiempo de lectura\" \/>\n\t<meta name=\"twitter:data1\" content=\"1 minuto\" \/>\n<script type=\"application\/ld+json\" class=\"yoast-schema-graph\">{\"@context\":\"https:\/\/schema.org\",\"@graph\":[{\"@type\":\"WebPage\",\"@id\":\"https:\/\/calcul-electrique.com\/es\/articulos\/\",\"url\":\"https:\/\/calcul-electrique.com\/es\/articulos\/\",\"name\":\"Base de conocimientos de c\u00e1lculo el\u00e9ctrico: Art\u00edculos esenciales\",\"isPartOf\":{\"@id\":\"https:\/\/calcul-electrique.com\/#website\"},\"datePublished\":\"2023-08-09T06:51:45+00:00\",\"dateModified\":\"2024-12-23T08:14:24+00:00\",\"description\":\"Navega por nuestra base de conocimientos de c\u00e1lculo el\u00e9ctrico: art\u00edculos y gu\u00edas que te ayudar\u00e1n a dominar conceptos y t\u00e9cnicas esenciales.\",\"breadcrumb\":{\"@id\":\"https:\/\/calcul-electrique.com\/es\/articulos\/#breadcrumb\"},\"inLanguage\":\"es\",\"potentialAction\":[{\"@type\":\"ReadAction\",\"target\":[\"https:\/\/calcul-electrique.com\/es\/articulos\/\"]}]},{\"@type\":\"BreadcrumbList\",\"@id\":\"https:\/\/calcul-electrique.com\/es\/articulos\/#breadcrumb\",\"itemListElement\":[{\"@type\":\"ListItem\",\"position\":1,\"name\":\"Accueil\",\"item\":\"https:\/\/calcul-electrique.com\/es\/\"},{\"@type\":\"ListItem\",\"position\":2,\"name\":\"Art\u00edculos\"}]},{\"@type\":\"WebSite\",\"@id\":\"https:\/\/calcul-electrique.com\/#website\",\"url\":\"https:\/\/calcul-electrique.com\/\",\"name\":\"Calcul \u00e9lectrique\",\"description\":\"Simplifiez vos projets \u00e9lectriques avec calcul \u00e9lectrique !\",\"publisher\":{\"@id\":\"https:\/\/calcul-electrique.com\/#organization\"},\"potentialAction\":[{\"@type\":\"SearchAction\",\"target\":{\"@type\":\"EntryPoint\",\"urlTemplate\":\"https:\/\/calcul-electrique.com\/?s={search_term_string}\"},\"query-input\":{\"@type\":\"PropertyValueSpecification\",\"valueRequired\":true,\"valueName\":\"search_term_string\"}}],\"inLanguage\":\"es\"},{\"@type\":\"Organization\",\"@id\":\"https:\/\/calcul-electrique.com\/#organization\",\"name\":\"Trace Software\",\"url\":\"https:\/\/calcul-electrique.com\/\",\"logo\":{\"@type\":\"ImageObject\",\"inLanguage\":\"es\",\"@id\":\"https:\/\/calcul-electrique.com\/#\/schema\/logo\/image\/\",\"url\":\"https:\/\/calcul-electrique.com\/wp-content\/uploads\/2024\/12\/Trace-software-2023.png\",\"contentUrl\":\"https:\/\/calcul-electrique.com\/wp-content\/uploads\/2024\/12\/Trace-software-2023.png\",\"width\":1900,\"height\":350,\"caption\":\"Trace Software\"},\"image\":{\"@id\":\"https:\/\/calcul-electrique.com\/#\/schema\/logo\/image\/\"},\"sameAs\":[\"https:\/\/www.linkedin.com\/company\/trace-software-international\/\"]}]}<\/script>\n<!-- \/ Yoast SEO plugin. -->","yoast_head_json":{"title":"Base de conocimientos de c\u00e1lculo el\u00e9ctrico: Art\u00edculos esenciales","description":"Navega por nuestra base de conocimientos de c\u00e1lculo el\u00e9ctrico: art\u00edculos y gu\u00edas que te ayudar\u00e1n a dominar conceptos y t\u00e9cnicas esenciales.","robots":{"index":"index","follow":"follow","max-snippet":"max-snippet:-1","max-image-preview":"max-image-preview:large","max-video-preview":"max-video-preview:-1"},"canonical":"https:\/\/calcul-electrique.com\/es\/articulos\/","og_locale":"es_ES","og_type":"article","og_title":"Base de conocimientos de c\u00e1lculo el\u00e9ctrico: Art\u00edculos esenciales","og_description":"Navega por nuestra base de conocimientos de c\u00e1lculo el\u00e9ctrico: art\u00edculos y gu\u00edas que te ayudar\u00e1n a dominar conceptos y t\u00e9cnicas esenciales.","og_url":"https:\/\/calcul-electrique.com\/es\/articulos\/","og_site_name":"Calcul \u00e9lectrique","article_modified_time":"2024-12-23T08:14:24+00:00","og_image":[{"width":1200,"height":675,"url":"https:\/\/calcul-electrique.com\/wp-content\/uploads\/2024\/12\/Image-site.png","type":"image\/png"}],"twitter_card":"summary_large_image","twitter_misc":{"Tiempo de lectura":"1 minuto"},"schema":{"@context":"https:\/\/schema.org","@graph":[{"@type":"WebPage","@id":"https:\/\/calcul-electrique.com\/es\/articulos\/","url":"https:\/\/calcul-electrique.com\/es\/articulos\/","name":"Base de conocimientos de c\u00e1lculo el\u00e9ctrico: Art\u00edculos esenciales","isPartOf":{"@id":"https:\/\/calcul-electrique.com\/#website"},"datePublished":"2023-08-09T06:51:45+00:00","dateModified":"2024-12-23T08:14:24+00:00","description":"Navega por nuestra base de conocimientos de c\u00e1lculo el\u00e9ctrico: art\u00edculos y gu\u00edas que te ayudar\u00e1n a dominar conceptos y t\u00e9cnicas esenciales.","breadcrumb":{"@id":"https:\/\/calcul-electrique.com\/es\/articulos\/#breadcrumb"},"inLanguage":"es","potentialAction":[{"@type":"ReadAction","target":["https:\/\/calcul-electrique.com\/es\/articulos\/"]}]},{"@type":"BreadcrumbList","@id":"https:\/\/calcul-electrique.com\/es\/articulos\/#breadcrumb","itemListElement":[{"@type":"ListItem","position":1,"name":"Accueil","item":"https:\/\/calcul-electrique.com\/es\/"},{"@type":"ListItem","position":2,"name":"Art\u00edculos"}]},{"@type":"WebSite","@id":"https:\/\/calcul-electrique.com\/#website","url":"https:\/\/calcul-electrique.com\/","name":"Calcul \u00e9lectrique","description":"Simplifiez vos projets \u00e9lectriques avec calcul \u00e9lectrique !","publisher":{"@id":"https:\/\/calcul-electrique.com\/#organization"},"potentialAction":[{"@type":"SearchAction","target":{"@type":"EntryPoint","urlTemplate":"https:\/\/calcul-electrique.com\/?s={search_term_string}"},"query-input":{"@type":"PropertyValueSpecification","valueRequired":true,"valueName":"search_term_string"}}],"inLanguage":"es"},{"@type":"Organization","@id":"https:\/\/calcul-electrique.com\/#organization","name":"Trace Software","url":"https:\/\/calcul-electrique.com\/","logo":{"@type":"ImageObject","inLanguage":"es","@id":"https:\/\/calcul-electrique.com\/#\/schema\/logo\/image\/","url":"https:\/\/calcul-electrique.com\/wp-content\/uploads\/2024\/12\/Trace-software-2023.png","contentUrl":"https:\/\/calcul-electrique.com\/wp-content\/uploads\/2024\/12\/Trace-software-2023.png","width":1900,"height":350,"caption":"Trace Software"},"image":{"@id":"https:\/\/calcul-electrique.com\/#\/schema\/logo\/image\/"},"sameAs":["https:\/\/www.linkedin.com\/company\/trace-software-international\/"]}]}},"uagb_featured_image_src":{"full":false,"thumbnail":false,"medium":false,"medium_large":false,"large":false,"1536x1536":false,"2048x2048":false},"uagb_author_info":{"display_name":"Max Farez","author_link":"https:\/\/calcul-electrique.com\/es\/author\/mfarez\/"},"uagb_comment_info":0,"uagb_excerpt":"Art\u00edculos especializados Explora nuestra colecci\u00f3n de art\u00edculos especializados en dise\u00f1o el\u00e9ctrico, donde la experiencia t\u00e9cnica se une a las noticias del sector. Cubrimos una amplia gama de temas, desde normas el\u00e9ctricas hasta innovaciones recientes y t\u00e9cnicas avanzadas. Art\u00edculos FAQ: Preguntas sobre la interfaz Echa un vistazo a nuestros art\u00edculos detallados sobre la interfaz elec calc&hellip;","_links":{"self":[{"href":"https:\/\/calcul-electrique.com\/es\/wp-json\/wp\/v2\/pages\/13603","targetHints":{"allow":["GET"]}}],"collection":[{"href":"https:\/\/calcul-electrique.com\/es\/wp-json\/wp\/v2\/pages"}],"about":[{"href":"https:\/\/calcul-electrique.com\/es\/wp-json\/wp\/v2\/types\/page"}],"author":[{"embeddable":true,"href":"https:\/\/calcul-electrique.com\/es\/wp-json\/wp\/v2\/users\/10"}],"replies":[{"embeddable":true,"href":"https:\/\/calcul-electrique.com\/es\/wp-json\/wp\/v2\/comments?post=13603"}],"version-history":[{"count":5,"href":"https:\/\/calcul-electrique.com\/es\/wp-json\/wp\/v2\/pages\/13603\/revisions"}],"predecessor-version":[{"id":13854,"href":"https:\/\/calcul-electrique.com\/es\/wp-json\/wp\/v2\/pages\/13603\/revisions\/13854"}],"wp:attachment":[{"href":"https:\/\/calcul-electrique.com\/es\/wp-json\/wp\/v2\/media?parent=13603"}],"curies":[{"name":"wp","href":"https:\/\/api.w.org\/{rel}","templated":true}]}}