{"id":13597,"date":"2023-12-14T09:01:09","date_gmt":"2023-12-14T08:01:09","guid":{"rendered":"https:\/\/calcul-electrique.com\/politica-de-cookies\/"},"modified":"2024-12-20T11:56:04","modified_gmt":"2024-12-20T10:56:04","slug":"politica-de-cookies","status":"publish","type":"page","link":"https:\/\/calcul-electrique.com\/es\/politica-de-cookies\/","title":{"rendered":"Pol\u00edtica de cookies"},"content":{"rendered":"\n<div class=\"wp-block-uagb-container uagb-block-1ea666fb alignwide uagb-is-root-container\">\n<h2 class=\"wp-block-heading has-text-align-center has-text-color has-link-color wp-elements-5c29a0a2e4f994fa3f0fd50e2eab5ef7\" style=\"color:#f96400;margin-top:var(--wp--preset--spacing--xx-small);margin-bottom:var(--wp--preset--spacing--x-small)\">Pol\u00edtica de cookies<\/h2>\n\n\n\n<h3 class=\"wp-block-heading\" style=\"margin-top:var(--wp--preset--spacing--xx-small);margin-bottom:var(--wp--preset--spacing--x-small)\">Presentaci\u00f3n de una galleta<\/h3>\n\n\n\n<p class=\"nc-justify-text\" style=\"margin-top:var(--wp--preset--spacing--xxx-small);margin-bottom:var(--wp--preset--spacing--xxx-small);padding-top:0;padding-right:0;padding-bottom:0;padding-left:0\">Una cookie es un archivo de texto que se almacena en un espacio dedicado del disco duro del terminal de un Usuario (ordenador, tableta, tel\u00e9fono m\u00f3vil, etc.) cuando consulta un sitio web o utiliza algunas de sus funciones. Se utilizan para identificar y reconocer tu terminal, personalizar las p\u00e1ginas adapt\u00e1ndolas a tu perfil y proporcionarte una mejor experiencia de navegaci\u00f3n. Las cookies y otros rastreadores permiten recoger datos como, seg\u00fan los casos, la hora y el d\u00eda de la conexi\u00f3n, el sistema operativo del ordenador y las p\u00e1ginas de los sitios visitados, etc.  <\/p>\n\n\n\n<h3 class=\"wp-block-heading\" style=\"margin-top:var(--wp--preset--spacing--x-small);margin-bottom:var(--wp--preset--spacing--x-small)\">\u00bfQu\u00e9 cookies utilizamos y con qu\u00e9 finalidad?<\/h3>\n\n\n\n<p class=\"nc-justify-text\" style=\"margin-top:var(--wp--preset--spacing--xxx-small);margin-right:0;margin-bottom:var(--wp--preset--spacing--xxx-small);margin-left:0;padding-top:0;padding-right:0;padding-bottom:0;padding-left:0\">calcul-electrique.com utiliza varias cookies:<\/p>\n\n\n\n<p class=\"nc-justify-text\" style=\"margin-top:var(--wp--preset--spacing--xxx-small);margin-right:0;margin-bottom:var(--wp--preset--spacing--xxx-small);margin-left:0;padding-top:0;padding-right:0;padding-bottom:0;padding-left:0\"><strong>Las cookies t\u00e9cnicas o funcionales <\/strong>te permiten navegar por las p\u00e1ginas de nuestro sitio.<\/p>\n\n\n\n<p class=\"nc-justify-text\" style=\"margin-top:var(--wp--preset--spacing--xxx-small);margin-right:0;margin-bottom:var(--wp--preset--spacing--xxx-small);margin-left:0;padding-top:0;padding-right:0;padding-bottom:0;padding-left:0\">Las cookies estrictamente necesarias para el buen funcionamiento del sitio estar\u00e1n siempre activas en tu terminal para permitir tu navegaci\u00f3n.<\/p>\n\n\n\n<p class=\"nc-justify-text\" style=\"margin-top:var(--wp--preset--spacing--xxx-small);margin-right:0;margin-bottom:var(--wp--preset--spacing--xxx-small);margin-left:0;padding-top:0;padding-right:0;padding-bottom:0;padding-left:0\"><strong>Las cookies de medici\u00f3n de audiencia o estad\u00edsticas<\/strong> permiten a Trace Software International establecer estad\u00edsticas relativas a la frecuentaci\u00f3n y utilizaci\u00f3n de su sitio determinando, por ejemplo, el n\u00famero de visitas y las p\u00e1ginas m\u00e1s o menos visitadas, evaluando la navegaci\u00f3n de los usuarios e identificando posibles disfunciones t\u00e9cnicas.<\/p>\n\n\n\n<p class=\"nc-justify-text\" style=\"margin-top:var(--wp--preset--spacing--xxx-small);margin-right:0;margin-bottom:var(--wp--preset--spacing--xxx-small);margin-left:0;padding-top:0;padding-right:0;padding-bottom:0;padding-left:0\"><strong>Cookies de marketing\/seguimiento: <\/strong>se utilizan para seguir a los visitantes a trav\u00e9s de los sitios web. El objetivo es mostrar publicidad relevante e interesante para el usuario. <\/p>\n\n\n\n<p class=\"nc-justify-text\" style=\"margin-top:var(--wp--preset--spacing--xxx-small);margin-right:0;margin-bottom:var(--wp--preset--spacing--xxx-small);margin-left:0;padding-top:0;padding-right:0;padding-bottom:0;padding-left:0\"><strong>Otras cookies: <\/strong>las cookies de esta categor\u00eda a\u00fan no han sido categorizadas y su finalidad puede no conocerse en este momento.<\/p>\n\n\n\n<h3 class=\"wp-block-heading\" style=\"margin-top:var(--wp--preset--spacing--x-small);margin-bottom:var(--wp--preset--spacing--x-small)\">Cookies emitidas por terceros<\/h3>\n\n\n\n<p class=\"nc-justify-text\" style=\"margin-top:var(--wp--preset--spacing--xxx-small);margin-bottom:var(--wp--preset--spacing--xxx-small);padding-top:0;padding-right:0;padding-bottom:0;padding-left:0\">Nuestro sitio utiliza cookies emitidas por terceros. A continuaci\u00f3n encontrar\u00e1s una lista de los distintos emisores de Cookies: <\/p>\n\n\n\n<div class=\"wp-block-uagb-container uagb-block-3fe7d123 alignfull uagb-is-root-container\"><div class=\"uagb-container-inner-blocks-wrap\">\n<div class=\"wp-block-uagb-container uagb-block-b193a307\">\n<div class=\"wp-block-uagb-info-box uagb-block-3100fe88 uagb-infobox__content-wrap  uagb-infobox-icon-above-title uagb-infobox-image-valign-top\"><div class=\"uagb-ifb-content\"><div class=\"uagb-ifb-title-wrap\"><h3 class=\"uagb-ifb-title\">Transmisor<\/h3><\/div><p class=\"uagb-ifb-desc\"><br\/> <br\/> <br\/> <br\/>Google Analytics Google ReCAPTCHA Google Fonts Google Maps Youtube<\/p><\/div><\/div>\n<\/div>\n\n\n\n<div class=\"wp-block-uagb-container uagb-block-84eab0bb\">\n<div class=\"wp-block-uagb-info-box uagb-block-5a265a5e uagb-infobox__content-wrap  uagb-infobox-icon-above-title uagb-infobox-image-valign-top\"><div class=\"uagb-ifb-content\"><div class=\"uagb-ifb-title-wrap\"><h3 class=\"uagb-ifb-title\">Prop\u00f3sito<\/h3><\/div><p class=\"uagb-ifb-desc\"><br\/><br\/><br\/><br\/>Estad\u00edstica Funcional Marketing Otros (V\u00eddeo)<\/p><\/div><\/div>\n<\/div>\n\n\n\n<div class=\"wp-block-uagb-container uagb-block-2e4a6b34\">\n<div class=\"wp-block-uagb-info-box uagb-block-42a2388a uagb-infobox__content-wrap  uagb-infobox-icon-above-title uagb-infobox-image-valign-top\"><div class=\"uagb-ifb-content\"><div class=\"uagb-ifb-title-wrap\"><h3 class=\"uagb-ifb-title\">Duraci\u00f3n de la cookie<\/h3><\/div><p class=\"uagb-ifb-desc\"><br\/><br\/><br\/><br\/> 24 meses 24 meses 24 meses 13 meses 13 meses<\/p><\/div><\/div>\n<\/div>\n<\/div><\/div>\n\n\n\n<h3 class=\"wp-block-heading\" style=\"margin-top:var(--wp--preset--spacing--x-small);margin-bottom:var(--wp--preset--spacing--x-small)\">Opciones y procedimientos para aceptar o rechazar las cookies<\/h3>\n\n\n\n<p class=\"nc-justify-text\" style=\"margin-top:var(--wp--preset--spacing--xxx-small);margin-right:0;margin-bottom:var(--wp--preset--spacing--xxx-small);margin-left:0;padding-top:0;padding-right:0;padding-bottom:0;padding-left:0\">A excepci\u00f3n de las Cookies estrictamente necesarias para el funcionamiento del sitio, la colocaci\u00f3n de una Cookie en tu terminal est\u00e1 sujeta a tu consentimiento previo.<\/p>\n\n\n\n<p class=\"nc-justify-text\" style=\"margin-top:var(--wp--preset--spacing--xxx-small);margin-right:0;margin-bottom:var(--wp--preset--spacing--xxx-small);margin-left:0;padding-top:0;padding-right:0;padding-bottom:0;padding-left:0\">En tu primera visita a nuestro sitio, nuestra herramienta de configuraci\u00f3n de Cookies aparecer\u00e1 en tu pantalla para pedirte que aceptes, rechaces o configures tu elecci\u00f3n relativa a las Cookies.<\/p>\n\n\n\n<p class=\"nc-justify-text\" style=\"margin-top:var(--wp--preset--spacing--xxx-small);margin-right:0;margin-bottom:var(--wp--preset--spacing--xxx-small);margin-left:0;padding-top:0;padding-right:0;padding-bottom:0;padding-left:0\">Una vez que hayas hecho esta elecci\u00f3n, sigues teniendo varias formas de gestionar tus Cookies y puedes optar por desactivarlas en cualquier momento. En particular, puedes configurar tus opciones con respecto a las cookies utilizando nuestra herramienta de configuraci\u00f3n de cookies, a la que puedes acceder haciendo clic en el enlace \u00abGesti\u00f3n del consentimiento\u00bb que aparece en la parte inferior de cada p\u00e1gina del sitio. <\/p>\n\n\n\n<p class=\"nc-justify-text\" style=\"margin-top:var(--wp--preset--spacing--xxx-small);margin-right:0;margin-bottom:var(--wp--preset--spacing--small);margin-left:0;padding-top:0;padding-right:0;padding-bottom:0;padding-left:0\">Tambi\u00e9n puedes configurar tus opciones con respecto a las cookies accediendo a <a href=\"http:\/\/www.youronlinechoices.eu\/\">http:\/\/www.youronlinechoices.eu\/,<\/a> o configurando tu navegador directamente a trav\u00e9s de los enlaces que aparecen a continuaci\u00f3n:  <\/p>\n\n\n\n<div class=\"wp-block-uagb-icon-list uagb-block-2e240225\"><div class=\"uagb-icon-list__wrap\">\n<div class=\"wp-block-uagb-icon-list-child uagb-block-048515d3\"><span class=\"uagb-icon-list__source-wrap\"><svg xmlns=\"https:\/\/www.w3.org\/2000\/svg\" viewbox=\"0 0 512 512\"><path d=\"M256 0C114.6 0 0 114.6 0 256c0 141.4 114.6 256 256 256s256-114.6 256-256C512 114.6 397.4 0 256 0zM406.6 278.6l-103.1 103.1c-12.5 12.5-32.75 12.5-45.25 0s-12.5-32.75 0-45.25L306.8 288H128C110.3 288 96 273.7 96 256s14.31-32 32-32h178.8l-49.38-49.38c-12.5-12.5-12.5-32.75 0-45.25s32.75-12.5 45.25 0l103.1 103.1C414.6 241.3 416 251.1 416 256C416 260.9 414.6 270.7 406.6 278.6z\"><\/path><\/svg><\/span><span class=\"uagb-icon-list__label\">Safari<\/span><\/div>\n\n\n\n<div class=\"wp-block-uagb-icon-list-child uagb-block-d45f08f7\"><span class=\"uagb-icon-list__source-wrap\"><svg xmlns=\"https:\/\/www.w3.org\/2000\/svg\" viewbox=\"0 0 512 512\"><path d=\"M256 0C114.6 0 0 114.6 0 256c0 141.4 114.6 256 256 256s256-114.6 256-256C512 114.6 397.4 0 256 0zM406.6 278.6l-103.1 103.1c-12.5 12.5-32.75 12.5-45.25 0s-12.5-32.75 0-45.25L306.8 288H128C110.3 288 96 273.7 96 256s14.31-32 32-32h178.8l-49.38-49.38c-12.5-12.5-12.5-32.75 0-45.25s32.75-12.5 45.25 0l103.1 103.1C414.6 241.3 416 251.1 416 256C416 260.9 414.6 270.7 406.6 278.6z\"><\/path><\/svg><\/span><span class=\"uagb-icon-list__label\">Cromo<\/span><\/div>\n\n\n\n<div class=\"wp-block-uagb-icon-list-child uagb-block-eedfde9a\"><span class=\"uagb-icon-list__source-wrap\"><svg xmlns=\"https:\/\/www.w3.org\/2000\/svg\" viewbox=\"0 0 512 512\"><path d=\"M256 0C114.6 0 0 114.6 0 256c0 141.4 114.6 256 256 256s256-114.6 256-256C512 114.6 397.4 0 256 0zM406.6 278.6l-103.1 103.1c-12.5 12.5-32.75 12.5-45.25 0s-12.5-32.75 0-45.25L306.8 288H128C110.3 288 96 273.7 96 256s14.31-32 32-32h178.8l-49.38-49.38c-12.5-12.5-12.5-32.75 0-45.25s32.75-12.5 45.25 0l103.1 103.1C414.6 241.3 416 251.1 416 256C416 260.9 414.6 270.7 406.6 278.6z\"><\/path><\/svg><\/span><span class=\"uagb-icon-list__label\">Firefox<\/span><\/div>\n\n\n\n<div class=\"wp-block-uagb-icon-list-child uagb-block-982cfa51\"><span class=\"uagb-icon-list__source-wrap\"><svg xmlns=\"https:\/\/www.w3.org\/2000\/svg\" viewbox=\"0 0 512 512\"><path d=\"M256 0C114.6 0 0 114.6 0 256c0 141.4 114.6 256 256 256s256-114.6 256-256C512 114.6 397.4 0 256 0zM406.6 278.6l-103.1 103.1c-12.5 12.5-32.75 12.5-45.25 0s-12.5-32.75 0-45.25L306.8 288H128C110.3 288 96 273.7 96 256s14.31-32 32-32h178.8l-49.38-49.38c-12.5-12.5-12.5-32.75 0-45.25s32.75-12.5 45.25 0l103.1 103.1C414.6 241.3 416 251.1 416 256C416 260.9 414.6 270.7 406.6 278.6z\"><\/path><\/svg><\/span><span class=\"uagb-icon-list__label\">Edge \/ Internet Explorer<\/span><\/div>\n\n\n\n<div class=\"wp-block-uagb-icon-list-child uagb-block-6a79953b\"><span class=\"uagb-icon-list__source-wrap\"><svg xmlns=\"https:\/\/www.w3.org\/2000\/svg\" viewbox=\"0 0 512 512\"><path d=\"M256 0C114.6 0 0 114.6 0 256c0 141.4 114.6 256 256 256s256-114.6 256-256C512 114.6 397.4 0 256 0zM406.6 278.6l-103.1 103.1c-12.5 12.5-32.75 12.5-45.25 0s-12.5-32.75 0-45.25L306.8 288H128C110.3 288 96 273.7 96 256s14.31-32 32-32h178.8l-49.38-49.38c-12.5-12.5-12.5-32.75 0-45.25s32.75-12.5 45.25 0l103.1 103.1C414.6 241.3 416 251.1 416 256C416 260.9 414.6 270.7 406.6 278.6z\"><\/path><\/svg><\/span><span class=\"uagb-icon-list__label\">iOS<\/span><\/div>\n<\/div><\/div>\n\n\n\n<h3 class=\"wp-block-heading\" style=\"margin-top:var(--wp--preset--spacing--x-small);margin-bottom:var(--wp--preset--spacing--x-small)\">Preguntas relacionadas con la pol\u00edtica de cookies.<\/h3>\n\n\n\n<p class=\"nc-justify-text\">Si tienes alguna pregunta sobre esta pol\u00edtica, puedes ponerte en contacto con Trace Software International por correo electr\u00f3nico en: sales@trace-software.com<\/p>\n\n\n\n<p><strong>Fecha de la \u00faltima actualizaci\u00f3n: <\/strong>08\/01\/2024<\/p>\n<\/div>\n","protected":false},"excerpt":{"rendered":"<p>Pol\u00edtica de cookies Presentaci\u00f3n de una galleta Una cookie es un archivo de texto que se almacena en un espacio dedicado del disco duro del terminal de un Usuario (ordenador, tableta, tel\u00e9fono m\u00f3vil, etc.) cuando consulta un sitio web o utiliza algunas de sus funciones. Se utilizan para identificar y reconocer tu terminal, personalizar las [&hellip;]<\/p>\n","protected":false},"author":10,"featured_media":0,"parent":0,"menu_order":0,"comment_status":"closed","ping_status":"closed","template":"","meta":{"_uag_custom_page_level_css":"","_swt_meta_header_display":false,"_swt_meta_footer_display":false,"_swt_meta_site_title_display":false,"_swt_meta_sticky_header":false,"_swt_meta_transparent_header":false,"footnotes":""},"class_list":["post-13597","page","type-page","status-publish","hentry"],"yoast_head":"<!-- This site is optimized with the Yoast SEO plugin v27.0 - https:\/\/yoast.com\/product\/yoast-seo-wordpress\/ -->\n<title>Pol\u00edtica de cookies - Calcul \u00e9lectrique<\/title>\n<meta name=\"robots\" content=\"index, follow, max-snippet:-1, max-image-preview:large, max-video-preview:-1\" \/>\n<link rel=\"canonical\" href=\"https:\/\/calcul-electrique.com\/es\/?page_id=13597\" \/>\n<meta property=\"og:locale\" content=\"es_ES\" \/>\n<meta property=\"og:type\" content=\"article\" \/>\n<meta property=\"og:title\" content=\"Pol\u00edtica de cookies - Calcul \u00e9lectrique\" \/>\n<meta property=\"og:description\" content=\"Pol\u00edtica de cookies Presentaci\u00f3n de una galleta Una cookie es un archivo de texto que se almacena en un espacio dedicado del disco duro del terminal de un Usuario (ordenador, tableta, tel\u00e9fono m\u00f3vil, etc.) cuando consulta un sitio web o utiliza algunas de sus funciones. Se utilizan para identificar y reconocer tu terminal, personalizar las [&hellip;]\" \/>\n<meta property=\"og:url\" content=\"https:\/\/calcul-electrique.com\/es\/?page_id=13597\" \/>\n<meta property=\"og:site_name\" content=\"Calcul \u00e9lectrique\" \/>\n<meta property=\"article:modified_time\" content=\"2024-12-20T10:56:04+00:00\" \/>\n<meta property=\"og:image\" content=\"https:\/\/calcul-electrique.com\/wp-content\/uploads\/2024\/12\/Image-site.png\" \/>\n\t<meta property=\"og:image:width\" content=\"1200\" \/>\n\t<meta property=\"og:image:height\" content=\"675\" \/>\n\t<meta property=\"og:image:type\" content=\"image\/png\" \/>\n<meta name=\"twitter:card\" content=\"summary_large_image\" \/>\n<meta name=\"twitter:label1\" content=\"Tiempo de lectura\" \/>\n\t<meta name=\"twitter:data1\" content=\"3 minutos\" \/>\n<script type=\"application\/ld+json\" class=\"yoast-schema-graph\">{\"@context\":\"https:\/\/schema.org\",\"@graph\":[{\"@type\":\"WebPage\",\"@id\":\"https:\/\/calcul-electrique.com\/es\/?page_id=13597\",\"url\":\"https:\/\/calcul-electrique.com\/es\/?page_id=13597\",\"name\":\"Pol\u00edtica de cookies - Calcul \u00e9lectrique\",\"isPartOf\":{\"@id\":\"https:\/\/calcul-electrique.com\/#website\"},\"datePublished\":\"2023-12-14T08:01:09+00:00\",\"dateModified\":\"2024-12-20T10:56:04+00:00\",\"breadcrumb\":{\"@id\":\"https:\/\/calcul-electrique.com\/es\/?page_id=13597#breadcrumb\"},\"inLanguage\":\"es\",\"potentialAction\":[{\"@type\":\"ReadAction\",\"target\":[\"https:\/\/calcul-electrique.com\/es\/?page_id=13597\"]}]},{\"@type\":\"BreadcrumbList\",\"@id\":\"https:\/\/calcul-electrique.com\/es\/?page_id=13597#breadcrumb\",\"itemListElement\":[{\"@type\":\"ListItem\",\"position\":1,\"name\":\"Accueil\",\"item\":\"https:\/\/calcul-electrique.com\/es\/\"},{\"@type\":\"ListItem\",\"position\":2,\"name\":\"Pol\u00edtica de cookies\"}]},{\"@type\":\"WebSite\",\"@id\":\"https:\/\/calcul-electrique.com\/#website\",\"url\":\"https:\/\/calcul-electrique.com\/\",\"name\":\"Calcul \u00e9lectrique\",\"description\":\"Simplifiez vos projets \u00e9lectriques avec calcul \u00e9lectrique !\",\"publisher\":{\"@id\":\"https:\/\/calcul-electrique.com\/#organization\"},\"potentialAction\":[{\"@type\":\"SearchAction\",\"target\":{\"@type\":\"EntryPoint\",\"urlTemplate\":\"https:\/\/calcul-electrique.com\/?s={search_term_string}\"},\"query-input\":{\"@type\":\"PropertyValueSpecification\",\"valueRequired\":true,\"valueName\":\"search_term_string\"}}],\"inLanguage\":\"es\"},{\"@type\":\"Organization\",\"@id\":\"https:\/\/calcul-electrique.com\/#organization\",\"name\":\"Trace Software\",\"url\":\"https:\/\/calcul-electrique.com\/\",\"logo\":{\"@type\":\"ImageObject\",\"inLanguage\":\"es\",\"@id\":\"https:\/\/calcul-electrique.com\/#\/schema\/logo\/image\/\",\"url\":\"https:\/\/calcul-electrique.com\/wp-content\/uploads\/2024\/12\/Trace-software-2023.png\",\"contentUrl\":\"https:\/\/calcul-electrique.com\/wp-content\/uploads\/2024\/12\/Trace-software-2023.png\",\"width\":1900,\"height\":350,\"caption\":\"Trace Software\"},\"image\":{\"@id\":\"https:\/\/calcul-electrique.com\/#\/schema\/logo\/image\/\"},\"sameAs\":[\"https:\/\/www.linkedin.com\/company\/trace-software-international\/\"]}]}<\/script>\n<!-- \/ Yoast SEO plugin. -->","yoast_head_json":{"title":"Pol\u00edtica de cookies - Calcul \u00e9lectrique","robots":{"index":"index","follow":"follow","max-snippet":"max-snippet:-1","max-image-preview":"max-image-preview:large","max-video-preview":"max-video-preview:-1"},"canonical":"https:\/\/calcul-electrique.com\/es\/?page_id=13597","og_locale":"es_ES","og_type":"article","og_title":"Pol\u00edtica de cookies - Calcul \u00e9lectrique","og_description":"Pol\u00edtica de cookies Presentaci\u00f3n de una galleta Una cookie es un archivo de texto que se almacena en un espacio dedicado del disco duro del terminal de un Usuario (ordenador, tableta, tel\u00e9fono m\u00f3vil, etc.) cuando consulta un sitio web o utiliza algunas de sus funciones. Se utilizan para identificar y reconocer tu terminal, personalizar las [&hellip;]","og_url":"https:\/\/calcul-electrique.com\/es\/?page_id=13597","og_site_name":"Calcul \u00e9lectrique","article_modified_time":"2024-12-20T10:56:04+00:00","og_image":[{"width":1200,"height":675,"url":"https:\/\/calcul-electrique.com\/wp-content\/uploads\/2024\/12\/Image-site.png","type":"image\/png"}],"twitter_card":"summary_large_image","twitter_misc":{"Tiempo de lectura":"3 minutos"},"schema":{"@context":"https:\/\/schema.org","@graph":[{"@type":"WebPage","@id":"https:\/\/calcul-electrique.com\/es\/?page_id=13597","url":"https:\/\/calcul-electrique.com\/es\/?page_id=13597","name":"Pol\u00edtica de cookies - Calcul \u00e9lectrique","isPartOf":{"@id":"https:\/\/calcul-electrique.com\/#website"},"datePublished":"2023-12-14T08:01:09+00:00","dateModified":"2024-12-20T10:56:04+00:00","breadcrumb":{"@id":"https:\/\/calcul-electrique.com\/es\/?page_id=13597#breadcrumb"},"inLanguage":"es","potentialAction":[{"@type":"ReadAction","target":["https:\/\/calcul-electrique.com\/es\/?page_id=13597"]}]},{"@type":"BreadcrumbList","@id":"https:\/\/calcul-electrique.com\/es\/?page_id=13597#breadcrumb","itemListElement":[{"@type":"ListItem","position":1,"name":"Accueil","item":"https:\/\/calcul-electrique.com\/es\/"},{"@type":"ListItem","position":2,"name":"Pol\u00edtica de cookies"}]},{"@type":"WebSite","@id":"https:\/\/calcul-electrique.com\/#website","url":"https:\/\/calcul-electrique.com\/","name":"Calcul \u00e9lectrique","description":"Simplifiez vos projets \u00e9lectriques avec calcul \u00e9lectrique !","publisher":{"@id":"https:\/\/calcul-electrique.com\/#organization"},"potentialAction":[{"@type":"SearchAction","target":{"@type":"EntryPoint","urlTemplate":"https:\/\/calcul-electrique.com\/?s={search_term_string}"},"query-input":{"@type":"PropertyValueSpecification","valueRequired":true,"valueName":"search_term_string"}}],"inLanguage":"es"},{"@type":"Organization","@id":"https:\/\/calcul-electrique.com\/#organization","name":"Trace Software","url":"https:\/\/calcul-electrique.com\/","logo":{"@type":"ImageObject","inLanguage":"es","@id":"https:\/\/calcul-electrique.com\/#\/schema\/logo\/image\/","url":"https:\/\/calcul-electrique.com\/wp-content\/uploads\/2024\/12\/Trace-software-2023.png","contentUrl":"https:\/\/calcul-electrique.com\/wp-content\/uploads\/2024\/12\/Trace-software-2023.png","width":1900,"height":350,"caption":"Trace Software"},"image":{"@id":"https:\/\/calcul-electrique.com\/#\/schema\/logo\/image\/"},"sameAs":["https:\/\/www.linkedin.com\/company\/trace-software-international\/"]}]}},"uagb_featured_image_src":{"full":false,"thumbnail":false,"medium":false,"medium_large":false,"large":false,"1536x1536":false,"2048x2048":false},"uagb_author_info":{"display_name":"Max Farez","author_link":"https:\/\/calcul-electrique.com\/es\/author\/mfarez\/"},"uagb_comment_info":0,"uagb_excerpt":"Pol\u00edtica de cookies Presentaci\u00f3n de una galleta Una cookie es un archivo de texto que se almacena en un espacio dedicado del disco duro del terminal de un Usuario (ordenador, tableta, tel\u00e9fono m\u00f3vil, etc.) cuando consulta un sitio web o utiliza algunas de sus funciones. Se utilizan para identificar y reconocer tu terminal, personalizar las&hellip;","_links":{"self":[{"href":"https:\/\/calcul-electrique.com\/es\/wp-json\/wp\/v2\/pages\/13597","targetHints":{"allow":["GET"]}}],"collection":[{"href":"https:\/\/calcul-electrique.com\/es\/wp-json\/wp\/v2\/pages"}],"about":[{"href":"https:\/\/calcul-electrique.com\/es\/wp-json\/wp\/v2\/types\/page"}],"author":[{"embeddable":true,"href":"https:\/\/calcul-electrique.com\/es\/wp-json\/wp\/v2\/users\/10"}],"replies":[{"embeddable":true,"href":"https:\/\/calcul-electrique.com\/es\/wp-json\/wp\/v2\/comments?post=13597"}],"version-history":[{"count":2,"href":"https:\/\/calcul-electrique.com\/es\/wp-json\/wp\/v2\/pages\/13597\/revisions"}],"predecessor-version":[{"id":13602,"href":"https:\/\/calcul-electrique.com\/es\/wp-json\/wp\/v2\/pages\/13597\/revisions\/13602"}],"wp:attachment":[{"href":"https:\/\/calcul-electrique.com\/es\/wp-json\/wp\/v2\/media?parent=13597"}],"curies":[{"name":"wp","href":"https:\/\/api.w.org\/{rel}","templated":true}]}}