{"id":13555,"date":"2024-01-16T14:06:56","date_gmt":"2024-01-16T13:06:56","guid":{"rendered":"https:\/\/calcul-electrique.com\/faq-elec-calc\/"},"modified":"2025-01-10T14:01:20","modified_gmt":"2025-01-10T13:01:20","slug":"faq-elec-calc","status":"publish","type":"page","link":"https:\/\/calcul-electrique.com\/es\/articulos\/faq-elec-calc\/","title":{"rendered":"FAQ elec calc\u2122"},"content":{"rendered":"\n<div class=\"wp-block-uagb-container uagb-block-738bdace alignfull uagb-is-root-container\">\n<div class=\"wp-block-uagb-container uagb-block-3e05db6d alignfull uagb-is-root-container\"><div class=\"uagb-container-inner-blocks-wrap\">\n<div class=\"wp-block-uagb-container uagb-block-213f2508\">\n<div class=\"wp-block-uagb-container uagb-block-71f7a95e\">\n<hr class=\"wp-block-separator has-alpha-channel-opacity\"\/>\n<\/div>\n\n\n\n<div class=\"wp-block-uagb-advanced-heading uagb-block-374e85e2\"><h2 class=\"uagb-heading-text\">C\u00e1lculo<\/h2><\/div>\n\n\n\n<div class=\"wp-block-uagb-container uagb-block-75953bdd\">\n<hr class=\"wp-block-separator has-alpha-channel-opacity\"\/>\n<\/div>\n<\/div>\n\n\n\n<div class=\"wp-block-uagb-advanced-heading uagb-block-262a4aab\"><h5 class=\"uagb-heading-text\">Sum\u00e9rgete en nuestros innovadores art\u00edculos sobre c\u00e1lculo el\u00e9ctrico y dimensionamiento con elec calc.<\/h5><\/div>\n\n\n\n\t\t\t<div class=\"wp-block-uagb-post-carousel uagb-post-grid  uagb-post__image-position-top uagb-post__image-disabled uagb-block-c6a3c905     uagb-post__arrow-outside uagb-post__items uagb-post__columns-3 is-carousel uagb-post__columns-tablet-2 uagb-post__columns-mobile-1 uagb-post__carousel_equal-height\" data-total=\"1\" style=\"\">\n\n\t\t\t\t\t\t\t\t\t\t\t\t<article class=\"uagb-post__inner-wrap\">\t\t\t\t\t\t\t\t<h5 class=\"uagb-post__title uagb-post__text\">\n\t\t\t\t<a href=\"https:\/\/calcul-electrique.com\/es\/faq-elec-calc-es\/demasiada-tension-termica-en-el-conductor-de-fase\/\" target=\"_self\" rel=\"bookmark noopener noreferrer\">Demasiada tensi\u00f3n t\u00e9rmica en el conductor de fase<\/a>\n\t\t\t<\/h5>\n\t\t\t\t\t\t<div class='uagb-post__text uagb-post-grid-byline'>\n\t\t\t\t\t\t\t<\/div>\n\t\t\t\t\t\t\t<div class='uagb-post__text uagb-post__excerpt'>\n\t\t\t\t\t<p>Art\u00edculo 434.5.2 de la norma NF C 15-100 : El tiempo de corte de&#8230;\t\t\t\t<\/div>\n\t\t\t\t\t\t<div class=\"uagb-post__text uagb-post__cta wp-block-button\">\n\t\t\t\t<a class=\"wp-block-button__link uagb-text-link\" style=\"\" href=\"https:\/\/calcul-electrique.com\/es\/faq-elec-calc-es\/demasiada-tension-termica-en-el-conductor-de-fase\/\" target=\"_self\" rel=\"bookmark noopener noreferrer\">Leer m\u00e1s<\/a>\n\t\t\t<\/div>\n\t\t\t\n\t\t\t\t\t\t\t\t\t<\/article>\n\t\t\t\t\t\t\t\t\t\t\t<\/div>\n\t\t\t<\/div><\/div>\n\n\n\n<div class=\"wp-block-uagb-container uagb-block-f922a270 alignfull uagb-is-root-container\"><div class=\"uagb-container-inner-blocks-wrap\">\n<div class=\"wp-block-uagb-container uagb-block-a0f3bb17\">\n<div class=\"wp-block-uagb-container uagb-block-659cc7df\">\n<hr class=\"wp-block-separator has-alpha-channel-opacity\"\/>\n<\/div>\n\n\n\n<div class=\"wp-block-uagb-advanced-heading uagb-block-27367ac9\"><h2 class=\"uagb-heading-text\">Instalaci\u00f3n<\/h2><\/div>\n\n\n\n<div class=\"wp-block-uagb-container uagb-block-cb8ef87b\">\n<hr class=\"wp-block-separator has-alpha-channel-opacity\"\/>\n<\/div>\n<\/div>\n\n\n\n<div class=\"wp-block-uagb-advanced-heading uagb-block-2f43bde0\"><h5 class=\"uagb-heading-text\">Descubre nuestros art\u00edculos y gu\u00edas para instalar elec calc de forma eficiente. Obt\u00e9n consejos pr\u00e1cticos para una puesta en marcha y un uso sin preocupaciones. <\/h5><\/div>\n\n\n\n\t\t\t<div class=\"wp-block-uagb-post-carousel uagb-post-grid  uagb-post__image-position-top uagb-post__image-disabled uagb-block-30c1584c     uagb-post__arrow-outside uagb-slick-carousel uagb-post__items uagb-post__columns-3 is-carousel uagb-post__columns-tablet-2 uagb-post__columns-mobile-1 uagb-post__carousel_equal-height\" data-total=\"1\" style=\"\">\n\n\t\t\t\t\t\t\t\t\t\t\t\t<article class=\"uagb-post__inner-wrap\">\t\t\t\t\t\t\t\t<h5 class=\"uagb-post__title uagb-post__text\">\n\t\t\t\t<a href=\"https:\/\/calcul-electrique.com\/es\/faq-elec-calc-es\/como-activo-mi-licencia-por-correo-electronico\/\" target=\"_self\" rel=\"bookmark noopener noreferrer\">\u00bfC\u00f3mo activo mi licencia por correo electr\u00f3nico?<\/a>\n\t\t\t<\/h5>\n\t\t\t\t\t\t<div class='uagb-post__text uagb-post-grid-byline'>\n\t\t\t\t\t\t\t<\/div>\n\t\t\t\t\t\t\t<div class='uagb-post__text uagb-post__excerpt'>\n\t\t\t\t\t<p>En la mayor\u00eda de los casos, el gestor de licencias elec calc\u2122 te permite&#8230;\t\t\t\t<\/div>\n\t\t\t\t\t\t<div class=\"uagb-post__text uagb-post__cta wp-block-button\">\n\t\t\t\t<a class=\"wp-block-button__link uagb-text-link\" style=\"\" href=\"https:\/\/calcul-electrique.com\/es\/faq-elec-calc-es\/como-activo-mi-licencia-por-correo-electronico\/\" target=\"_self\" rel=\"bookmark noopener noreferrer\">Leer m\u00e1s<\/a>\n\t\t\t<\/div>\n\t\t\t\n\t\t\t\t\t\t\t\t\t<\/article>\n\t\t\t\t\t\t\t\t\t\t\t\t\t\t\t\t<article class=\"uagb-post__inner-wrap\">\t\t\t\t\t\t\t\t<h5 class=\"uagb-post__title uagb-post__text\">\n\t\t\t\t<a href=\"https:\/\/calcul-electrique.com\/es\/faq-elec-calc-es\/le-quedan-x-dias-para-que-caduque-su-permiso-x-dias-para-que-se-reactive\/\" target=\"_self\" rel=\"bookmark noopener noreferrer\">Reactiva tu licencia elec calc<\/a>\n\t\t\t<\/h5>\n\t\t\t\t\t\t<div class='uagb-post__text uagb-post-grid-byline'>\n\t\t\t\t\t\t\t<\/div>\n\t\t\t\t\t\t\t<div class='uagb-post__text uagb-post__excerpt'>\n\t\t\t\t\t<p>La activaci\u00f3n de una licencia es v\u00e1lida durante 365 d\u00edas, o 60 d\u00edas cuando&#8230;\t\t\t\t<\/div>\n\t\t\t\t\t\t<div class=\"uagb-post__text uagb-post__cta wp-block-button\">\n\t\t\t\t<a class=\"wp-block-button__link uagb-text-link\" style=\"\" href=\"https:\/\/calcul-electrique.com\/es\/faq-elec-calc-es\/le-quedan-x-dias-para-que-caduque-su-permiso-x-dias-para-que-se-reactive\/\" target=\"_self\" rel=\"bookmark noopener noreferrer\">Leer m\u00e1s<\/a>\n\t\t\t<\/div>\n\t\t\t\n\t\t\t\t\t\t\t\t\t<\/article>\n\t\t\t\t\t\t\t\t\t\t\t\t\t\t\t\t<article class=\"uagb-post__inner-wrap\">\t\t\t\t\t\t\t\t<h5 class=\"uagb-post__title uagb-post__text\">\n\t\t\t\t<a href=\"https:\/\/calcul-electrique.com\/es\/faq-elec-calc-es\/proteccion-inactiva-2\/\" target=\"_self\" rel=\"bookmark noopener noreferrer\">Protecci\u00f3n inactiva<\/a>\n\t\t\t<\/h5>\n\t\t\t\t\t\t<div class='uagb-post__text uagb-post-grid-byline'>\n\t\t\t\t\t\t\t<\/div>\n\t\t\t\t\t\t\t<div class='uagb-post__text uagb-post__excerpt'>\n\t\t\t\t\t<p>Este mensaje indica que tu licencia no est\u00e1 activa. Comprueba en el Gestor de&#8230;\t\t\t\t<\/div>\n\t\t\t\t\t\t<div class=\"uagb-post__text uagb-post__cta wp-block-button\">\n\t\t\t\t<a class=\"wp-block-button__link uagb-text-link\" style=\"\" href=\"https:\/\/calcul-electrique.com\/es\/faq-elec-calc-es\/proteccion-inactiva-2\/\" target=\"_self\" rel=\"bookmark noopener noreferrer\">Leer m\u00e1s<\/a>\n\t\t\t<\/div>\n\t\t\t\n\t\t\t\t\t\t\t\t\t<\/article>\n\t\t\t\t\t\t\t\t\t\t\t\t\t\t\t\t<article class=\"uagb-post__inner-wrap\">\t\t\t\t\t\t\t\t<h5 class=\"uagb-post__title uagb-post__text\">\n\t\t\t\t<a href=\"https:\/\/calcul-electrique.com\/es\/faq-elec-calc-es\/el-servicio-ist-ha-dejado-de-funcionar-o-no-es-accesible\/\" target=\"_self\" rel=\"bookmark noopener noreferrer\">El servicio IST ha dejado de funcionar o no es accesible&#8230;<\/a>\n\t\t\t<\/h5>\n\t\t\t\t\t\t<div class='uagb-post__text uagb-post-grid-byline'>\n\t\t\t\t\t\t\t<\/div>\n\t\t\t\t\t\t\t<div class='uagb-post__text uagb-post__excerpt'>\n\t\t\t\t\t<p>Este mensaje indica un problema con la configuraci\u00f3n de tu ordenador. Comprueba los cortafuegos,&#8230;\t\t\t\t<\/div>\n\t\t\t\t\t\t<div class=\"uagb-post__text uagb-post__cta wp-block-button\">\n\t\t\t\t<a class=\"wp-block-button__link uagb-text-link\" style=\"\" href=\"https:\/\/calcul-electrique.com\/es\/faq-elec-calc-es\/el-servicio-ist-ha-dejado-de-funcionar-o-no-es-accesible\/\" target=\"_self\" rel=\"bookmark noopener noreferrer\">Leer m\u00e1s<\/a>\n\t\t\t<\/div>\n\t\t\t\n\t\t\t\t\t\t\t\t\t<\/article>\n\t\t\t\t\t\t\t\t\t\t\t<\/div>\n\t\t\t<\/div><\/div>\n\n\n\n<div class=\"wp-block-uagb-container uagb-block-a0bc031b alignfull uagb-is-root-container\"><div class=\"uagb-container-inner-blocks-wrap\">\n<div class=\"wp-block-uagb-container uagb-block-06e9bf94\">\n<div class=\"wp-block-uagb-container uagb-block-e22749a5\">\n<hr class=\"wp-block-separator has-alpha-channel-opacity\"\/>\n<\/div>\n\n\n\n<div class=\"wp-block-uagb-advanced-heading uagb-block-280f40ee\"><h2 class=\"uagb-heading-text\">Interfaz<\/h2><\/div>\n\n\n\n<div class=\"wp-block-uagb-container uagb-block-1a559e99\">\n<hr class=\"wp-block-separator has-alpha-channel-opacity\"\/>\n<\/div>\n<\/div>\n\n\n\n<div class=\"wp-block-uagb-advanced-heading uagb-block-4328eadd\"><h5 class=\"uagb-heading-text\">Echa un vistazo a nuestros art\u00edculos detallados sobre la interfaz elec calc para optimizar tu dominio de las funciones y mejorar tu eficacia diaria.<\/h5><\/div>\n\n\n\n\t\t\t<div class=\"wp-block-uagb-post-carousel uagb-post-grid  uagb-post__image-position-top uagb-post__image-disabled uagb-block-d2d31c7b     uagb-post__arrow-outside uagb-post__items uagb-post__columns-3 is-carousel uagb-post__columns-tablet-2 uagb-post__columns-mobile-1 uagb-post__carousel_equal-height\" data-total=\"1\" style=\"\">\n\n\t\t\t\t\t\t\t\t\t\t\t\t<article class=\"uagb-post__inner-wrap\">\t\t\t\t\t\t\t\t<h5 class=\"uagb-post__title uagb-post__text\">\n\t\t\t\t<a href=\"https:\/\/calcul-electrique.com\/es\/faq-elec-calc-es\/continuar-con-un-despachador-en-otra-pestana\/\" target=\"_self\" rel=\"bookmark noopener noreferrer\">Continuar con un despachador en otra pesta\u00f1a<\/a>\n\t\t\t<\/h5>\n\t\t\t\t\t\t<div class='uagb-post__text uagb-post-grid-byline'>\n\t\t\t\t\t\t\t<\/div>\n\t\t\t\t\t\t\t<div class='uagb-post__text uagb-post__excerpt'>\n\t\t\t\t\t<p>Puedes utilizar fondos en tu diagrama m\u00edmico para modelar tus diferentes tablas en varias&#8230;\t\t\t\t<\/div>\n\t\t\t\t\t\t<div class=\"uagb-post__text uagb-post__cta wp-block-button\">\n\t\t\t\t<a class=\"wp-block-button__link uagb-text-link\" style=\"\" href=\"https:\/\/calcul-electrique.com\/es\/faq-elec-calc-es\/continuar-con-un-despachador-en-otra-pestana\/\" target=\"_self\" rel=\"bookmark noopener noreferrer\">Leer m\u00e1s<\/a>\n\t\t\t<\/div>\n\t\t\t\n\t\t\t\t\t\t\t\t\t<\/article>\n\t\t\t\t\t\t\t\t\t\t\t<\/div>\n\t\t\t<\/div><\/div>\n\n\n\n<div class=\"wp-block-uagb-container uagb-block-83301d67 alignfull uagb-is-root-container\"><div class=\"uagb-container-inner-blocks-wrap\">\n<div class=\"wp-block-uagb-container uagb-block-2c2b06f5\">\n<div class=\"wp-block-uagb-container uagb-block-d3a85bcb\">\n<hr class=\"wp-block-separator has-alpha-channel-opacity\"\/>\n<\/div>\n\n\n\n<div class=\"wp-block-uagb-advanced-heading uagb-block-8c1aee7e\"><h2 class=\"uagb-heading-text\">Referencias<\/h2><\/div>\n\n\n\n<div class=\"wp-block-uagb-container uagb-block-f6b6c1b8\">\n<hr class=\"wp-block-separator has-alpha-channel-opacity\"\/>\n<\/div>\n<\/div>\n\n\n\n<div class=\"wp-block-uagb-advanced-heading uagb-block-7e6492af\"><h5 class=\"uagb-heading-text\">Consulta nuestros art\u00edculos sobre referencias de fabricantes en el cat\u00e1logo elec calc para ayudarte a resolver los problemas de selecci\u00f3n y garantizar la conformidad de tus instalaciones.<\/h5><\/div>\n\n\n\n\t\t\t<div class=\"wp-block-uagb-post-carousel uagb-post-grid  uagb-post__image-position-top uagb-post__image-disabled uagb-block-eb780197     uagb-post__arrow-outside uagb-post__items uagb-post__columns-3 is-carousel uagb-post__columns-tablet-2 uagb-post__columns-mobile-1 uagb-post__carousel_equal-height\" data-total=\"0\" style=\"\">\n\n\t\t\t\t\t\t\t\t\t<p class=\"uagb-post__no-posts\">\n\t\t\t\t\t\tNo post found!\t\t\t\t\t<\/p>\n\t\t\t\t\t\t\t\t<\/div>\n\t\t\t<\/div><\/div>\n<\/div>\n","protected":false},"excerpt":{"rendered":"<p>C\u00e1lculo Sum\u00e9rgete en nuestros innovadores art\u00edculos sobre c\u00e1lculo el\u00e9ctrico y dimensionamiento con elec calc. Instalaci\u00f3n Descubre nuestros art\u00edculos y gu\u00edas para instalar elec calc de forma eficiente. Obt\u00e9n consejos pr\u00e1cticos para una puesta en marcha y un uso sin preocupaciones. Interfaz Echa un vistazo a nuestros art\u00edculos detallados sobre la interfaz elec calc para optimizar [&hellip;]<\/p>\n","protected":false},"author":10,"featured_media":0,"parent":13603,"menu_order":1,"comment_status":"closed","ping_status":"closed","template":"","meta":{"_uag_custom_page_level_css":"","_swt_meta_header_display":false,"_swt_meta_footer_display":false,"_swt_meta_site_title_display":false,"_swt_meta_sticky_header":false,"_swt_meta_transparent_header":false,"footnotes":""},"class_list":["post-13555","page","type-page","status-publish","hentry"],"yoast_head":"<!-- This site is optimized with the Yoast SEO plugin v27.0 - https:\/\/yoast.com\/product\/yoast-seo-wordpress\/ -->\n<title>FAQ elec calc\u2122 - Calcul \u00e9lectrique<\/title>\n<meta name=\"robots\" content=\"index, follow, max-snippet:-1, max-image-preview:large, max-video-preview:-1\" \/>\n<link rel=\"canonical\" href=\"https:\/\/calcul-electrique.com\/es\/articulos\/faq-elec-calc\/\" \/>\n<meta property=\"og:locale\" content=\"es_ES\" \/>\n<meta property=\"og:type\" content=\"article\" \/>\n<meta property=\"og:title\" content=\"FAQ elec calc\u2122 - Calcul \u00e9lectrique\" \/>\n<meta property=\"og:description\" content=\"C\u00e1lculo Sum\u00e9rgete en nuestros innovadores art\u00edculos sobre c\u00e1lculo el\u00e9ctrico y dimensionamiento con elec calc. Instalaci\u00f3n Descubre nuestros art\u00edculos y gu\u00edas para instalar elec calc de forma eficiente. Obt\u00e9n consejos pr\u00e1cticos para una puesta en marcha y un uso sin preocupaciones. Interfaz Echa un vistazo a nuestros art\u00edculos detallados sobre la interfaz elec calc para optimizar [&hellip;]\" \/>\n<meta property=\"og:url\" content=\"https:\/\/calcul-electrique.com\/es\/articulos\/faq-elec-calc\/\" \/>\n<meta property=\"og:site_name\" content=\"Calcul \u00e9lectrique\" \/>\n<meta property=\"article:modified_time\" content=\"2025-01-10T13:01:20+00:00\" \/>\n<meta property=\"og:image\" content=\"https:\/\/calcul-electrique.com\/wp-content\/uploads\/2024\/12\/Image-site.png\" \/>\n\t<meta property=\"og:image:width\" content=\"1200\" \/>\n\t<meta property=\"og:image:height\" content=\"675\" \/>\n\t<meta property=\"og:image:type\" content=\"image\/png\" \/>\n<meta name=\"twitter:card\" content=\"summary_large_image\" \/>\n<meta name=\"twitter:label1\" content=\"Tiempo de lectura\" \/>\n\t<meta name=\"twitter:data1\" content=\"1 minuto\" \/>\n<script type=\"application\/ld+json\" class=\"yoast-schema-graph\">{\"@context\":\"https:\/\/schema.org\",\"@graph\":[{\"@type\":\"WebPage\",\"@id\":\"https:\/\/calcul-electrique.com\/es\/articulos\/faq-elec-calc\/\",\"url\":\"https:\/\/calcul-electrique.com\/es\/articulos\/faq-elec-calc\/\",\"name\":\"FAQ elec calc\u2122 - Calcul \u00e9lectrique\",\"isPartOf\":{\"@id\":\"https:\/\/calcul-electrique.com\/#website\"},\"datePublished\":\"2024-01-16T13:06:56+00:00\",\"dateModified\":\"2025-01-10T13:01:20+00:00\",\"breadcrumb\":{\"@id\":\"https:\/\/calcul-electrique.com\/es\/articulos\/faq-elec-calc\/#breadcrumb\"},\"inLanguage\":\"es\",\"potentialAction\":[{\"@type\":\"ReadAction\",\"target\":[\"https:\/\/calcul-electrique.com\/es\/articulos\/faq-elec-calc\/\"]}]},{\"@type\":\"BreadcrumbList\",\"@id\":\"https:\/\/calcul-electrique.com\/es\/articulos\/faq-elec-calc\/#breadcrumb\",\"itemListElement\":[{\"@type\":\"ListItem\",\"position\":1,\"name\":\"Accueil\",\"item\":\"https:\/\/calcul-electrique.com\/es\/\"},{\"@type\":\"ListItem\",\"position\":2,\"name\":\"Art\u00edculos\",\"item\":\"https:\/\/calcul-electrique.com\/es\/articulos\/\"},{\"@type\":\"ListItem\",\"position\":3,\"name\":\"FAQ elec calc\u2122\"}]},{\"@type\":\"WebSite\",\"@id\":\"https:\/\/calcul-electrique.com\/#website\",\"url\":\"https:\/\/calcul-electrique.com\/\",\"name\":\"Calcul \u00e9lectrique\",\"description\":\"Simplifiez vos projets \u00e9lectriques avec calcul \u00e9lectrique !\",\"publisher\":{\"@id\":\"https:\/\/calcul-electrique.com\/#organization\"},\"potentialAction\":[{\"@type\":\"SearchAction\",\"target\":{\"@type\":\"EntryPoint\",\"urlTemplate\":\"https:\/\/calcul-electrique.com\/?s={search_term_string}\"},\"query-input\":{\"@type\":\"PropertyValueSpecification\",\"valueRequired\":true,\"valueName\":\"search_term_string\"}}],\"inLanguage\":\"es\"},{\"@type\":\"Organization\",\"@id\":\"https:\/\/calcul-electrique.com\/#organization\",\"name\":\"Trace Software\",\"url\":\"https:\/\/calcul-electrique.com\/\",\"logo\":{\"@type\":\"ImageObject\",\"inLanguage\":\"es\",\"@id\":\"https:\/\/calcul-electrique.com\/#\/schema\/logo\/image\/\",\"url\":\"https:\/\/calcul-electrique.com\/wp-content\/uploads\/2024\/12\/Trace-software-2023.png\",\"contentUrl\":\"https:\/\/calcul-electrique.com\/wp-content\/uploads\/2024\/12\/Trace-software-2023.png\",\"width\":1900,\"height\":350,\"caption\":\"Trace Software\"},\"image\":{\"@id\":\"https:\/\/calcul-electrique.com\/#\/schema\/logo\/image\/\"},\"sameAs\":[\"https:\/\/www.linkedin.com\/company\/trace-software-international\/\"]}]}<\/script>\n<!-- \/ Yoast SEO plugin. -->","yoast_head_json":{"title":"FAQ elec calc\u2122 - Calcul \u00e9lectrique","robots":{"index":"index","follow":"follow","max-snippet":"max-snippet:-1","max-image-preview":"max-image-preview:large","max-video-preview":"max-video-preview:-1"},"canonical":"https:\/\/calcul-electrique.com\/es\/articulos\/faq-elec-calc\/","og_locale":"es_ES","og_type":"article","og_title":"FAQ elec calc\u2122 - Calcul \u00e9lectrique","og_description":"C\u00e1lculo Sum\u00e9rgete en nuestros innovadores art\u00edculos sobre c\u00e1lculo el\u00e9ctrico y dimensionamiento con elec calc. Instalaci\u00f3n Descubre nuestros art\u00edculos y gu\u00edas para instalar elec calc de forma eficiente. Obt\u00e9n consejos pr\u00e1cticos para una puesta en marcha y un uso sin preocupaciones. Interfaz Echa un vistazo a nuestros art\u00edculos detallados sobre la interfaz elec calc para optimizar [&hellip;]","og_url":"https:\/\/calcul-electrique.com\/es\/articulos\/faq-elec-calc\/","og_site_name":"Calcul \u00e9lectrique","article_modified_time":"2025-01-10T13:01:20+00:00","og_image":[{"width":1200,"height":675,"url":"https:\/\/calcul-electrique.com\/wp-content\/uploads\/2024\/12\/Image-site.png","type":"image\/png"}],"twitter_card":"summary_large_image","twitter_misc":{"Tiempo de lectura":"1 minuto"},"schema":{"@context":"https:\/\/schema.org","@graph":[{"@type":"WebPage","@id":"https:\/\/calcul-electrique.com\/es\/articulos\/faq-elec-calc\/","url":"https:\/\/calcul-electrique.com\/es\/articulos\/faq-elec-calc\/","name":"FAQ elec calc\u2122 - Calcul \u00e9lectrique","isPartOf":{"@id":"https:\/\/calcul-electrique.com\/#website"},"datePublished":"2024-01-16T13:06:56+00:00","dateModified":"2025-01-10T13:01:20+00:00","breadcrumb":{"@id":"https:\/\/calcul-electrique.com\/es\/articulos\/faq-elec-calc\/#breadcrumb"},"inLanguage":"es","potentialAction":[{"@type":"ReadAction","target":["https:\/\/calcul-electrique.com\/es\/articulos\/faq-elec-calc\/"]}]},{"@type":"BreadcrumbList","@id":"https:\/\/calcul-electrique.com\/es\/articulos\/faq-elec-calc\/#breadcrumb","itemListElement":[{"@type":"ListItem","position":1,"name":"Accueil","item":"https:\/\/calcul-electrique.com\/es\/"},{"@type":"ListItem","position":2,"name":"Art\u00edculos","item":"https:\/\/calcul-electrique.com\/es\/articulos\/"},{"@type":"ListItem","position":3,"name":"FAQ elec calc\u2122"}]},{"@type":"WebSite","@id":"https:\/\/calcul-electrique.com\/#website","url":"https:\/\/calcul-electrique.com\/","name":"Calcul \u00e9lectrique","description":"Simplifiez vos projets \u00e9lectriques avec calcul \u00e9lectrique !","publisher":{"@id":"https:\/\/calcul-electrique.com\/#organization"},"potentialAction":[{"@type":"SearchAction","target":{"@type":"EntryPoint","urlTemplate":"https:\/\/calcul-electrique.com\/?s={search_term_string}"},"query-input":{"@type":"PropertyValueSpecification","valueRequired":true,"valueName":"search_term_string"}}],"inLanguage":"es"},{"@type":"Organization","@id":"https:\/\/calcul-electrique.com\/#organization","name":"Trace Software","url":"https:\/\/calcul-electrique.com\/","logo":{"@type":"ImageObject","inLanguage":"es","@id":"https:\/\/calcul-electrique.com\/#\/schema\/logo\/image\/","url":"https:\/\/calcul-electrique.com\/wp-content\/uploads\/2024\/12\/Trace-software-2023.png","contentUrl":"https:\/\/calcul-electrique.com\/wp-content\/uploads\/2024\/12\/Trace-software-2023.png","width":1900,"height":350,"caption":"Trace Software"},"image":{"@id":"https:\/\/calcul-electrique.com\/#\/schema\/logo\/image\/"},"sameAs":["https:\/\/www.linkedin.com\/company\/trace-software-international\/"]}]}},"uagb_featured_image_src":{"full":false,"thumbnail":false,"medium":false,"medium_large":false,"large":false,"1536x1536":false,"2048x2048":false},"uagb_author_info":{"display_name":"Max Farez","author_link":"https:\/\/calcul-electrique.com\/es\/author\/mfarez\/"},"uagb_comment_info":0,"uagb_excerpt":"C\u00e1lculo Sum\u00e9rgete en nuestros innovadores art\u00edculos sobre c\u00e1lculo el\u00e9ctrico y dimensionamiento con elec calc. Instalaci\u00f3n Descubre nuestros art\u00edculos y gu\u00edas para instalar elec calc de forma eficiente. Obt\u00e9n consejos pr\u00e1cticos para una puesta en marcha y un uso sin preocupaciones. Interfaz Echa un vistazo a nuestros art\u00edculos detallados sobre la interfaz elec calc para optimizar&hellip;","_links":{"self":[{"href":"https:\/\/calcul-electrique.com\/es\/wp-json\/wp\/v2\/pages\/13555","targetHints":{"allow":["GET"]}}],"collection":[{"href":"https:\/\/calcul-electrique.com\/es\/wp-json\/wp\/v2\/pages"}],"about":[{"href":"https:\/\/calcul-electrique.com\/es\/wp-json\/wp\/v2\/types\/page"}],"author":[{"embeddable":true,"href":"https:\/\/calcul-electrique.com\/es\/wp-json\/wp\/v2\/users\/10"}],"replies":[{"embeddable":true,"href":"https:\/\/calcul-electrique.com\/es\/wp-json\/wp\/v2\/comments?post=13555"}],"version-history":[{"count":3,"href":"https:\/\/calcul-electrique.com\/es\/wp-json\/wp\/v2\/pages\/13555\/revisions"}],"predecessor-version":[{"id":14177,"href":"https:\/\/calcul-electrique.com\/es\/wp-json\/wp\/v2\/pages\/13555\/revisions\/14177"}],"up":[{"embeddable":true,"href":"https:\/\/calcul-electrique.com\/es\/wp-json\/wp\/v2\/pages\/13603"}],"wp:attachment":[{"href":"https:\/\/calcul-electrique.com\/es\/wp-json\/wp\/v2\/media?parent=13555"}],"curies":[{"name":"wp","href":"https:\/\/api.w.org\/{rel}","templated":true}]}}