{"id":13609,"date":"2023-12-14T09:01:09","date_gmt":"2023-12-14T08:01:09","guid":{"rendered":"https:\/\/calcul-electrique.com\/cookie-policy\/"},"modified":"2024-12-20T11:56:04","modified_gmt":"2024-12-20T10:56:04","slug":"cookie-policy","status":"publish","type":"page","link":"https:\/\/calcul-electrique.com\/en\/cookie-policy\/","title":{"rendered":"Cookie policy"},"content":{"rendered":"\n<div class=\"wp-block-uagb-container uagb-block-1ea666fb alignwide uagb-is-root-container\">\n<h2 class=\"wp-block-heading has-text-align-center has-text-color has-link-color wp-elements-592db1a777d0d7746f6f7104f1444120\" style=\"color:#f96400;margin-top:var(--wp--preset--spacing--xx-small);margin-bottom:var(--wp--preset--spacing--x-small)\">Cookie policy<\/h2>\n\n\n\n<h3 class=\"wp-block-heading\" style=\"margin-top:var(--wp--preset--spacing--xx-small);margin-bottom:var(--wp--preset--spacing--x-small)\">Cookie presentation<\/h3>\n\n\n\n<p class=\"nc-justify-text\" style=\"margin-top:var(--wp--preset--spacing--xxx-small);margin-bottom:var(--wp--preset--spacing--xxx-small);padding-top:0;padding-right:0;padding-bottom:0;padding-left:0\">A cookie is a text file stored in a dedicated space on the hard disk of a User&#8217;s terminal (computer, tablet, cell phone, etc.) when consulting a website or using certain of its functions. In particular, they enable us to identify and recognize your terminal, personalize pages by adapting them to your profile, and provide you with a better browsing experience. Cookies and other tracers enable data to be collected, such as the time and day of connection, the computer&#8217;s operating system and the pages of sites visited&#8230;  <\/p>\n\n\n\n<h3 class=\"wp-block-heading\" style=\"margin-top:var(--wp--preset--spacing--x-small);margin-bottom:var(--wp--preset--spacing--x-small)\">Which cookies do we use and for what purpose?<\/h3>\n\n\n\n<p class=\"nc-justify-text\" style=\"margin-top:var(--wp--preset--spacing--xxx-small);margin-right:0;margin-bottom:var(--wp--preset--spacing--xxx-small);margin-left:0;padding-top:0;padding-right:0;padding-bottom:0;padding-left:0\">calcul-electrique.com uses various cookies:<\/p>\n\n\n\n<p class=\"nc-justify-text\" style=\"margin-top:var(--wp--preset--spacing--xxx-small);margin-right:0;margin-bottom:var(--wp--preset--spacing--xxx-small);margin-left:0;padding-top:0;padding-right:0;padding-bottom:0;padding-left:0\"><strong>Technical or functional cookies <\/strong>enable you to navigate through the pages of our site.<\/p>\n\n\n\n<p class=\"nc-justify-text\" style=\"margin-top:var(--wp--preset--spacing--xxx-small);margin-right:0;margin-bottom:var(--wp--preset--spacing--xxx-small);margin-left:0;padding-top:0;padding-right:0;padding-bottom:0;padding-left:0\">Cookies strictly necessary for the proper functioning of the site will always be active on your terminal in order to enable your browsing.<\/p>\n\n\n\n<p class=\"nc-justify-text\" style=\"margin-top:var(--wp--preset--spacing--xxx-small);margin-right:0;margin-bottom:var(--wp--preset--spacing--xxx-small);margin-left:0;padding-top:0;padding-right:0;padding-bottom:0;padding-left:0\"><strong>Audience measurement or statistical cookies<\/strong> enable Trace Software International to draw up statistics relating to the frequentation and use of its site by determining, for example, the number of visits and the pages most or least visited, by evaluating user navigation and by identifying any technical malfunctions.<\/p>\n\n\n\n<p class=\"nc-justify-text\" style=\"margin-top:var(--wp--preset--spacing--xxx-small);margin-right:0;margin-bottom:var(--wp--preset--spacing--xxx-small);margin-left:0;padding-top:0;padding-right:0;padding-bottom:0;padding-left:0\"><strong>Marketing\/tracking cookies: <\/strong>used to track visitors to our websites. The aim is to display ads that are relevant and interesting to the user. <\/p>\n\n\n\n<p class=\"nc-justify-text\" style=\"margin-top:var(--wp--preset--spacing--xxx-small);margin-right:0;margin-bottom:var(--wp--preset--spacing--xxx-small);margin-left:0;padding-top:0;padding-right:0;padding-bottom:0;padding-left:0\"><strong>Other cookies: <\/strong>cookies in this category have not yet been categorized, and their purpose may be unknown at this time.<\/p>\n\n\n\n<h3 class=\"wp-block-heading\" style=\"margin-top:var(--wp--preset--spacing--x-small);margin-bottom:var(--wp--preset--spacing--x-small)\">Cookies issued by third parties<\/h3>\n\n\n\n<p class=\"nc-justify-text\" style=\"margin-top:var(--wp--preset--spacing--xxx-small);margin-bottom:var(--wp--preset--spacing--xxx-small);padding-top:0;padding-right:0;padding-bottom:0;padding-left:0\">Our site uses Cookies issued by third parties. You will find below the list of the various issuers of Cookies: <\/p>\n\n\n\n<div class=\"wp-block-uagb-container uagb-block-3fe7d123 alignfull uagb-is-root-container\"><div class=\"uagb-container-inner-blocks-wrap\">\n<div class=\"wp-block-uagb-container uagb-block-b193a307\">\n<div class=\"wp-block-uagb-info-box uagb-block-3100fe88 uagb-infobox__content-wrap  uagb-infobox-icon-above-title uagb-infobox-image-valign-top\"><div class=\"uagb-ifb-content\"><div class=\"uagb-ifb-title-wrap\"><h3 class=\"uagb-ifb-title\">Transmitter<\/h3><\/div><p class=\"uagb-ifb-desc\">Google Analytics<br\/>Google ReCAPTCHA <br\/>Google Fonts <br\/>Google Maps <br\/>Youtube<\/p><\/div><\/div>\n<\/div>\n\n\n\n<div class=\"wp-block-uagb-container uagb-block-84eab0bb\">\n<div class=\"wp-block-uagb-info-box uagb-block-5a265a5e uagb-infobox__content-wrap  uagb-infobox-icon-above-title uagb-infobox-image-valign-top\"><div class=\"uagb-ifb-content\"><div class=\"uagb-ifb-title-wrap\"><h3 class=\"uagb-ifb-title\">Purpose<\/h3><\/div><p class=\"uagb-ifb-desc\">Statistics<br\/>Functional<br\/>Functional<br\/>Marketing<br\/>Other (Video)<\/p><\/div><\/div>\n<\/div>\n\n\n\n<div class=\"wp-block-uagb-container uagb-block-2e4a6b34\">\n<div class=\"wp-block-uagb-info-box uagb-block-42a2388a uagb-infobox__content-wrap  uagb-infobox-icon-above-title uagb-infobox-image-valign-top\"><div class=\"uagb-ifb-content\"><div class=\"uagb-ifb-title-wrap\"><h3 class=\"uagb-ifb-title\">Cookie lifetime<\/h3><\/div><p class=\"uagb-ifb-desc\">24 months<br\/> 24 months<br\/> 24 months<br\/> 13 months<br\/> 13 months<\/p><\/div><\/div>\n<\/div>\n<\/div><\/div>\n\n\n\n<h3 class=\"wp-block-heading\" style=\"margin-top:var(--wp--preset--spacing--x-small);margin-bottom:var(--wp--preset--spacing--x-small)\">Choices and procedures for accepting or refusing cookies<\/h3>\n\n\n\n<p class=\"nc-justify-text\" style=\"margin-top:var(--wp--preset--spacing--xxx-small);margin-right:0;margin-bottom:var(--wp--preset--spacing--xxx-small);margin-left:0;padding-top:0;padding-right:0;padding-bottom:0;padding-left:0\">With the exception of Cookies strictly necessary for the operation of the site, the deposit of a Cookie on your terminal is subject to your prior consent.<\/p>\n\n\n\n<p class=\"nc-justify-text\" style=\"margin-top:var(--wp--preset--spacing--xxx-small);margin-right:0;margin-bottom:var(--wp--preset--spacing--xxx-small);margin-left:0;padding-top:0;padding-right:0;padding-bottom:0;padding-left:0\">When you visit our site for the first time, our Cookie settings tool will appear on your screen to ask you to accept, refuse or configure your choice concerning Cookies.<\/p>\n\n\n\n<p class=\"nc-justify-text\" style=\"margin-top:var(--wp--preset--spacing--xxx-small);margin-right:0;margin-bottom:var(--wp--preset--spacing--xxx-small);margin-left:0;padding-top:0;padding-right:0;padding-bottom:0;padding-left:0\">Once you have made this choice, you still have various ways of managing your Cookies, and you can choose to deactivate them at any time. In particular, you can configure your Cookie choices using our Cookie settings tool, accessible by clicking on the &#8220;Consent management&#8221; link at the bottom of each page of the site. <\/p>\n\n\n\n<p class=\"nc-justify-text\" style=\"margin-top:var(--wp--preset--spacing--xxx-small);margin-right:0;margin-bottom:var(--wp--preset--spacing--small);margin-left:0;padding-top:0;padding-right:0;padding-bottom:0;padding-left:0\">You can also configure your choices with regard to cookies, by accessing the <a href=\"http:\/\/www.youronlinechoices.eu\/\">http:\/\/www.youronlinechoices.eu\/<\/a> website <a href=\"http:\/\/www.youronlinechoices.eu\/\">,<\/a> or by configuring your browser directly via the links below:  <\/p>\n\n\n\n<div class=\"wp-block-uagb-icon-list uagb-block-2e240225\"><div class=\"uagb-icon-list__wrap\">\n<div class=\"wp-block-uagb-icon-list-child uagb-block-048515d3\"><span class=\"uagb-icon-list__source-wrap\"><svg xmlns=\"https:\/\/www.w3.org\/2000\/svg\" viewbox=\"0 0 512 512\"><path d=\"M256 0C114.6 0 0 114.6 0 256c0 141.4 114.6 256 256 256s256-114.6 256-256C512 114.6 397.4 0 256 0zM406.6 278.6l-103.1 103.1c-12.5 12.5-32.75 12.5-45.25 0s-12.5-32.75 0-45.25L306.8 288H128C110.3 288 96 273.7 96 256s14.31-32 32-32h178.8l-49.38-49.38c-12.5-12.5-12.5-32.75 0-45.25s32.75-12.5 45.25 0l103.1 103.1C414.6 241.3 416 251.1 416 256C416 260.9 414.6 270.7 406.6 278.6z\"><\/path><\/svg><\/span><span class=\"uagb-icon-list__label\">Safari<\/span><\/div>\n\n\n\n<div class=\"wp-block-uagb-icon-list-child uagb-block-d45f08f7\"><span class=\"uagb-icon-list__source-wrap\"><svg xmlns=\"https:\/\/www.w3.org\/2000\/svg\" viewbox=\"0 0 512 512\"><path d=\"M256 0C114.6 0 0 114.6 0 256c0 141.4 114.6 256 256 256s256-114.6 256-256C512 114.6 397.4 0 256 0zM406.6 278.6l-103.1 103.1c-12.5 12.5-32.75 12.5-45.25 0s-12.5-32.75 0-45.25L306.8 288H128C110.3 288 96 273.7 96 256s14.31-32 32-32h178.8l-49.38-49.38c-12.5-12.5-12.5-32.75 0-45.25s32.75-12.5 45.25 0l103.1 103.1C414.6 241.3 416 251.1 416 256C416 260.9 414.6 270.7 406.6 278.6z\"><\/path><\/svg><\/span><span class=\"uagb-icon-list__label\">Chrome<\/span><\/div>\n\n\n\n<div class=\"wp-block-uagb-icon-list-child uagb-block-eedfde9a\"><span class=\"uagb-icon-list__source-wrap\"><svg xmlns=\"https:\/\/www.w3.org\/2000\/svg\" viewbox=\"0 0 512 512\"><path d=\"M256 0C114.6 0 0 114.6 0 256c0 141.4 114.6 256 256 256s256-114.6 256-256C512 114.6 397.4 0 256 0zM406.6 278.6l-103.1 103.1c-12.5 12.5-32.75 12.5-45.25 0s-12.5-32.75 0-45.25L306.8 288H128C110.3 288 96 273.7 96 256s14.31-32 32-32h178.8l-49.38-49.38c-12.5-12.5-12.5-32.75 0-45.25s32.75-12.5 45.25 0l103.1 103.1C414.6 241.3 416 251.1 416 256C416 260.9 414.6 270.7 406.6 278.6z\"><\/path><\/svg><\/span><span class=\"uagb-icon-list__label\">Firefox<\/span><\/div>\n\n\n\n<div class=\"wp-block-uagb-icon-list-child uagb-block-982cfa51\"><span class=\"uagb-icon-list__source-wrap\"><svg xmlns=\"https:\/\/www.w3.org\/2000\/svg\" viewbox=\"0 0 512 512\"><path d=\"M256 0C114.6 0 0 114.6 0 256c0 141.4 114.6 256 256 256s256-114.6 256-256C512 114.6 397.4 0 256 0zM406.6 278.6l-103.1 103.1c-12.5 12.5-32.75 12.5-45.25 0s-12.5-32.75 0-45.25L306.8 288H128C110.3 288 96 273.7 96 256s14.31-32 32-32h178.8l-49.38-49.38c-12.5-12.5-12.5-32.75 0-45.25s32.75-12.5 45.25 0l103.1 103.1C414.6 241.3 416 251.1 416 256C416 260.9 414.6 270.7 406.6 278.6z\"><\/path><\/svg><\/span><span class=\"uagb-icon-list__label\">Edge \/ Internet Explorer<\/span><\/div>\n\n\n\n<div class=\"wp-block-uagb-icon-list-child uagb-block-6a79953b\"><span class=\"uagb-icon-list__source-wrap\"><svg xmlns=\"https:\/\/www.w3.org\/2000\/svg\" viewbox=\"0 0 512 512\"><path d=\"M256 0C114.6 0 0 114.6 0 256c0 141.4 114.6 256 256 256s256-114.6 256-256C512 114.6 397.4 0 256 0zM406.6 278.6l-103.1 103.1c-12.5 12.5-32.75 12.5-45.25 0s-12.5-32.75 0-45.25L306.8 288H128C110.3 288 96 273.7 96 256s14.31-32 32-32h178.8l-49.38-49.38c-12.5-12.5-12.5-32.75 0-45.25s32.75-12.5 45.25 0l103.1 103.1C414.6 241.3 416 251.1 416 256C416 260.9 414.6 270.7 406.6 278.6z\"><\/path><\/svg><\/span><span class=\"uagb-icon-list__label\">iOS<\/span><\/div>\n<\/div><\/div>\n\n\n\n<h3 class=\"wp-block-heading\" style=\"margin-top:var(--wp--preset--spacing--x-small);margin-bottom:var(--wp--preset--spacing--x-small)\">Questions about our cookie policy.<\/h3>\n\n\n\n<p class=\"nc-justify-text\">If you have any questions about this policy, you can contact Trace Software International by e-mail at: sales@trace-software.com<\/p>\n\n\n\n<p><strong>Last update : <\/strong>08\/01\/2024<\/p>\n<\/div>\n","protected":false},"excerpt":{"rendered":"<p>Cookie policy Cookie presentation A cookie is a text file stored in a dedicated space on the hard disk of a User&#8217;s terminal (computer, tablet, cell phone, etc.) when consulting a website or using certain of its functions. In particular, they enable us to identify and recognize your terminal, personalize pages by adapting them to [&hellip;]<\/p>\n","protected":false},"author":10,"featured_media":0,"parent":0,"menu_order":0,"comment_status":"closed","ping_status":"closed","template":"","meta":{"_uag_custom_page_level_css":"","_swt_meta_header_display":false,"_swt_meta_footer_display":false,"_swt_meta_site_title_display":false,"_swt_meta_sticky_header":false,"_swt_meta_transparent_header":false,"footnotes":""},"class_list":["post-13609","page","type-page","status-publish","hentry"],"yoast_head":"<!-- This site is optimized with the Yoast SEO plugin v27.0 - https:\/\/yoast.com\/product\/yoast-seo-wordpress\/ -->\n<title>Cookie policy - Calcul \u00e9lectrique<\/title>\n<meta name=\"robots\" content=\"index, follow, max-snippet:-1, max-image-preview:large, max-video-preview:-1\" \/>\n<link rel=\"canonical\" href=\"https:\/\/calcul-electrique.com\/en\/?page_id=13609\" \/>\n<meta property=\"og:locale\" content=\"en_US\" \/>\n<meta property=\"og:type\" content=\"article\" \/>\n<meta property=\"og:title\" content=\"Cookie policy - Calcul \u00e9lectrique\" \/>\n<meta property=\"og:description\" content=\"Cookie policy Cookie presentation A cookie is a text file stored in a dedicated space on the hard disk of a User&#8217;s terminal (computer, tablet, cell phone, etc.) when consulting a website or using certain of its functions. In particular, they enable us to identify and recognize your terminal, personalize pages by adapting them to [&hellip;]\" \/>\n<meta property=\"og:url\" content=\"https:\/\/calcul-electrique.com\/en\/?page_id=13609\" \/>\n<meta property=\"og:site_name\" content=\"Calcul \u00e9lectrique\" \/>\n<meta property=\"article:modified_time\" content=\"2024-12-20T10:56:04+00:00\" \/>\n<meta property=\"og:image\" content=\"https:\/\/calcul-electrique.com\/wp-content\/uploads\/2024\/12\/Image-site.png\" \/>\n\t<meta property=\"og:image:width\" content=\"1200\" \/>\n\t<meta property=\"og:image:height\" content=\"675\" \/>\n\t<meta property=\"og:image:type\" content=\"image\/png\" \/>\n<meta name=\"twitter:card\" content=\"summary_large_image\" \/>\n<meta name=\"twitter:label1\" content=\"Est. reading time\" \/>\n\t<meta name=\"twitter:data1\" content=\"2 minutes\" \/>\n<script type=\"application\/ld+json\" class=\"yoast-schema-graph\">{\"@context\":\"https:\/\/schema.org\",\"@graph\":[{\"@type\":\"WebPage\",\"@id\":\"https:\/\/calcul-electrique.com\/en\/?page_id=13609\",\"url\":\"https:\/\/calcul-electrique.com\/en\/?page_id=13609\",\"name\":\"Cookie policy - Calcul \u00e9lectrique\",\"isPartOf\":{\"@id\":\"https:\/\/calcul-electrique.com\/#website\"},\"datePublished\":\"2023-12-14T08:01:09+00:00\",\"dateModified\":\"2024-12-20T10:56:04+00:00\",\"breadcrumb\":{\"@id\":\"https:\/\/calcul-electrique.com\/en\/?page_id=13609#breadcrumb\"},\"inLanguage\":\"en-US\",\"potentialAction\":[{\"@type\":\"ReadAction\",\"target\":[\"https:\/\/calcul-electrique.com\/en\/?page_id=13609\"]}]},{\"@type\":\"BreadcrumbList\",\"@id\":\"https:\/\/calcul-electrique.com\/en\/?page_id=13609#breadcrumb\",\"itemListElement\":[{\"@type\":\"ListItem\",\"position\":1,\"name\":\"Home\",\"item\":\"https:\/\/calcul-electrique.com\/en\/\"},{\"@type\":\"ListItem\",\"position\":2,\"name\":\"Cookie policy\"}]},{\"@type\":\"WebSite\",\"@id\":\"https:\/\/calcul-electrique.com\/#website\",\"url\":\"https:\/\/calcul-electrique.com\/\",\"name\":\"Calcul \u00e9lectrique\",\"description\":\"Simplifiez vos projets \u00e9lectriques avec calcul \u00e9lectrique !\",\"publisher\":{\"@id\":\"https:\/\/calcul-electrique.com\/#organization\"},\"potentialAction\":[{\"@type\":\"SearchAction\",\"target\":{\"@type\":\"EntryPoint\",\"urlTemplate\":\"https:\/\/calcul-electrique.com\/?s={search_term_string}\"},\"query-input\":{\"@type\":\"PropertyValueSpecification\",\"valueRequired\":true,\"valueName\":\"search_term_string\"}}],\"inLanguage\":\"en-US\"},{\"@type\":\"Organization\",\"@id\":\"https:\/\/calcul-electrique.com\/#organization\",\"name\":\"Trace Software\",\"url\":\"https:\/\/calcul-electrique.com\/\",\"logo\":{\"@type\":\"ImageObject\",\"inLanguage\":\"en-US\",\"@id\":\"https:\/\/calcul-electrique.com\/#\/schema\/logo\/image\/\",\"url\":\"https:\/\/calcul-electrique.com\/wp-content\/uploads\/2024\/12\/Trace-software-2023.png\",\"contentUrl\":\"https:\/\/calcul-electrique.com\/wp-content\/uploads\/2024\/12\/Trace-software-2023.png\",\"width\":1900,\"height\":350,\"caption\":\"Trace Software\"},\"image\":{\"@id\":\"https:\/\/calcul-electrique.com\/#\/schema\/logo\/image\/\"},\"sameAs\":[\"https:\/\/www.linkedin.com\/company\/trace-software-international\/\"]}]}<\/script>\n<!-- \/ Yoast SEO plugin. -->","yoast_head_json":{"title":"Cookie policy - Calcul \u00e9lectrique","robots":{"index":"index","follow":"follow","max-snippet":"max-snippet:-1","max-image-preview":"max-image-preview:large","max-video-preview":"max-video-preview:-1"},"canonical":"https:\/\/calcul-electrique.com\/en\/?page_id=13609","og_locale":"en_US","og_type":"article","og_title":"Cookie policy - Calcul \u00e9lectrique","og_description":"Cookie policy Cookie presentation A cookie is a text file stored in a dedicated space on the hard disk of a User&#8217;s terminal (computer, tablet, cell phone, etc.) when consulting a website or using certain of its functions. In particular, they enable us to identify and recognize your terminal, personalize pages by adapting them to [&hellip;]","og_url":"https:\/\/calcul-electrique.com\/en\/?page_id=13609","og_site_name":"Calcul \u00e9lectrique","article_modified_time":"2024-12-20T10:56:04+00:00","og_image":[{"width":1200,"height":675,"url":"https:\/\/calcul-electrique.com\/wp-content\/uploads\/2024\/12\/Image-site.png","type":"image\/png"}],"twitter_card":"summary_large_image","twitter_misc":{"Est. reading time":"2 minutes"},"schema":{"@context":"https:\/\/schema.org","@graph":[{"@type":"WebPage","@id":"https:\/\/calcul-electrique.com\/en\/?page_id=13609","url":"https:\/\/calcul-electrique.com\/en\/?page_id=13609","name":"Cookie policy - Calcul \u00e9lectrique","isPartOf":{"@id":"https:\/\/calcul-electrique.com\/#website"},"datePublished":"2023-12-14T08:01:09+00:00","dateModified":"2024-12-20T10:56:04+00:00","breadcrumb":{"@id":"https:\/\/calcul-electrique.com\/en\/?page_id=13609#breadcrumb"},"inLanguage":"en-US","potentialAction":[{"@type":"ReadAction","target":["https:\/\/calcul-electrique.com\/en\/?page_id=13609"]}]},{"@type":"BreadcrumbList","@id":"https:\/\/calcul-electrique.com\/en\/?page_id=13609#breadcrumb","itemListElement":[{"@type":"ListItem","position":1,"name":"Home","item":"https:\/\/calcul-electrique.com\/en\/"},{"@type":"ListItem","position":2,"name":"Cookie policy"}]},{"@type":"WebSite","@id":"https:\/\/calcul-electrique.com\/#website","url":"https:\/\/calcul-electrique.com\/","name":"Calcul \u00e9lectrique","description":"Simplifiez vos projets \u00e9lectriques avec calcul \u00e9lectrique !","publisher":{"@id":"https:\/\/calcul-electrique.com\/#organization"},"potentialAction":[{"@type":"SearchAction","target":{"@type":"EntryPoint","urlTemplate":"https:\/\/calcul-electrique.com\/?s={search_term_string}"},"query-input":{"@type":"PropertyValueSpecification","valueRequired":true,"valueName":"search_term_string"}}],"inLanguage":"en-US"},{"@type":"Organization","@id":"https:\/\/calcul-electrique.com\/#organization","name":"Trace Software","url":"https:\/\/calcul-electrique.com\/","logo":{"@type":"ImageObject","inLanguage":"en-US","@id":"https:\/\/calcul-electrique.com\/#\/schema\/logo\/image\/","url":"https:\/\/calcul-electrique.com\/wp-content\/uploads\/2024\/12\/Trace-software-2023.png","contentUrl":"https:\/\/calcul-electrique.com\/wp-content\/uploads\/2024\/12\/Trace-software-2023.png","width":1900,"height":350,"caption":"Trace Software"},"image":{"@id":"https:\/\/calcul-electrique.com\/#\/schema\/logo\/image\/"},"sameAs":["https:\/\/www.linkedin.com\/company\/trace-software-international\/"]}]}},"uagb_featured_image_src":{"full":false,"thumbnail":false,"medium":false,"medium_large":false,"large":false,"1536x1536":false,"2048x2048":false},"uagb_author_info":{"display_name":"Max Farez","author_link":"https:\/\/calcul-electrique.com\/en\/author\/mfarez\/"},"uagb_comment_info":0,"uagb_excerpt":"Cookie policy Cookie presentation A cookie is a text file stored in a dedicated space on the hard disk of a User&#8217;s terminal (computer, tablet, cell phone, etc.) when consulting a website or using certain of its functions. In particular, they enable us to identify and recognize your terminal, personalize pages by adapting them to&hellip;","_links":{"self":[{"href":"https:\/\/calcul-electrique.com\/en\/wp-json\/wp\/v2\/pages\/13609","targetHints":{"allow":["GET"]}}],"collection":[{"href":"https:\/\/calcul-electrique.com\/en\/wp-json\/wp\/v2\/pages"}],"about":[{"href":"https:\/\/calcul-electrique.com\/en\/wp-json\/wp\/v2\/types\/page"}],"author":[{"embeddable":true,"href":"https:\/\/calcul-electrique.com\/en\/wp-json\/wp\/v2\/users\/10"}],"replies":[{"embeddable":true,"href":"https:\/\/calcul-electrique.com\/en\/wp-json\/wp\/v2\/comments?post=13609"}],"version-history":[{"count":2,"href":"https:\/\/calcul-electrique.com\/en\/wp-json\/wp\/v2\/pages\/13609\/revisions"}],"predecessor-version":[{"id":13611,"href":"https:\/\/calcul-electrique.com\/en\/wp-json\/wp\/v2\/pages\/13609\/revisions\/13611"}],"wp:attachment":[{"href":"https:\/\/calcul-electrique.com\/en\/wp-json\/wp\/v2\/media?parent=13609"}],"curies":[{"name":"wp","href":"https:\/\/api.w.org\/{rel}","templated":true}]}}