{"id":13591,"date":"2023-08-09T08:51:45","date_gmt":"2023-08-09T06:51:45","guid":{"rendered":"https:\/\/calcul-electrique.com\/articles\/"},"modified":"2024-12-23T09:13:30","modified_gmt":"2024-12-23T08:13:30","slug":"articles","status":"publish","type":"page","link":"https:\/\/calcul-electrique.com\/en\/articles\/","title":{"rendered":"Articles"},"content":{"rendered":"\n<div class=\"wp-block-uagb-container uagb-block-421cb8a3 alignfull uagb-is-root-container\"><div class=\"uagb-container-inner-blocks-wrap\">\n<div class=\"wp-block-uagb-container uagb-block-806d6b29 alignfull uagb-is-root-container\"><div class=\"uagb-container-inner-blocks-wrap\">\n<div class=\"wp-block-uagb-container uagb-block-6e5107ac alignwide uagb-is-root-container\">\n<div class=\"wp-block-uagb-advanced-heading uagb-block-c1376124\"><h4 class=\"uagb-heading-text\">Specialist articles<\/h4><\/div>\n\n\n\n<div class=\"wp-block-uagb-advanced-heading uagb-block-4567827d nc-justify-text\"><h6 class=\"uagb-heading-text\">Explore our collection of specialized articles on electrical design, where technical expertise meets industry news. We cover a wide range of topics, from electrical standards to recent innovations and advanced techniques.  <\/h6><\/div>\n\n\n<ul class=\"wp-block-latest-posts__list has-link-color is-style-swt-latest-posts-simple wp-elements-78e2d6e59965bea71855974c6c418043 wp-block-latest-posts has-text-color has-neutral-color\"><li><a class=\"wp-block-latest-posts__post-title\" href=\"https:\/\/calcul-electrique.com\/en\/en-articles\/checking-the-short-circuit-closing-capacity-of-switching-devices\/\">Checking the short-circuit closing capacity of switching devices<\/a><div class=\"wp-block-latest-posts__post-excerpt\">If a switching device can be closed on a pre-existing short-circuit in the electrical installation, it is necessary to check that this operation will not destroy the device. Calculating and\u2026 <a class=\"wp-block-latest-posts__read-more\" href=\"https:\/\/calcul-electrique.com\/en\/en-articles\/checking-the-short-circuit-closing-capacity-of-switching-devices\/\" rel=\"noopener noreferrer\">Read more<span class=\"screen-reader-text\">: Checking the short-circuit closing capacity of switching devices<\/span><\/a><\/div><\/li>\n<li><a class=\"wp-block-latest-posts__post-title\" href=\"https:\/\/calcul-electrique.com\/en\/en-articles\/reflections-on-the-problem-of-breaking-capacity-on-1-pole-in-tn\/\">Reflections on the problem of breaking capacity on 1 pole in TN<\/a><div class=\"wp-block-latest-posts__post-excerpt\">The genesis of the problem is contained in a question put to the UTE in early 2010 and its response, which was the subject of interpretation sheet 15-100 F13, subsequently\u2026 <a class=\"wp-block-latest-posts__read-more\" href=\"https:\/\/calcul-electrique.com\/en\/en-articles\/reflections-on-the-problem-of-breaking-capacity-on-1-pole-in-tn\/\" rel=\"noopener noreferrer\">Read more<span class=\"screen-reader-text\">: Reflections on the problem of breaking capacity on 1 pole in TN<\/span><\/a><\/div><\/li>\n<li><a class=\"wp-block-latest-posts__post-title\" href=\"https:\/\/calcul-electrique.com\/en\/en-articles\/checking-thermal-stresses-in-a-conductor\/\">Checking thermal stresses in a conductor<\/a><div class=\"wp-block-latest-posts__post-excerpt\">Through-energy and permissible thermal stress Among the intrinsic characteristics of a cable or conductor, two values are essential for its dimensioning: For standardized cables, these values are imposed by the\u2026 <a class=\"wp-block-latest-posts__read-more\" href=\"https:\/\/calcul-electrique.com\/en\/en-articles\/checking-thermal-stresses-in-a-conductor\/\" rel=\"noopener noreferrer\">Read more<span class=\"screen-reader-text\">: Checking thermal stresses in a conductor<\/span><\/a><\/div><\/li>\n<li><a class=\"wp-block-latest-posts__post-title\" href=\"https:\/\/calcul-electrique.com\/en\/regulations-standards\/design-standards-for-low-voltage-electrical-installations\/\">Design standards for low-voltage electrical installations<\/a><div class=\"wp-block-latest-posts__post-excerpt\">In the complex world of electricity, the safety and efficiency of electrical installations are governed by a subtle combination of regulations and international standards. Exploring the specific field of low-voltage\u2026 <a class=\"wp-block-latest-posts__read-more\" href=\"https:\/\/calcul-electrique.com\/en\/regulations-standards\/design-standards-for-low-voltage-electrical-installations\/\" rel=\"noopener noreferrer\">Read more<span class=\"screen-reader-text\">: Design standards for low-voltage electrical installations<\/span><\/a><\/div><\/li>\n<\/ul><\/div>\n\n\n\n<div class=\"wp-block-uagb-container uagb-block-9f747612 alignwide uagb-is-root-container\">\n<div class=\"wp-block-uagb-advanced-heading uagb-block-0b803295\"><h4 class=\"uagb-heading-text\">FAQ articles : Interface questions<\/h4><\/div>\n\n\n\n<div class=\"wp-block-uagb-advanced-heading uagb-block-92413383 nc-justify-text\"><h6 class=\"uagb-heading-text\">Read our detailed articles on the elec calc interface to optimize your mastery of features and improve your day-to-day efficiency.<\/h6><\/div>\n\n\n<ul class=\"wp-block-latest-posts__list has-link-color is-style-swt-latest-posts-simple wp-elements-8d09ab2dd2076ed95747a9ecb5947c74 wp-block-latest-posts has-text-color has-custom-couleur-1-color\"><li><a class=\"wp-block-latest-posts__post-title\" href=\"https:\/\/calcul-electrique.com\/en\/faq-elec-calc-en\/continuing-a-dispatcher-on-another-tab\/\">Continuing a dispatcher on another tab<\/a><div class=\"wp-block-latest-posts__post-excerpt\">You can use backgrounds on your synoptic to model your different tables on several tabs. The same distributor can be represented on these different tabs. Select the distributor and right-click\u2026 <a class=\"wp-block-latest-posts__read-more\" href=\"https:\/\/calcul-electrique.com\/en\/faq-elec-calc-en\/continuing-a-dispatcher-on-another-tab\/\" rel=\"noopener noreferrer\">Read more<span class=\"screen-reader-text\">: Continuing a dispatcher on another tab<\/span><\/a><\/div><\/li>\n<\/ul><\/div>\n\n\n\n<div class=\"wp-block-uagb-container uagb-block-55cfc194 alignwide uagb-is-root-container\">\n<div class=\"wp-block-uagb-advanced-heading uagb-block-196cb714\"><h4 class=\"uagb-heading-text\">FAQ articles : Installation questions<\/h4><\/div>\n\n\n\n<div class=\"wp-block-uagb-advanced-heading uagb-block-fb55c2c0 nc-justify-text\"><h6 class=\"uagb-heading-text\">Discover here our articles and guides to install elec calc efficiently. Get practical tips for trouble-free start-up and operation.<\/h6><\/div>\n\n\n<ul class=\"wp-block-latest-posts__list has-link-color is-style-swt-latest-posts-simple wp-elements-7f6d045f3b294627cf20d22530f3e5d3 wp-block-latest-posts has-text-color has-custom-couleur-1-color\"><li><a class=\"wp-block-latest-posts__post-title\" href=\"https:\/\/calcul-electrique.com\/en\/faq-elec-calc-en\/how-do-i-activate-my-license-by-e-mail\/\">How do I activate my license by e-mail?<\/a><div class=\"wp-block-latest-posts__post-excerpt\">In most cases, the elec calc\u2122 license manager allows you to activate the license directly via the internet. If your license manager does not have access to the internet. There\u2026 <a class=\"wp-block-latest-posts__read-more\" href=\"https:\/\/calcul-electrique.com\/en\/faq-elec-calc-en\/how-do-i-activate-my-license-by-e-mail\/\" rel=\"noopener noreferrer\">Read more<span class=\"screen-reader-text\">: How do I activate my license by e-mail?<\/span><\/a><\/div><\/li>\n<li><a class=\"wp-block-latest-posts__post-title\" href=\"https:\/\/calcul-electrique.com\/en\/faq-elec-calc-en\/you-have-x-days-left-before-your-licence-expires-x-days-before-it-is-reactivated\/\">Reactivate your elec calc license<\/a><div class=\"wp-block-latest-posts__post-excerpt\">Activation of a licence is valid for 365 days, or 60 days when the licence is purchased. At the end of this period, the licence must be reactivated from the\u2026 <a class=\"wp-block-latest-posts__read-more\" href=\"https:\/\/calcul-electrique.com\/en\/faq-elec-calc-en\/you-have-x-days-left-before-your-licence-expires-x-days-before-it-is-reactivated\/\" rel=\"noopener noreferrer\">Read more<span class=\"screen-reader-text\">: Reactivate your elec calc license<\/span><\/a><\/div><\/li>\n<li><a class=\"wp-block-latest-posts__post-title\" href=\"https:\/\/calcul-electrique.com\/en\/faq-elec-calc-en\/protection-inactive\/\">Protection inactive<\/a><div class=\"wp-block-latest-posts__post-excerpt\">This message indicates that your license is not active. Check in the License Manager (on your machine or on the remote server for floating licenses) that the license is present\u2026 <a class=\"wp-block-latest-posts__read-more\" href=\"https:\/\/calcul-electrique.com\/en\/faq-elec-calc-en\/protection-inactive\/\" rel=\"noopener noreferrer\">Read more<span class=\"screen-reader-text\">: Protection inactive<\/span><\/a><\/div><\/li>\n<li><a class=\"wp-block-latest-posts__post-title\" href=\"https:\/\/calcul-electrique.com\/en\/faq-elec-calc-en\/the-tsi-service-has-stopped-working-or-is-not-accessible\/\">The TSI service has stopped working or is not accessible&#8230;<\/a><div class=\"wp-block-latest-posts__post-excerpt\">This message indicates a problem with your computer&#8217;s configuration. Check firewalls, on both client and server machines (including Windows firewalls). The following TCP ports must be open to allow connection\u2026 <a class=\"wp-block-latest-posts__read-more\" href=\"https:\/\/calcul-electrique.com\/en\/faq-elec-calc-en\/the-tsi-service-has-stopped-working-or-is-not-accessible\/\" rel=\"noopener noreferrer\">Read more<span class=\"screen-reader-text\">: The TSI service has stopped working or is not accessible&#8230;<\/span><\/a><\/div><\/li>\n<\/ul><\/div>\n\n\n\n<div class=\"wp-block-uagb-container uagb-block-ec4be9c5 alignwide uagb-is-root-container\">\n<div class=\"wp-block-uagb-advanced-heading uagb-block-fdd52501\"><h4 class=\"uagb-heading-text\">FAQ articles : Questions about references<\/h4><\/div>\n\n\n\n<div class=\"wp-block-uagb-advanced-heading uagb-block-ccdc2f54 nc-justify-text\"><h6 class=\"uagb-heading-text\">Consult our articles on manufacturers&#8217; references in the elec calc catalog to help you solve selection problems and guarantee the conformity of your installations.<br\/><\/h6><\/div>\n\n\n<ul class=\"wp-block-latest-posts__list has-link-color is-style-swt-latest-posts-simple wp-elements-1cb98837e1297cbad978a52a6ebcab2b wp-block-latest-posts has-text-color has-custom-couleur-1-color\"><\/ul><\/div>\n<\/div><\/div>\n\n\n\n<div class=\"wp-block-uagb-container uagb-block-769f13d3 alignfull uagb-is-root-container\"><div class=\"uagb-container-inner-blocks-wrap\">\n<div class=\"wp-block-uagb-advanced-heading uagb-block-e85c2775\"><h4 class=\"uagb-heading-text\">FAQ articles : Calculation in elec calc\u2122<\/h4><\/div>\n\n\n\n<div class=\"wp-block-uagb-advanced-heading uagb-block-d0dc8f43 nc-justify-text\"><h6 class=\"uagb-heading-text\">Dive into our innovative articles on electrical calculation and sizing with elec calc.  <\/h6><\/div>\n\n\n<ul class=\"wp-block-latest-posts__list has-link-color is-style-swt-latest-posts-simple wp-elements-d75beddba3564300ef3c0da524034dce wp-block-latest-posts has-text-color has-custom-couleur-1-color\"><li><a class=\"wp-block-latest-posts__post-title\" href=\"https:\/\/calcul-electrique.com\/en\/faq-elec-calc-en\/calculation\/too-much-thermal-stress-on-the-phase-conductor\/\">Too much thermal stress on the phase conductor<\/a><div class=\"wp-block-latest-posts__post-excerpt\">Article 434.5.2 of standard NF C 15-100 : The breaking time of any current resulting from a short-circuit at any point in the circuit must not exceed the time required\u2026 <a class=\"wp-block-latest-posts__read-more\" href=\"https:\/\/calcul-electrique.com\/en\/faq-elec-calc-en\/calculation\/too-much-thermal-stress-on-the-phase-conductor\/\" rel=\"noopener noreferrer\">Read more<span class=\"screen-reader-text\">: Too much thermal stress on the phase conductor<\/span><\/a><\/div><\/li>\n<\/ul><\/div><\/div>\n<\/div><\/div>\n","protected":false},"excerpt":{"rendered":"<p>Specialist articles Explore our collection of specialized articles on electrical design, where technical expertise meets industry news. We cover a wide range of topics, from electrical standards to recent innovations and advanced techniques. FAQ articles : Interface questions Read our detailed articles on the elec calc interface to optimize your mastery of features and improve [&hellip;]<\/p>\n","protected":false},"author":10,"featured_media":0,"parent":0,"menu_order":0,"comment_status":"closed","ping_status":"closed","template":"","meta":{"_uag_custom_page_level_css":"","_swt_meta_header_display":false,"_swt_meta_footer_display":false,"_swt_meta_site_title_display":false,"_swt_meta_sticky_header":false,"_swt_meta_transparent_header":false,"footnotes":""},"class_list":["post-13591","page","type-page","status-publish","hentry"],"yoast_head":"<!-- This site is optimized with the Yoast SEO plugin v27.0 - https:\/\/yoast.com\/product\/yoast-seo-wordpress\/ -->\n<title>Electrical calculation knowledge base: Essential articles<\/title>\n<meta name=\"description\" content=\"Browse our electrical calculation knowledge base: articles and guides to help you master essential concepts and techniques.\" \/>\n<meta name=\"robots\" content=\"index, follow, max-snippet:-1, max-image-preview:large, max-video-preview:-1\" \/>\n<link rel=\"canonical\" href=\"https:\/\/calcul-electrique.com\/en\/articles\/\" \/>\n<meta property=\"og:locale\" content=\"en_US\" \/>\n<meta property=\"og:type\" content=\"article\" \/>\n<meta property=\"og:title\" content=\"Electrical calculation knowledge base: Essential articles\" \/>\n<meta property=\"og:description\" content=\"Browse our electrical calculation knowledge base: articles and guides to help you master essential concepts and techniques.\" \/>\n<meta property=\"og:url\" content=\"https:\/\/calcul-electrique.com\/en\/articles\/\" \/>\n<meta property=\"og:site_name\" content=\"Calcul \u00e9lectrique\" \/>\n<meta property=\"article:modified_time\" content=\"2024-12-23T08:13:30+00:00\" \/>\n<meta property=\"og:image\" content=\"https:\/\/calcul-electrique.com\/wp-content\/uploads\/2024\/12\/Image-site.png\" \/>\n\t<meta property=\"og:image:width\" content=\"1200\" \/>\n\t<meta property=\"og:image:height\" content=\"675\" \/>\n\t<meta property=\"og:image:type\" content=\"image\/png\" \/>\n<meta name=\"twitter:card\" content=\"summary_large_image\" \/>\n<meta name=\"twitter:label1\" content=\"Est. reading time\" \/>\n\t<meta name=\"twitter:data1\" content=\"1 minute\" \/>\n<script type=\"application\/ld+json\" class=\"yoast-schema-graph\">{\"@context\":\"https:\/\/schema.org\",\"@graph\":[{\"@type\":\"WebPage\",\"@id\":\"https:\/\/calcul-electrique.com\/en\/articles\/\",\"url\":\"https:\/\/calcul-electrique.com\/en\/articles\/\",\"name\":\"Electrical calculation knowledge base: Essential articles\",\"isPartOf\":{\"@id\":\"https:\/\/calcul-electrique.com\/#website\"},\"datePublished\":\"2023-08-09T06:51:45+00:00\",\"dateModified\":\"2024-12-23T08:13:30+00:00\",\"description\":\"Browse our electrical calculation knowledge base: articles and guides to help you master essential concepts and techniques.\",\"breadcrumb\":{\"@id\":\"https:\/\/calcul-electrique.com\/en\/articles\/#breadcrumb\"},\"inLanguage\":\"en-US\",\"potentialAction\":[{\"@type\":\"ReadAction\",\"target\":[\"https:\/\/calcul-electrique.com\/en\/articles\/\"]}]},{\"@type\":\"BreadcrumbList\",\"@id\":\"https:\/\/calcul-electrique.com\/en\/articles\/#breadcrumb\",\"itemListElement\":[{\"@type\":\"ListItem\",\"position\":1,\"name\":\"Home\",\"item\":\"https:\/\/calcul-electrique.com\/en\/\"},{\"@type\":\"ListItem\",\"position\":2,\"name\":\"Articles\"}]},{\"@type\":\"WebSite\",\"@id\":\"https:\/\/calcul-electrique.com\/#website\",\"url\":\"https:\/\/calcul-electrique.com\/\",\"name\":\"Calcul \u00e9lectrique\",\"description\":\"Simplifiez vos projets \u00e9lectriques avec calcul \u00e9lectrique !\",\"publisher\":{\"@id\":\"https:\/\/calcul-electrique.com\/#organization\"},\"potentialAction\":[{\"@type\":\"SearchAction\",\"target\":{\"@type\":\"EntryPoint\",\"urlTemplate\":\"https:\/\/calcul-electrique.com\/?s={search_term_string}\"},\"query-input\":{\"@type\":\"PropertyValueSpecification\",\"valueRequired\":true,\"valueName\":\"search_term_string\"}}],\"inLanguage\":\"en-US\"},{\"@type\":\"Organization\",\"@id\":\"https:\/\/calcul-electrique.com\/#organization\",\"name\":\"Trace Software\",\"url\":\"https:\/\/calcul-electrique.com\/\",\"logo\":{\"@type\":\"ImageObject\",\"inLanguage\":\"en-US\",\"@id\":\"https:\/\/calcul-electrique.com\/#\/schema\/logo\/image\/\",\"url\":\"https:\/\/calcul-electrique.com\/wp-content\/uploads\/2024\/12\/Trace-software-2023.png\",\"contentUrl\":\"https:\/\/calcul-electrique.com\/wp-content\/uploads\/2024\/12\/Trace-software-2023.png\",\"width\":1900,\"height\":350,\"caption\":\"Trace Software\"},\"image\":{\"@id\":\"https:\/\/calcul-electrique.com\/#\/schema\/logo\/image\/\"},\"sameAs\":[\"https:\/\/www.linkedin.com\/company\/trace-software-international\/\"]}]}<\/script>\n<!-- \/ Yoast SEO plugin. -->","yoast_head_json":{"title":"Electrical calculation knowledge base: Essential articles","description":"Browse our electrical calculation knowledge base: articles and guides to help you master essential concepts and techniques.","robots":{"index":"index","follow":"follow","max-snippet":"max-snippet:-1","max-image-preview":"max-image-preview:large","max-video-preview":"max-video-preview:-1"},"canonical":"https:\/\/calcul-electrique.com\/en\/articles\/","og_locale":"en_US","og_type":"article","og_title":"Electrical calculation knowledge base: Essential articles","og_description":"Browse our electrical calculation knowledge base: articles and guides to help you master essential concepts and techniques.","og_url":"https:\/\/calcul-electrique.com\/en\/articles\/","og_site_name":"Calcul \u00e9lectrique","article_modified_time":"2024-12-23T08:13:30+00:00","og_image":[{"width":1200,"height":675,"url":"https:\/\/calcul-electrique.com\/wp-content\/uploads\/2024\/12\/Image-site.png","type":"image\/png"}],"twitter_card":"summary_large_image","twitter_misc":{"Est. reading time":"1 minute"},"schema":{"@context":"https:\/\/schema.org","@graph":[{"@type":"WebPage","@id":"https:\/\/calcul-electrique.com\/en\/articles\/","url":"https:\/\/calcul-electrique.com\/en\/articles\/","name":"Electrical calculation knowledge base: Essential articles","isPartOf":{"@id":"https:\/\/calcul-electrique.com\/#website"},"datePublished":"2023-08-09T06:51:45+00:00","dateModified":"2024-12-23T08:13:30+00:00","description":"Browse our electrical calculation knowledge base: articles and guides to help you master essential concepts and techniques.","breadcrumb":{"@id":"https:\/\/calcul-electrique.com\/en\/articles\/#breadcrumb"},"inLanguage":"en-US","potentialAction":[{"@type":"ReadAction","target":["https:\/\/calcul-electrique.com\/en\/articles\/"]}]},{"@type":"BreadcrumbList","@id":"https:\/\/calcul-electrique.com\/en\/articles\/#breadcrumb","itemListElement":[{"@type":"ListItem","position":1,"name":"Home","item":"https:\/\/calcul-electrique.com\/en\/"},{"@type":"ListItem","position":2,"name":"Articles"}]},{"@type":"WebSite","@id":"https:\/\/calcul-electrique.com\/#website","url":"https:\/\/calcul-electrique.com\/","name":"Calcul \u00e9lectrique","description":"Simplifiez vos projets \u00e9lectriques avec calcul \u00e9lectrique !","publisher":{"@id":"https:\/\/calcul-electrique.com\/#organization"},"potentialAction":[{"@type":"SearchAction","target":{"@type":"EntryPoint","urlTemplate":"https:\/\/calcul-electrique.com\/?s={search_term_string}"},"query-input":{"@type":"PropertyValueSpecification","valueRequired":true,"valueName":"search_term_string"}}],"inLanguage":"en-US"},{"@type":"Organization","@id":"https:\/\/calcul-electrique.com\/#organization","name":"Trace Software","url":"https:\/\/calcul-electrique.com\/","logo":{"@type":"ImageObject","inLanguage":"en-US","@id":"https:\/\/calcul-electrique.com\/#\/schema\/logo\/image\/","url":"https:\/\/calcul-electrique.com\/wp-content\/uploads\/2024\/12\/Trace-software-2023.png","contentUrl":"https:\/\/calcul-electrique.com\/wp-content\/uploads\/2024\/12\/Trace-software-2023.png","width":1900,"height":350,"caption":"Trace Software"},"image":{"@id":"https:\/\/calcul-electrique.com\/#\/schema\/logo\/image\/"},"sameAs":["https:\/\/www.linkedin.com\/company\/trace-software-international\/"]}]}},"uagb_featured_image_src":{"full":false,"thumbnail":false,"medium":false,"medium_large":false,"large":false,"1536x1536":false,"2048x2048":false},"uagb_author_info":{"display_name":"Max Farez","author_link":"https:\/\/calcul-electrique.com\/en\/author\/mfarez\/"},"uagb_comment_info":0,"uagb_excerpt":"Specialist articles Explore our collection of specialized articles on electrical design, where technical expertise meets industry news. We cover a wide range of topics, from electrical standards to recent innovations and advanced techniques. FAQ articles : Interface questions Read our detailed articles on the elec calc interface to optimize your mastery of features and improve&hellip;","_links":{"self":[{"href":"https:\/\/calcul-electrique.com\/en\/wp-json\/wp\/v2\/pages\/13591","targetHints":{"allow":["GET"]}}],"collection":[{"href":"https:\/\/calcul-electrique.com\/en\/wp-json\/wp\/v2\/pages"}],"about":[{"href":"https:\/\/calcul-electrique.com\/en\/wp-json\/wp\/v2\/types\/page"}],"author":[{"embeddable":true,"href":"https:\/\/calcul-electrique.com\/en\/wp-json\/wp\/v2\/users\/10"}],"replies":[{"embeddable":true,"href":"https:\/\/calcul-electrique.com\/en\/wp-json\/wp\/v2\/comments?post=13591"}],"version-history":[{"count":3,"href":"https:\/\/calcul-electrique.com\/en\/wp-json\/wp\/v2\/pages\/13591\/revisions"}],"predecessor-version":[{"id":13850,"href":"https:\/\/calcul-electrique.com\/en\/wp-json\/wp\/v2\/pages\/13591\/revisions\/13850"}],"wp:attachment":[{"href":"https:\/\/calcul-electrique.com\/en\/wp-json\/wp\/v2\/media?parent=13591"}],"curies":[{"name":"wp","href":"https:\/\/api.w.org\/{rel}","templated":true}]}}