{"id":13604,"date":"2023-12-14T09:01:09","date_gmt":"2023-12-14T08:01:09","guid":{"rendered":"https:\/\/calcul-electrique.com\/cookie-richtlinie\/"},"modified":"2024-12-20T11:56:04","modified_gmt":"2024-12-20T10:56:04","slug":"cookie-richtlinie","status":"publish","type":"page","link":"https:\/\/calcul-electrique.com\/de\/cookie-richtlinie\/","title":{"rendered":"Cookie-Richtlinie"},"content":{"rendered":"\n<div class=\"wp-block-uagb-container uagb-block-1ea666fb alignwide uagb-is-root-container\">\n<h2 class=\"wp-block-heading has-text-align-center has-text-color has-link-color wp-elements-2f7c1030e6e19667898ec6b61e2b7637\" style=\"color:#f96400;margin-top:var(--wp--preset--spacing--xx-small);margin-bottom:var(--wp--preset--spacing--x-small)\">Cookie-Richtlinie<\/h2>\n\n\n\n<h3 class=\"wp-block-heading\" style=\"margin-top:var(--wp--preset--spacing--xx-small);margin-bottom:var(--wp--preset--spacing--x-small)\">Pr\u00e4sentation eines Cookies<\/h3>\n\n\n\n<p class=\"nc-justify-text\" style=\"margin-top:var(--wp--preset--spacing--xxx-small);margin-bottom:var(--wp--preset--spacing--xxx-small);padding-top:0;padding-right:0;padding-bottom:0;padding-left:0\">Ein Cookie ist eine Textdatei, die in einem speziellen Bereich der Festplatte des Endger\u00e4ts eines Nutzers (Computer, Tablet, Mobiltelefon usw.) abgelegt wird, wenn Sie eine Website besuchen oder einige ihrer Funktionen nutzen. Sie erm\u00f6glichen es insbesondere, Ihr Endger\u00e4t zu identifizieren und wiederzuerkennen, die Seiten zu personalisieren, indem sie an Ihr Profil angepasst werden, und Ihnen ein besseres Surferlebnis zu bieten. Cookies und andere Tracker erm\u00f6glichen die Sammlung von Daten, wie z.B. die Uhrzeit und den Tag der Verbindung, das Betriebssystem des Computers und die besuchten Seiten der Website&#8230;.  <\/p>\n\n\n\n<h3 class=\"wp-block-heading\" style=\"margin-top:var(--wp--preset--spacing--x-small);margin-bottom:var(--wp--preset--spacing--x-small)\">Welche Cookies verwenden wir und zu welchem Zweck?<\/h3>\n\n\n\n<p class=\"nc-justify-text\" style=\"margin-top:var(--wp--preset--spacing--xxx-small);margin-right:0;margin-bottom:var(--wp--preset--spacing--xxx-small);margin-left:0;padding-top:0;padding-right:0;padding-bottom:0;padding-left:0\">calcul-electrique.com verwendet verschiedene Cookies:<\/p>\n\n\n\n<p class=\"nc-justify-text\" style=\"margin-top:var(--wp--preset--spacing--xxx-small);margin-right:0;margin-bottom:var(--wp--preset--spacing--xxx-small);margin-left:0;padding-top:0;padding-right:0;padding-bottom:0;padding-left:0\"><strong>Technische oder funktionelle Cookies <\/strong>erm\u00f6glichen es Ihnen, durch die Seiten unserer Website zu navigieren.<\/p>\n\n\n\n<p class=\"nc-justify-text\" style=\"margin-top:var(--wp--preset--spacing--xxx-small);margin-right:0;margin-bottom:var(--wp--preset--spacing--xxx-small);margin-left:0;padding-top:0;padding-right:0;padding-bottom:0;padding-left:0\">Cookies, die f\u00fcr das Funktionieren der Website unbedingt erforderlich sind, werden immer auf Ihrem Terminal aktiv sein, um Ihre Navigation zu erm\u00f6glichen.<\/p>\n\n\n\n<p class=\"nc-justify-text\" style=\"margin-top:var(--wp--preset--spacing--xxx-small);margin-right:0;margin-bottom:var(--wp--preset--spacing--xxx-small);margin-left:0;padding-top:0;padding-right:0;padding-bottom:0;padding-left:0\"><strong>Cookies f\u00fcr die Messung der<\/strong> Besucherzahlen <strong>oder Statistiken<\/strong> erm\u00f6glichen es Trace Software International, Statistiken \u00fcber den Besuch und die Nutzung der Website zu erstellen, indem beispielsweise die Anzahl der Besuche und die am h\u00e4ufigsten oder am seltensten besuchten Seiten ermittelt werden, die Navigation der Benutzer bewertet wird und eventuelle technische Fehlfunktionen erkannt werden.<\/p>\n\n\n\n<p class=\"nc-justify-text\" style=\"margin-top:var(--wp--preset--spacing--xxx-small);margin-right:0;margin-bottom:var(--wp--preset--spacing--xxx-small);margin-left:0;padding-top:0;padding-right:0;padding-bottom:0;padding-left:0\"><strong>Marketing-\/Tracking-Cookies: <\/strong>werden verwendet, um die Besucher durch die Websites zu verfolgen. Der Zweck besteht darin, Werbung anzuzeigen, die f\u00fcr den Nutzer relevant und interessant ist. <\/p>\n\n\n\n<p class=\"nc-justify-text\" style=\"margin-top:var(--wp--preset--spacing--xxx-small);margin-right:0;margin-bottom:var(--wp--preset--spacing--xxx-small);margin-left:0;padding-top:0;padding-right:0;padding-bottom:0;padding-left:0\"><strong>Andere Cookies: <\/strong>Die Cookies in dieser Kategorie wurden noch nicht kategorisiert und der Zweck kann derzeit unbekannt sein.<\/p>\n\n\n\n<h3 class=\"wp-block-heading\" style=\"margin-top:var(--wp--preset--spacing--x-small);margin-bottom:var(--wp--preset--spacing--x-small)\">Cookies von Dritten<\/h3>\n\n\n\n<p class=\"nc-justify-text\" style=\"margin-top:var(--wp--preset--spacing--xxx-small);margin-bottom:var(--wp--preset--spacing--xxx-small);padding-top:0;padding-right:0;padding-bottom:0;padding-left:0\">Unsere Website verwendet Cookies von Dritten. Nachstehend finden Sie eine Liste der verschiedenen Cookie-Emittenten: <\/p>\n\n\n\n<div class=\"wp-block-uagb-container uagb-block-3fe7d123 alignfull uagb-is-root-container\"><div class=\"uagb-container-inner-blocks-wrap\">\n<div class=\"wp-block-uagb-container uagb-block-b193a307\">\n<div class=\"wp-block-uagb-info-box uagb-block-3100fe88 uagb-infobox__content-wrap  uagb-infobox-icon-above-title uagb-infobox-image-valign-top\"><div class=\"uagb-ifb-content\"><div class=\"uagb-ifb-title-wrap\"><h3 class=\"uagb-ifb-title\">Sender<\/h3><\/div><p class=\"uagb-ifb-desc\">Google Analytics<br\/>Google ReCAPTCHA <br\/>Google Fonts <br\/>Google Maps <br\/>Youtube<\/p><\/div><\/div>\n<\/div>\n\n\n\n<div class=\"wp-block-uagb-container uagb-block-84eab0bb\">\n<div class=\"wp-block-uagb-info-box uagb-block-5a265a5e uagb-infobox__content-wrap  uagb-infobox-icon-above-title uagb-infobox-image-valign-top\"><div class=\"uagb-ifb-content\"><div class=\"uagb-ifb-title-wrap\"><h3 class=\"uagb-ifb-title\">Zweck<\/h3><\/div><p class=\"uagb-ifb-desc\">Statistik<br\/>Funktional<br\/>Funktional<br\/>Marketing<br\/>Andere (Video)<\/p><\/div><\/div>\n<\/div>\n\n\n\n<div class=\"wp-block-uagb-container uagb-block-2e4a6b34\">\n<div class=\"wp-block-uagb-info-box uagb-block-42a2388a uagb-infobox__content-wrap  uagb-infobox-icon-above-title uagb-infobox-image-valign-top\"><div class=\"uagb-ifb-content\"><div class=\"uagb-ifb-title-wrap\"><h3 class=\"uagb-ifb-title\">Lebensdauer des Cookies<\/h3><\/div><p class=\"uagb-ifb-desc\">24 Monate<br\/> 24 Monate<br\/> 24 Monate<br\/> 13 Monate<br\/> 13 Monate<\/p><\/div><\/div>\n<\/div>\n<\/div><\/div>\n\n\n\n<h3 class=\"wp-block-heading\" style=\"margin-top:var(--wp--preset--spacing--x-small);margin-bottom:var(--wp--preset--spacing--x-small)\">Wahlm\u00f6glichkeiten und Modalit\u00e4ten der Annahme oder Ablehnung von Cookies<\/h3>\n\n\n\n<p class=\"nc-justify-text\" style=\"margin-top:var(--wp--preset--spacing--xxx-small);margin-right:0;margin-bottom:var(--wp--preset--spacing--xxx-small);margin-left:0;padding-top:0;padding-right:0;padding-bottom:0;padding-left:0\">Mit Ausnahme von Cookies, die f\u00fcr den Betrieb der Website unbedingt erforderlich sind, unterliegt das Setzen eines Cookies auf Ihrem Terminal Ihrer vorherigen Zustimmung.<\/p>\n\n\n\n<p class=\"nc-justify-text\" style=\"margin-top:var(--wp--preset--spacing--xxx-small);margin-right:0;margin-bottom:var(--wp--preset--spacing--xxx-small);margin-left:0;padding-top:0;padding-right:0;padding-bottom:0;padding-left:0\">Bei Ihrem ersten Besuch auf unserer Website wird unser Cookie-Tool auf Ihrem Bildschirm erscheinen und Sie fragen, ob Sie Cookies akzeptieren, ablehnen oder Ihre Wahl bez\u00fcglich Cookies einstellen m\u00f6chten.<\/p>\n\n\n\n<p class=\"nc-justify-text\" style=\"margin-top:var(--wp--preset--spacing--xxx-small);margin-right:0;margin-bottom:var(--wp--preset--spacing--xxx-small);margin-left:0;padding-top:0;padding-right:0;padding-bottom:0;padding-left:0\">Wenn Sie diese Wahl getroffen haben, haben Sie immer noch verschiedene M\u00f6glichkeiten, Ihre Cookies zu verwalten, und Sie k\u00f6nnen sich jederzeit daf\u00fcr entscheiden, sie zu deaktivieren. Insbesondere k\u00f6nnen Sie Ihre Wahl bez\u00fcglich der Cookies mit Hilfe unseres Cookie-Einstellungs-Tools einstellen, das Sie \u00fcber den Link &#8222;Verwaltung der Zustimmung&#8220; am Ende jeder Seite der Website erreichen. <\/p>\n\n\n\n<p class=\"nc-justify-text\" style=\"margin-top:var(--wp--preset--spacing--xxx-small);margin-right:0;margin-bottom:var(--wp--preset--spacing--small);margin-left:0;padding-top:0;padding-right:0;padding-bottom:0;padding-left:0\">Sie k\u00f6nnen Ihre Wahl in Bezug auf Cookies auch einstellen, indem Sie die Website <a href=\"http:\/\/www.youronlinechoices.eu\/\">http:\/\/www.youronlinechoices.eu\/<\/a> aufrufen oder Ihren Browser direkt \u00fcber die folgenden Links einstellen:  <\/p>\n\n\n\n<div class=\"wp-block-uagb-icon-list uagb-block-2e240225\"><div class=\"uagb-icon-list__wrap\">\n<div class=\"wp-block-uagb-icon-list-child uagb-block-048515d3\"><span class=\"uagb-icon-list__source-wrap\"><svg xmlns=\"https:\/\/www.w3.org\/2000\/svg\" viewbox=\"0 0 512 512\"><path d=\"M256 0C114.6 0 0 114.6 0 256c0 141.4 114.6 256 256 256s256-114.6 256-256C512 114.6 397.4 0 256 0zM406.6 278.6l-103.1 103.1c-12.5 12.5-32.75 12.5-45.25 0s-12.5-32.75 0-45.25L306.8 288H128C110.3 288 96 273.7 96 256s14.31-32 32-32h178.8l-49.38-49.38c-12.5-12.5-12.5-32.75 0-45.25s32.75-12.5 45.25 0l103.1 103.1C414.6 241.3 416 251.1 416 256C416 260.9 414.6 270.7 406.6 278.6z\"><\/path><\/svg><\/span><span class=\"uagb-icon-list__label\">Safari<\/span><\/div>\n\n\n\n<div class=\"wp-block-uagb-icon-list-child uagb-block-d45f08f7\"><span class=\"uagb-icon-list__source-wrap\"><svg xmlns=\"https:\/\/www.w3.org\/2000\/svg\" viewbox=\"0 0 512 512\"><path d=\"M256 0C114.6 0 0 114.6 0 256c0 141.4 114.6 256 256 256s256-114.6 256-256C512 114.6 397.4 0 256 0zM406.6 278.6l-103.1 103.1c-12.5 12.5-32.75 12.5-45.25 0s-12.5-32.75 0-45.25L306.8 288H128C110.3 288 96 273.7 96 256s14.31-32 32-32h178.8l-49.38-49.38c-12.5-12.5-12.5-32.75 0-45.25s32.75-12.5 45.25 0l103.1 103.1C414.6 241.3 416 251.1 416 256C416 260.9 414.6 270.7 406.6 278.6z\"><\/path><\/svg><\/span><span class=\"uagb-icon-list__label\">Chrom<\/span><\/div>\n\n\n\n<div class=\"wp-block-uagb-icon-list-child uagb-block-eedfde9a\"><span class=\"uagb-icon-list__source-wrap\"><svg xmlns=\"https:\/\/www.w3.org\/2000\/svg\" viewbox=\"0 0 512 512\"><path d=\"M256 0C114.6 0 0 114.6 0 256c0 141.4 114.6 256 256 256s256-114.6 256-256C512 114.6 397.4 0 256 0zM406.6 278.6l-103.1 103.1c-12.5 12.5-32.75 12.5-45.25 0s-12.5-32.75 0-45.25L306.8 288H128C110.3 288 96 273.7 96 256s14.31-32 32-32h178.8l-49.38-49.38c-12.5-12.5-12.5-32.75 0-45.25s32.75-12.5 45.25 0l103.1 103.1C414.6 241.3 416 251.1 416 256C416 260.9 414.6 270.7 406.6 278.6z\"><\/path><\/svg><\/span><span class=\"uagb-icon-list__label\">Firefox<\/span><\/div>\n\n\n\n<div class=\"wp-block-uagb-icon-list-child uagb-block-982cfa51\"><span class=\"uagb-icon-list__source-wrap\"><svg xmlns=\"https:\/\/www.w3.org\/2000\/svg\" viewbox=\"0 0 512 512\"><path d=\"M256 0C114.6 0 0 114.6 0 256c0 141.4 114.6 256 256 256s256-114.6 256-256C512 114.6 397.4 0 256 0zM406.6 278.6l-103.1 103.1c-12.5 12.5-32.75 12.5-45.25 0s-12.5-32.75 0-45.25L306.8 288H128C110.3 288 96 273.7 96 256s14.31-32 32-32h178.8l-49.38-49.38c-12.5-12.5-12.5-32.75 0-45.25s32.75-12.5 45.25 0l103.1 103.1C414.6 241.3 416 251.1 416 256C416 260.9 414.6 270.7 406.6 278.6z\"><\/path><\/svg><\/span><span class=\"uagb-icon-list__label\">Edge \/ Internet Explorer<\/span><\/div>\n\n\n\n<div class=\"wp-block-uagb-icon-list-child uagb-block-6a79953b\"><span class=\"uagb-icon-list__source-wrap\"><svg xmlns=\"https:\/\/www.w3.org\/2000\/svg\" viewbox=\"0 0 512 512\"><path d=\"M256 0C114.6 0 0 114.6 0 256c0 141.4 114.6 256 256 256s256-114.6 256-256C512 114.6 397.4 0 256 0zM406.6 278.6l-103.1 103.1c-12.5 12.5-32.75 12.5-45.25 0s-12.5-32.75 0-45.25L306.8 288H128C110.3 288 96 273.7 96 256s14.31-32 32-32h178.8l-49.38-49.38c-12.5-12.5-12.5-32.75 0-45.25s32.75-12.5 45.25 0l103.1 103.1C414.6 241.3 416 251.1 416 256C416 260.9 414.6 270.7 406.6 278.6z\"><\/path><\/svg><\/span><span class=\"uagb-icon-list__label\">iOS<\/span><\/div>\n<\/div><\/div>\n\n\n\n<h3 class=\"wp-block-heading\" style=\"margin-top:var(--wp--preset--spacing--x-small);margin-bottom:var(--wp--preset--spacing--x-small)\">Fragen zur Cookie-Richtlinie.<\/h3>\n\n\n\n<p class=\"nc-justify-text\">Wenn Sie Fragen zu dieser Richtlinie haben, k\u00f6nnen Sie Trace Software International per E-Mail unter folgender Adresse kontaktieren: sales@trace-software.com<\/p>\n\n\n\n<p><strong>Datum der letzten Aktualisierung: <\/strong>08.01.2024<\/p>\n<\/div>\n","protected":false},"excerpt":{"rendered":"<p>Cookie-Richtlinie Pr\u00e4sentation eines Cookies Ein Cookie ist eine Textdatei, die in einem speziellen Bereich der Festplatte des Endger\u00e4ts eines Nutzers (Computer, Tablet, Mobiltelefon usw.) abgelegt wird, wenn Sie eine Website besuchen oder einige ihrer Funktionen nutzen. Sie erm\u00f6glichen es insbesondere, Ihr Endger\u00e4t zu identifizieren und wiederzuerkennen, die Seiten zu personalisieren, indem sie an Ihr Profil [&hellip;]<\/p>\n","protected":false},"author":10,"featured_media":0,"parent":0,"menu_order":0,"comment_status":"closed","ping_status":"closed","template":"","meta":{"_uag_custom_page_level_css":"","_swt_meta_header_display":false,"_swt_meta_footer_display":false,"_swt_meta_site_title_display":false,"_swt_meta_sticky_header":false,"_swt_meta_transparent_header":false,"footnotes":""},"class_list":["post-13604","page","type-page","status-publish","hentry"],"yoast_head":"<!-- This site is optimized with the Yoast SEO plugin v27.0 - https:\/\/yoast.com\/product\/yoast-seo-wordpress\/ -->\n<title>Cookie-Richtlinie - Calcul \u00e9lectrique<\/title>\n<meta name=\"robots\" content=\"index, follow, max-snippet:-1, max-image-preview:large, max-video-preview:-1\" \/>\n<link rel=\"canonical\" href=\"https:\/\/calcul-electrique.com\/de\/?page_id=13604\" \/>\n<meta property=\"og:locale\" content=\"de_DE\" \/>\n<meta property=\"og:type\" content=\"article\" \/>\n<meta property=\"og:title\" content=\"Cookie-Richtlinie - Calcul \u00e9lectrique\" \/>\n<meta property=\"og:description\" content=\"Cookie-Richtlinie Pr\u00e4sentation eines Cookies Ein Cookie ist eine Textdatei, die in einem speziellen Bereich der Festplatte des Endger\u00e4ts eines Nutzers (Computer, Tablet, Mobiltelefon usw.) abgelegt wird, wenn Sie eine Website besuchen oder einige ihrer Funktionen nutzen. Sie erm\u00f6glichen es insbesondere, Ihr Endger\u00e4t zu identifizieren und wiederzuerkennen, die Seiten zu personalisieren, indem sie an Ihr Profil [&hellip;]\" \/>\n<meta property=\"og:url\" content=\"https:\/\/calcul-electrique.com\/de\/?page_id=13604\" \/>\n<meta property=\"og:site_name\" content=\"Calcul \u00e9lectrique\" \/>\n<meta property=\"article:modified_time\" content=\"2024-12-20T10:56:04+00:00\" \/>\n<meta property=\"og:image\" content=\"https:\/\/calcul-electrique.com\/wp-content\/uploads\/2024\/12\/Image-site.png\" \/>\n\t<meta property=\"og:image:width\" content=\"1200\" \/>\n\t<meta property=\"og:image:height\" content=\"675\" \/>\n\t<meta property=\"og:image:type\" content=\"image\/png\" \/>\n<meta name=\"twitter:card\" content=\"summary_large_image\" \/>\n<meta name=\"twitter:label1\" content=\"Gesch\u00e4tzte Lesezeit\" \/>\n\t<meta name=\"twitter:data1\" content=\"2\u00a0Minuten\" \/>\n<script type=\"application\/ld+json\" class=\"yoast-schema-graph\">{\"@context\":\"https:\/\/schema.org\",\"@graph\":[{\"@type\":\"WebPage\",\"@id\":\"https:\/\/calcul-electrique.com\/de\/?page_id=13604\",\"url\":\"https:\/\/calcul-electrique.com\/de\/?page_id=13604\",\"name\":\"Cookie-Richtlinie - Calcul \u00e9lectrique\",\"isPartOf\":{\"@id\":\"https:\/\/calcul-electrique.com\/#website\"},\"datePublished\":\"2023-12-14T08:01:09+00:00\",\"dateModified\":\"2024-12-20T10:56:04+00:00\",\"breadcrumb\":{\"@id\":\"https:\/\/calcul-electrique.com\/de\/?page_id=13604#breadcrumb\"},\"inLanguage\":\"de\",\"potentialAction\":[{\"@type\":\"ReadAction\",\"target\":[\"https:\/\/calcul-electrique.com\/de\/?page_id=13604\"]}]},{\"@type\":\"BreadcrumbList\",\"@id\":\"https:\/\/calcul-electrique.com\/de\/?page_id=13604#breadcrumb\",\"itemListElement\":[{\"@type\":\"ListItem\",\"position\":1,\"name\":\"Startseite\",\"item\":\"https:\/\/calcul-electrique.com\/de\/\"},{\"@type\":\"ListItem\",\"position\":2,\"name\":\"Cookie-Richtlinie\"}]},{\"@type\":\"WebSite\",\"@id\":\"https:\/\/calcul-electrique.com\/#website\",\"url\":\"https:\/\/calcul-electrique.com\/\",\"name\":\"Calcul \u00e9lectrique\",\"description\":\"Simplifiez vos projets \u00e9lectriques avec calcul \u00e9lectrique !\",\"publisher\":{\"@id\":\"https:\/\/calcul-electrique.com\/#organization\"},\"potentialAction\":[{\"@type\":\"SearchAction\",\"target\":{\"@type\":\"EntryPoint\",\"urlTemplate\":\"https:\/\/calcul-electrique.com\/?s={search_term_string}\"},\"query-input\":{\"@type\":\"PropertyValueSpecification\",\"valueRequired\":true,\"valueName\":\"search_term_string\"}}],\"inLanguage\":\"de\"},{\"@type\":\"Organization\",\"@id\":\"https:\/\/calcul-electrique.com\/#organization\",\"name\":\"Trace Software\",\"url\":\"https:\/\/calcul-electrique.com\/\",\"logo\":{\"@type\":\"ImageObject\",\"inLanguage\":\"de\",\"@id\":\"https:\/\/calcul-electrique.com\/#\/schema\/logo\/image\/\",\"url\":\"https:\/\/calcul-electrique.com\/wp-content\/uploads\/2024\/12\/Trace-software-2023.png\",\"contentUrl\":\"https:\/\/calcul-electrique.com\/wp-content\/uploads\/2024\/12\/Trace-software-2023.png\",\"width\":1900,\"height\":350,\"caption\":\"Trace Software\"},\"image\":{\"@id\":\"https:\/\/calcul-electrique.com\/#\/schema\/logo\/image\/\"},\"sameAs\":[\"https:\/\/www.linkedin.com\/company\/trace-software-international\/\"]}]}<\/script>\n<!-- \/ Yoast SEO plugin. -->","yoast_head_json":{"title":"Cookie-Richtlinie - Calcul \u00e9lectrique","robots":{"index":"index","follow":"follow","max-snippet":"max-snippet:-1","max-image-preview":"max-image-preview:large","max-video-preview":"max-video-preview:-1"},"canonical":"https:\/\/calcul-electrique.com\/de\/?page_id=13604","og_locale":"de_DE","og_type":"article","og_title":"Cookie-Richtlinie - Calcul \u00e9lectrique","og_description":"Cookie-Richtlinie Pr\u00e4sentation eines Cookies Ein Cookie ist eine Textdatei, die in einem speziellen Bereich der Festplatte des Endger\u00e4ts eines Nutzers (Computer, Tablet, Mobiltelefon usw.) abgelegt wird, wenn Sie eine Website besuchen oder einige ihrer Funktionen nutzen. Sie erm\u00f6glichen es insbesondere, Ihr Endger\u00e4t zu identifizieren und wiederzuerkennen, die Seiten zu personalisieren, indem sie an Ihr Profil [&hellip;]","og_url":"https:\/\/calcul-electrique.com\/de\/?page_id=13604","og_site_name":"Calcul \u00e9lectrique","article_modified_time":"2024-12-20T10:56:04+00:00","og_image":[{"width":1200,"height":675,"url":"https:\/\/calcul-electrique.com\/wp-content\/uploads\/2024\/12\/Image-site.png","type":"image\/png"}],"twitter_card":"summary_large_image","twitter_misc":{"Gesch\u00e4tzte Lesezeit":"2\u00a0Minuten"},"schema":{"@context":"https:\/\/schema.org","@graph":[{"@type":"WebPage","@id":"https:\/\/calcul-electrique.com\/de\/?page_id=13604","url":"https:\/\/calcul-electrique.com\/de\/?page_id=13604","name":"Cookie-Richtlinie - Calcul \u00e9lectrique","isPartOf":{"@id":"https:\/\/calcul-electrique.com\/#website"},"datePublished":"2023-12-14T08:01:09+00:00","dateModified":"2024-12-20T10:56:04+00:00","breadcrumb":{"@id":"https:\/\/calcul-electrique.com\/de\/?page_id=13604#breadcrumb"},"inLanguage":"de","potentialAction":[{"@type":"ReadAction","target":["https:\/\/calcul-electrique.com\/de\/?page_id=13604"]}]},{"@type":"BreadcrumbList","@id":"https:\/\/calcul-electrique.com\/de\/?page_id=13604#breadcrumb","itemListElement":[{"@type":"ListItem","position":1,"name":"Startseite","item":"https:\/\/calcul-electrique.com\/de\/"},{"@type":"ListItem","position":2,"name":"Cookie-Richtlinie"}]},{"@type":"WebSite","@id":"https:\/\/calcul-electrique.com\/#website","url":"https:\/\/calcul-electrique.com\/","name":"Calcul \u00e9lectrique","description":"Simplifiez vos projets \u00e9lectriques avec calcul \u00e9lectrique !","publisher":{"@id":"https:\/\/calcul-electrique.com\/#organization"},"potentialAction":[{"@type":"SearchAction","target":{"@type":"EntryPoint","urlTemplate":"https:\/\/calcul-electrique.com\/?s={search_term_string}"},"query-input":{"@type":"PropertyValueSpecification","valueRequired":true,"valueName":"search_term_string"}}],"inLanguage":"de"},{"@type":"Organization","@id":"https:\/\/calcul-electrique.com\/#organization","name":"Trace Software","url":"https:\/\/calcul-electrique.com\/","logo":{"@type":"ImageObject","inLanguage":"de","@id":"https:\/\/calcul-electrique.com\/#\/schema\/logo\/image\/","url":"https:\/\/calcul-electrique.com\/wp-content\/uploads\/2024\/12\/Trace-software-2023.png","contentUrl":"https:\/\/calcul-electrique.com\/wp-content\/uploads\/2024\/12\/Trace-software-2023.png","width":1900,"height":350,"caption":"Trace Software"},"image":{"@id":"https:\/\/calcul-electrique.com\/#\/schema\/logo\/image\/"},"sameAs":["https:\/\/www.linkedin.com\/company\/trace-software-international\/"]}]}},"uagb_featured_image_src":{"full":false,"thumbnail":false,"medium":false,"medium_large":false,"large":false,"1536x1536":false,"2048x2048":false},"uagb_author_info":{"display_name":"Max Farez","author_link":"https:\/\/calcul-electrique.com\/de\/author\/mfarez\/"},"uagb_comment_info":0,"uagb_excerpt":"Cookie-Richtlinie Pr\u00e4sentation eines Cookies Ein Cookie ist eine Textdatei, die in einem speziellen Bereich der Festplatte des Endger\u00e4ts eines Nutzers (Computer, Tablet, Mobiltelefon usw.) abgelegt wird, wenn Sie eine Website besuchen oder einige ihrer Funktionen nutzen. Sie erm\u00f6glichen es insbesondere, Ihr Endger\u00e4t zu identifizieren und wiederzuerkennen, die Seiten zu personalisieren, indem sie an Ihr Profil&hellip;","_links":{"self":[{"href":"https:\/\/calcul-electrique.com\/de\/wp-json\/wp\/v2\/pages\/13604","targetHints":{"allow":["GET"]}}],"collection":[{"href":"https:\/\/calcul-electrique.com\/de\/wp-json\/wp\/v2\/pages"}],"about":[{"href":"https:\/\/calcul-electrique.com\/de\/wp-json\/wp\/v2\/types\/page"}],"author":[{"embeddable":true,"href":"https:\/\/calcul-electrique.com\/de\/wp-json\/wp\/v2\/users\/10"}],"replies":[{"embeddable":true,"href":"https:\/\/calcul-electrique.com\/de\/wp-json\/wp\/v2\/comments?post=13604"}],"version-history":[{"count":2,"href":"https:\/\/calcul-electrique.com\/de\/wp-json\/wp\/v2\/pages\/13604\/revisions"}],"predecessor-version":[{"id":13608,"href":"https:\/\/calcul-electrique.com\/de\/wp-json\/wp\/v2\/pages\/13604\/revisions\/13608"}],"wp:attachment":[{"href":"https:\/\/calcul-electrique.com\/de\/wp-json\/wp\/v2\/media?parent=13604"}],"curies":[{"name":"wp","href":"https:\/\/api.w.org\/{rel}","templated":true}]}}