{"id":13588,"date":"2023-08-08T17:30:57","date_gmt":"2023-08-08T15:30:57","guid":{"rendered":"https:\/\/calcul-electrique.com\/kontakt\/"},"modified":"2024-12-23T10:40:13","modified_gmt":"2024-12-23T09:40:13","slug":"kontakt","status":"publish","type":"page","link":"https:\/\/calcul-electrique.com\/de\/kontakt\/","title":{"rendered":"Kontakt"},"content":{"rendered":"\n<div class=\"wp-block-uagb-container uagb-block-0766adc7 alignfull uagb-is-root-container\"><div class=\"uagb-container-inner-blocks-wrap\">\n<div class=\"wp-block-uagb-advanced-heading uagb-block-99148d6e\"><h3 class=\"uagb-heading-text\">Haben Sie eine Frage?<\/h3><\/div>\n<\/div><\/div>\n\n\n\n<div class=\"wp-block-uagb-container uagb-block-7ceb1631 alignfull uagb-is-root-container\"><div class=\"uagb-container-inner-blocks-wrap\">\n<div class=\"wp-block-uagb-container uagb-block-5cf3b517\">\n<div class=\"wp-block-uagb-advanced-heading uagb-block-0fcdf4d0\"><h2 class=\"uagb-heading-text\">Wo finden Sie uns?<\/h2><\/div>\n\n\n\t\t\t<div \n\t\t\tclass=\"wp-block-uagb-google-map uagb-google-map__wrap uagb-block-3eccd754     \"\n\t\t\tstyle=\"\" >\n\t\t\t\t<embed\n\t\t\t\t\tclass=\"uagb-google-map__iframe\"\n\t\t\t\t\ttitle=\"Google Map for \"\n\t\t\t\t\tsrc=\"https:\/\/maps.google.com\/maps?q=Savignysta%C3%9Fe%2043%2060325%20Frankfurt%20am%20Main&#038;z=15&#038;hl=fr&#038;t=m&#038;output=embed&#038;iwloc=near\"\n\t\t\t\t\twidth=\"640\"\n\t\t\t\t\theight=\"594\"\n\t\t\t\t\tloading=\"lazy\"\n\t\t\t\t><\/embed>\n\t\t\t<\/div>\n\t\t\t<\/div>\n\n\n\n<div class=\"wp-block-uagb-container uagb-block-bb2b7dc1\">\n<div class=\"wp-block-uagb-advanced-heading uagb-block-63173754\"><h2 class=\"uagb-heading-text\">Kontaktieren Sie uns<\/h2><\/div>\n\n\n<style id=\"wpforms-css-vars-1842\">\n\t\t\t\t#wpforms-1842 {\n\t\t\t\t\n\t\t\t}\n\t\t\t<\/style><div class=\"wpforms-container wpforms-container-full wpforms-render-modern\" id=\"wpforms-1842\"><form id=\"wpforms-form-1842\" class=\"wpforms-validate wpforms-form wpforms-ajax-form\" data-formid=\"1842\" method=\"post\" enctype=\"multipart\/form-data\" action=\"\/de\/wp-json\/wp\/v2\/pages\/13588\" data-token=\"b95438be4c35f756290018e697892d1e\" data-token-time=\"1776843181\"><noscript class=\"wpforms-error-noscript\">Bitte aktiviere JavaScript in deinem Browser, um dieses Formular fertigzustellen.<\/noscript><div id=\"wpforms-error-noscript\" style=\"display: none;\">Bitte aktiviere JavaScript in deinem Browser, um dieses Formular fertigzustellen.<\/div><div class=\"wpforms-field-container\"><div id=\"wpforms-1842-field_0-container\" class=\"wpforms-field wpforms-field-name\" data-field-id=\"0\"><fieldset><legend class=\"wpforms-field-label\">Benutzerinformationen <span class=\"wpforms-required-label\" aria-hidden=\"true\">*<\/span><\/legend><div class=\"wpforms-field-row wpforms-field-large\"><div class=\"wpforms-field-row-block wpforms-first wpforms-one-half\"><input type=\"text\" id=\"wpforms-1842-field_0\" class=\"wpforms-field-name-first wpforms-field-required\" name=\"wpforms[fields][0][first]\" placeholder=\"Vorname\" aria-errormessage=\"wpforms-1842-field_0-error\" required><label for=\"wpforms-1842-field_0\" class=\"wpforms-field-sublabel after wpforms-sublabel-hide\">Vorname<\/label><\/div><div class=\"wpforms-field-row-block wpforms-one-half\"><input type=\"text\" id=\"wpforms-1842-field_0-last\" class=\"wpforms-field-name-last wpforms-field-required\" name=\"wpforms[fields][0][last]\" placeholder=\"Name\" aria-errormessage=\"wpforms-1842-field_0-last-error\" required><label for=\"wpforms-1842-field_0-last\" class=\"wpforms-field-sublabel after wpforms-sublabel-hide\">Nachname<\/label><\/div><\/div><\/fieldset><\/div><div id=\"wpforms-1842-field_1-container\" class=\"wpforms-field wpforms-field-email\" data-field-id=\"1\"><label class=\"wpforms-field-label\" for=\"wpforms-1842-field_1\">E-Mail <span class=\"wpforms-required-label\" aria-hidden=\"true\">*<\/span><\/label><input type=\"email\" id=\"wpforms-1842-field_1\" class=\"wpforms-field-large wpforms-field-required\" name=\"wpforms[fields][1]\" spellcheck=\"false\" aria-errormessage=\"wpforms-1842-field_1-error\" required><\/div><div id=\"wpforms-1842-field_4-container\" class=\"wpforms-field wpforms-field-select wpforms-field-select-style-modern\" data-field-id=\"4\"><label class=\"wpforms-field-label\" for=\"wpforms-1842-field_4\">Dropdown-Liste <span class=\"wpforms-required-label\" aria-hidden=\"true\">*<\/span><\/label><select id=\"wpforms-1842-field_4\" class=\"wpforms-field-large wpforms-field-required choicesjs-select\" data-size-class=\"wpforms-field-row wpforms-field-large\" data-search-enabled=\"\" name=\"wpforms[fields][4]\" required=\"required\"><option value=\"\" class=\"placeholder\" disabled  selected='selected'><\/option><option value=\"Frage zur technischen Unterst\u00fctzung\"  class=\"choice-1 depth-1\"  >Frage zur technischen Unterst\u00fctzung<\/option><option value=\"Anfrage nach Informationen \u00fcber ein Produkt\"  class=\"choice-2 depth-1\"  >Anfrage nach Informationen \u00fcber ein Produkt<\/option><option value=\"Kontaktaufnahme mit der Handelsabteilung\"  class=\"choice-3 depth-1\"  >Kontaktaufnahme mit der Handelsabteilung<\/option><\/select><\/div><div id=\"wpforms-1842-field_2-container\" class=\"wpforms-field wpforms-field-textarea\" data-field-id=\"2\"><label class=\"wpforms-field-label\" for=\"wpforms-1842-field_2\">Nachricht <span class=\"wpforms-required-label\" aria-hidden=\"true\">*<\/span><\/label><textarea id=\"wpforms-1842-field_2\" class=\"wpforms-field-medium wpforms-field-required\" name=\"wpforms[fields][2]\" aria-errormessage=\"wpforms-1842-field_2-error\" required><\/textarea><\/div><\/div><!-- .wpforms-field-container --><div class=\"wpforms-recaptcha-container wpforms-is-recaptcha wpforms-is-recaptcha-type-v3\" ><input type=\"hidden\" name=\"wpforms[recaptcha]\" value=\"\"><\/div><div class=\"wpforms-submit-container\" ><input type=\"hidden\" name=\"wpforms[id]\" value=\"1842\"><input type=\"hidden\" name=\"page_title\" value=\"\"><input type=\"hidden\" name=\"page_url\" value=\"https:\/\/calcul-electrique.com\/de\/wp-json\/wp\/v2\/pages\/13588\"><input type=\"hidden\" name=\"url_referer\" value=\"\"><button type=\"submit\" name=\"wpforms[submit]\" id=\"wpforms-submit-1842\" class=\"wpforms-submit\" data-alt-text=\"Laufende Sendung...\" data-submit-text=\"Senden Sie\" aria-live=\"assertive\" value=\"wpforms-submit\">Senden Sie<\/button><img loading=\"lazy\" decoding=\"async\" src=\"https:\/\/calcul-electrique.com\/wp-content\/plugins\/wpforms-lite\/assets\/images\/submit-spin.svg\" class=\"wpforms-submit-spinner\" style=\"display: none;\" width=\"26\" height=\"26\" alt=\"Wird geladen\"><\/div><\/form><\/div>  <!-- .wpforms-container -->\n<\/div>\n<\/div><\/div>\n","protected":false},"excerpt":{"rendered":"<p>Haben Sie eine Frage? Wo finden Sie uns? Kontaktieren Sie uns<\/p>\n","protected":false},"author":10,"featured_media":0,"parent":0,"menu_order":0,"comment_status":"closed","ping_status":"closed","template":"","meta":{"_uag_custom_page_level_css":"","_swt_meta_header_display":false,"_swt_meta_footer_display":false,"_swt_meta_site_title_display":false,"_swt_meta_sticky_header":false,"_swt_meta_transparent_header":false,"footnotes":""},"class_list":["post-13588","page","type-page","status-publish","hentry"],"yoast_head":"<!-- This site is optimized with the Yoast SEO plugin v27.0 - https:\/\/yoast.com\/product\/yoast-seo-wordpress\/ -->\n<title>Kontakt - Calcul \u00e9lectrique<\/title>\n<meta name=\"robots\" content=\"index, follow, max-snippet:-1, max-image-preview:large, max-video-preview:-1\" \/>\n<link rel=\"canonical\" href=\"https:\/\/calcul-electrique.com\/de\/kontakt\/\" \/>\n<meta property=\"og:locale\" content=\"de_DE\" \/>\n<meta property=\"og:type\" content=\"article\" \/>\n<meta property=\"og:title\" content=\"Kontakt - Calcul \u00e9lectrique\" \/>\n<meta property=\"og:description\" content=\"Haben Sie eine Frage? Wo finden Sie uns? Kontaktieren Sie uns\" \/>\n<meta property=\"og:url\" content=\"https:\/\/calcul-electrique.com\/de\/kontakt\/\" \/>\n<meta property=\"og:site_name\" content=\"Calcul \u00e9lectrique\" \/>\n<meta property=\"article:modified_time\" content=\"2024-12-23T09:40:13+00:00\" \/>\n<meta property=\"og:image\" content=\"https:\/\/calcul-electrique.com\/wp-content\/uploads\/2024\/12\/Image-site.png\" \/>\n\t<meta property=\"og:image:width\" content=\"1200\" \/>\n\t<meta property=\"og:image:height\" content=\"675\" \/>\n\t<meta property=\"og:image:type\" content=\"image\/png\" \/>\n<meta name=\"twitter:card\" content=\"summary_large_image\" \/>\n<meta name=\"twitter:label1\" content=\"Gesch\u00e4tzte Lesezeit\" \/>\n\t<meta name=\"twitter:data1\" content=\"1\u00a0Minute\" \/>\n<script type=\"application\/ld+json\" class=\"yoast-schema-graph\">{\"@context\":\"https:\/\/schema.org\",\"@graph\":[{\"@type\":\"WebPage\",\"@id\":\"https:\/\/calcul-electrique.com\/de\/kontakt\/\",\"url\":\"https:\/\/calcul-electrique.com\/de\/kontakt\/\",\"name\":\"Kontakt - Calcul \u00e9lectrique\",\"isPartOf\":{\"@id\":\"https:\/\/calcul-electrique.com\/#website\"},\"datePublished\":\"2023-08-08T15:30:57+00:00\",\"dateModified\":\"2024-12-23T09:40:13+00:00\",\"breadcrumb\":{\"@id\":\"https:\/\/calcul-electrique.com\/de\/kontakt\/#breadcrumb\"},\"inLanguage\":\"de\",\"potentialAction\":[{\"@type\":\"ReadAction\",\"target\":[\"https:\/\/calcul-electrique.com\/de\/kontakt\/\"]}]},{\"@type\":\"BreadcrumbList\",\"@id\":\"https:\/\/calcul-electrique.com\/de\/kontakt\/#breadcrumb\",\"itemListElement\":[{\"@type\":\"ListItem\",\"position\":1,\"name\":\"Startseite\",\"item\":\"https:\/\/calcul-electrique.com\/de\/\"},{\"@type\":\"ListItem\",\"position\":2,\"name\":\"Kontakt\"}]},{\"@type\":\"WebSite\",\"@id\":\"https:\/\/calcul-electrique.com\/#website\",\"url\":\"https:\/\/calcul-electrique.com\/\",\"name\":\"Calcul \u00e9lectrique\",\"description\":\"Simplifiez vos projets \u00e9lectriques avec calcul \u00e9lectrique !\",\"publisher\":{\"@id\":\"https:\/\/calcul-electrique.com\/#organization\"},\"potentialAction\":[{\"@type\":\"SearchAction\",\"target\":{\"@type\":\"EntryPoint\",\"urlTemplate\":\"https:\/\/calcul-electrique.com\/?s={search_term_string}\"},\"query-input\":{\"@type\":\"PropertyValueSpecification\",\"valueRequired\":true,\"valueName\":\"search_term_string\"}}],\"inLanguage\":\"de\"},{\"@type\":\"Organization\",\"@id\":\"https:\/\/calcul-electrique.com\/#organization\",\"name\":\"Trace Software\",\"url\":\"https:\/\/calcul-electrique.com\/\",\"logo\":{\"@type\":\"ImageObject\",\"inLanguage\":\"de\",\"@id\":\"https:\/\/calcul-electrique.com\/#\/schema\/logo\/image\/\",\"url\":\"https:\/\/calcul-electrique.com\/wp-content\/uploads\/2024\/12\/Trace-software-2023.png\",\"contentUrl\":\"https:\/\/calcul-electrique.com\/wp-content\/uploads\/2024\/12\/Trace-software-2023.png\",\"width\":1900,\"height\":350,\"caption\":\"Trace Software\"},\"image\":{\"@id\":\"https:\/\/calcul-electrique.com\/#\/schema\/logo\/image\/\"},\"sameAs\":[\"https:\/\/www.linkedin.com\/company\/trace-software-international\/\"]}]}<\/script>\n<!-- \/ Yoast SEO plugin. -->","yoast_head_json":{"title":"Kontakt - Calcul \u00e9lectrique","robots":{"index":"index","follow":"follow","max-snippet":"max-snippet:-1","max-image-preview":"max-image-preview:large","max-video-preview":"max-video-preview:-1"},"canonical":"https:\/\/calcul-electrique.com\/de\/kontakt\/","og_locale":"de_DE","og_type":"article","og_title":"Kontakt - Calcul \u00e9lectrique","og_description":"Haben Sie eine Frage? Wo finden Sie uns? Kontaktieren Sie uns","og_url":"https:\/\/calcul-electrique.com\/de\/kontakt\/","og_site_name":"Calcul \u00e9lectrique","article_modified_time":"2024-12-23T09:40:13+00:00","og_image":[{"width":1200,"height":675,"url":"https:\/\/calcul-electrique.com\/wp-content\/uploads\/2024\/12\/Image-site.png","type":"image\/png"}],"twitter_card":"summary_large_image","twitter_misc":{"Gesch\u00e4tzte Lesezeit":"1\u00a0Minute"},"schema":{"@context":"https:\/\/schema.org","@graph":[{"@type":"WebPage","@id":"https:\/\/calcul-electrique.com\/de\/kontakt\/","url":"https:\/\/calcul-electrique.com\/de\/kontakt\/","name":"Kontakt - Calcul \u00e9lectrique","isPartOf":{"@id":"https:\/\/calcul-electrique.com\/#website"},"datePublished":"2023-08-08T15:30:57+00:00","dateModified":"2024-12-23T09:40:13+00:00","breadcrumb":{"@id":"https:\/\/calcul-electrique.com\/de\/kontakt\/#breadcrumb"},"inLanguage":"de","potentialAction":[{"@type":"ReadAction","target":["https:\/\/calcul-electrique.com\/de\/kontakt\/"]}]},{"@type":"BreadcrumbList","@id":"https:\/\/calcul-electrique.com\/de\/kontakt\/#breadcrumb","itemListElement":[{"@type":"ListItem","position":1,"name":"Startseite","item":"https:\/\/calcul-electrique.com\/de\/"},{"@type":"ListItem","position":2,"name":"Kontakt"}]},{"@type":"WebSite","@id":"https:\/\/calcul-electrique.com\/#website","url":"https:\/\/calcul-electrique.com\/","name":"Calcul \u00e9lectrique","description":"Simplifiez vos projets \u00e9lectriques avec calcul \u00e9lectrique !","publisher":{"@id":"https:\/\/calcul-electrique.com\/#organization"},"potentialAction":[{"@type":"SearchAction","target":{"@type":"EntryPoint","urlTemplate":"https:\/\/calcul-electrique.com\/?s={search_term_string}"},"query-input":{"@type":"PropertyValueSpecification","valueRequired":true,"valueName":"search_term_string"}}],"inLanguage":"de"},{"@type":"Organization","@id":"https:\/\/calcul-electrique.com\/#organization","name":"Trace Software","url":"https:\/\/calcul-electrique.com\/","logo":{"@type":"ImageObject","inLanguage":"de","@id":"https:\/\/calcul-electrique.com\/#\/schema\/logo\/image\/","url":"https:\/\/calcul-electrique.com\/wp-content\/uploads\/2024\/12\/Trace-software-2023.png","contentUrl":"https:\/\/calcul-electrique.com\/wp-content\/uploads\/2024\/12\/Trace-software-2023.png","width":1900,"height":350,"caption":"Trace Software"},"image":{"@id":"https:\/\/calcul-electrique.com\/#\/schema\/logo\/image\/"},"sameAs":["https:\/\/www.linkedin.com\/company\/trace-software-international\/"]}]}},"uagb_featured_image_src":{"full":false,"thumbnail":false,"medium":false,"medium_large":false,"large":false,"1536x1536":false,"2048x2048":false},"uagb_author_info":{"display_name":"Max Farez","author_link":"https:\/\/calcul-electrique.com\/de\/author\/mfarez\/"},"uagb_comment_info":0,"uagb_excerpt":"Haben Sie eine Frage? Wo finden Sie uns? Kontaktieren Sie uns","_links":{"self":[{"href":"https:\/\/calcul-electrique.com\/de\/wp-json\/wp\/v2\/pages\/13588","targetHints":{"allow":["GET"]}}],"collection":[{"href":"https:\/\/calcul-electrique.com\/de\/wp-json\/wp\/v2\/pages"}],"about":[{"href":"https:\/\/calcul-electrique.com\/de\/wp-json\/wp\/v2\/types\/page"}],"author":[{"embeddable":true,"href":"https:\/\/calcul-electrique.com\/de\/wp-json\/wp\/v2\/users\/10"}],"replies":[{"embeddable":true,"href":"https:\/\/calcul-electrique.com\/de\/wp-json\/wp\/v2\/comments?post=13588"}],"version-history":[{"count":3,"href":"https:\/\/calcul-electrique.com\/de\/wp-json\/wp\/v2\/pages\/13588\/revisions"}],"predecessor-version":[{"id":13856,"href":"https:\/\/calcul-electrique.com\/de\/wp-json\/wp\/v2\/pages\/13588\/revisions\/13856"}],"wp:attachment":[{"href":"https:\/\/calcul-electrique.com\/de\/wp-json\/wp\/v2\/media?parent=13588"}],"curies":[{"name":"wp","href":"https:\/\/api.w.org\/{rel}","templated":true}]}}