{"id":13583,"date":"2023-08-09T08:51:45","date_gmt":"2023-08-09T06:51:45","guid":{"rendered":"https:\/\/calcul-electrique.com\/artikel\/"},"modified":"2024-12-23T09:13:41","modified_gmt":"2024-12-23T08:13:41","slug":"artikel","status":"publish","type":"page","link":"https:\/\/calcul-electrique.com\/de\/artikel\/","title":{"rendered":"Artikel"},"content":{"rendered":"\n<div class=\"wp-block-uagb-container uagb-block-421cb8a3 alignfull uagb-is-root-container\"><div class=\"uagb-container-inner-blocks-wrap\">\n<div class=\"wp-block-uagb-container uagb-block-806d6b29 alignfull uagb-is-root-container\"><div class=\"uagb-container-inner-blocks-wrap\">\n<div class=\"wp-block-uagb-container uagb-block-6e5107ac alignwide uagb-is-root-container\">\n<div class=\"wp-block-uagb-advanced-heading uagb-block-c1376124\"><h4 class=\"uagb-heading-text\">Fachartikel<\/h4><\/div>\n\n\n\n<div class=\"wp-block-uagb-advanced-heading uagb-block-4567827d nc-justify-text\"><h6 class=\"uagb-heading-text\">Durchsuchen Sie unsere Sammlung von Fachartikeln \u00fcber elektrische Berechnungen, in denen technisches Fachwissen auf aktuelle Entwicklungen in der Branche trifft. Wir decken ein breites Spektrum an Themen ab, von elektrischen Normen bis hin zu j\u00fcngsten Innovationen und fortgeschrittenen Techniken.   <\/h6><\/div>\n\n\n<ul class=\"wp-block-latest-posts__list has-link-color is-style-swt-latest-posts-simple wp-elements-78e2d6e59965bea71855974c6c418043 wp-block-latest-posts has-text-color has-neutral-color\"><li><a class=\"wp-block-latest-posts__post-title\" href=\"https:\/\/calcul-electrique.com\/de\/technik\/ueberpruefung-des-kurzschluss-schaltvermoegens-von-schaltgeraeten\/\">\u00dcberpr\u00fcfung des Kurzschluss-Schaltverm\u00f6gens von Schaltger\u00e4ten<\/a><div class=\"wp-block-latest-posts__post-excerpt\">Da ein Schaltger\u00e4t bei einem bereits bestehenden Kurzschluss in der elektrischen Anlage geschlossen werden kann, muss sichergestellt werden, dass das Schaltger\u00e4t dabei nicht zerst\u00f6rt wird. Berechnung und Ber\u00fccksichtigung von Werten\u2026\u00a0<a class=\"wp-block-latest-posts__read-more\" href=\"https:\/\/calcul-electrique.com\/de\/technik\/ueberpruefung-des-kurzschluss-schaltvermoegens-von-schaltgeraeten\/\" rel=\"noopener noreferrer\"><span class=\"screen-reader-text\">\u00dcberpr\u00fcfung des Kurzschluss-Schaltverm\u00f6gens von Schaltger\u00e4ten <\/span>weiterlesen<\/a><\/div><\/li>\n<li><a class=\"wp-block-latest-posts__post-title\" href=\"https:\/\/calcul-electrique.com\/de\/artikel\/ueberlegungen-zum-problem-des-1-poligen-ausschaltvermoegens-in-tn\/\">\u00dcberlegungen zum Problem des 1-poligen Ausschaltverm\u00f6gens in TN<\/a><div class=\"wp-block-latest-posts__post-excerpt\">Die Entstehung des Problems ist in einer Frage enthalten, die der UTE Anfang 2010 gestellt wurde und deren Antwort Gegenstand des Interpretationsblattes 15-100 F13 war, das sp\u00e4ter in die \u00c4nderung\u2026\u00a0<a class=\"wp-block-latest-posts__read-more\" href=\"https:\/\/calcul-electrique.com\/de\/artikel\/ueberlegungen-zum-problem-des-1-poligen-ausschaltvermoegens-in-tn\/\" rel=\"noopener noreferrer\"><span class=\"screen-reader-text\">\u00dcberlegungen zum Problem des 1-poligen Ausschaltverm\u00f6gens in TN <\/span>weiterlesen<\/a><\/div><\/li>\n<li><a class=\"wp-block-latest-posts__post-title\" href=\"https:\/\/calcul-electrique.com\/de\/artikel\/ueberpruefung-der-thermischen-spannungen-in-einem-leiter\/\">\u00dcberpr\u00fcfung der thermischen Spannungen in einem Leiter<\/a><div class=\"wp-block-latest-posts__post-excerpt\">Durchgangsenergie und zul\u00e4ssige thermische Belastung Von den intrinsischen Eigenschaften eines Kabels oder Leiters sind zwei Werte f\u00fcr die Dimensionierung entscheidend: Bei genormten Kabeln sind diese Werte durch die Norm vorgeschrieben,\u2026\u00a0<a class=\"wp-block-latest-posts__read-more\" href=\"https:\/\/calcul-electrique.com\/de\/artikel\/ueberpruefung-der-thermischen-spannungen-in-einem-leiter\/\" rel=\"noopener noreferrer\"><span class=\"screen-reader-text\">\u00dcberpr\u00fcfung der thermischen Spannungen in einem Leiter <\/span>weiterlesen<\/a><\/div><\/li>\n<li><a class=\"wp-block-latest-posts__post-title\" href=\"https:\/\/calcul-electrique.com\/de\/artikel\/normen-fuer-die-dimensionierung-von-elektrischen-niederspannungsanlagen\/\">Normen f\u00fcr die Dimensionierung von elektrischen Niederspannungsanlagen<\/a><div class=\"wp-block-latest-posts__post-excerpt\">In der komplexen Welt der Elektrizit\u00e4t werden die Sicherheit und Effizienz von elektrischen Installationen durch eine subtile Kombination von internationalen Vorschriften und Normen geregelt. Dies wird durch die Norm IEC\u2026\u00a0<a class=\"wp-block-latest-posts__read-more\" href=\"https:\/\/calcul-electrique.com\/de\/artikel\/normen-fuer-die-dimensionierung-von-elektrischen-niederspannungsanlagen\/\" rel=\"noopener noreferrer\"><span class=\"screen-reader-text\">Normen f\u00fcr die Dimensionierung von elektrischen Niederspannungsanlagen <\/span>weiterlesen<\/a><\/div><\/li>\n<\/ul><\/div>\n\n\n\n<div class=\"wp-block-uagb-container uagb-block-9f747612 alignwide uagb-is-root-container\">\n<div class=\"wp-block-uagb-advanced-heading uagb-block-0b803295\"><h4 class=\"uagb-heading-text\">FAQ-Artikel: Fragen zur Schnittstelle<\/h4><\/div>\n\n\n\n<div class=\"wp-block-uagb-advanced-heading uagb-block-92413383 nc-justify-text\"><h6 class=\"uagb-heading-text\">Lesen Sie unsere ausf\u00fchrlichen Artikel \u00fcber die Schnittstelle von elec calc, um Ihre Kenntnisse der Funktionen zu optimieren und Ihre Effizienz im Alltag zu verbessern.<\/h6><\/div>\n\n\n<ul class=\"wp-block-latest-posts__list has-link-color is-style-swt-latest-posts-simple wp-elements-8d09ab2dd2076ed95747a9ecb5947c74 wp-block-latest-posts has-text-color has-custom-couleur-1-color\"><li><a class=\"wp-block-latest-posts__post-title\" href=\"https:\/\/calcul-electrique.com\/de\/faq-elec-calc-de\/einen-dispatcher-auf-einer-anderen-registerkarte-fortsetzen\/\">Einen Dispatcher auf einer anderen Registerkarte fortsetzen<\/a><div class=\"wp-block-latest-posts__post-excerpt\">Sie haben die M\u00f6glichkeit, Hintergr\u00fcnde in Ihrer \u00dcbersicht zu verwenden, um Ihre verschiedenen Tabellen auf mehreren Registerkarten zu modellieren. Ein und derselbe Verteiler kann auf verschiedenen Registerkarten dargestellt werden. W\u00e4hlen\u2026\u00a0<a class=\"wp-block-latest-posts__read-more\" href=\"https:\/\/calcul-electrique.com\/de\/faq-elec-calc-de\/einen-dispatcher-auf-einer-anderen-registerkarte-fortsetzen\/\" rel=\"noopener noreferrer\"><span class=\"screen-reader-text\">Einen Dispatcher auf einer anderen Registerkarte fortsetzen <\/span>weiterlesen<\/a><\/div><\/li>\n<\/ul><\/div>\n\n\n\n<div class=\"wp-block-uagb-container uagb-block-55cfc194 alignwide uagb-is-root-container\">\n<div class=\"wp-block-uagb-advanced-heading uagb-block-196cb714\"><h4 class=\"uagb-heading-text\">FAQ-Artikel: Fragen zur Installation<\/h4><\/div>\n\n\n\n<div class=\"wp-block-uagb-advanced-heading uagb-block-fb55c2c0 nc-justify-text\"><h6 class=\"uagb-heading-text\">Entdecken Sie hier unsere Artikel und Anleitungen zur effizienten Installation von elec calc. Erhalten Sie praktische Tipps f\u00fcr einen reibungslosen Start und eine problemlose Nutzung. <\/h6><\/div>\n\n\n<ul class=\"wp-block-latest-posts__list has-link-color is-style-swt-latest-posts-simple wp-elements-7f6d045f3b294627cf20d22530f3e5d3 wp-block-latest-posts has-text-color has-custom-couleur-1-color\"><li><a class=\"wp-block-latest-posts__post-title\" href=\"https:\/\/calcul-electrique.com\/de\/faq-elec-calc-de\/wie-kann-ich-meine-lizenz-per-e-mail-aktivieren\/\">Wie kann ich meine Lizenz per E-Mail aktivieren?<\/a><div class=\"wp-block-latest-posts__post-excerpt\">In den meisten F\u00e4llen erm\u00f6glicht es der Lizenzmanager von elec calc\u2122, die Lizenz direkt \u00fcber das Internet zu aktivieren. Wenn Ihr Lizenzmanager keinen Internetzugang hat. Es gibt eine Alternative, um\u2026\u00a0<a class=\"wp-block-latest-posts__read-more\" href=\"https:\/\/calcul-electrique.com\/de\/faq-elec-calc-de\/wie-kann-ich-meine-lizenz-per-e-mail-aktivieren\/\" rel=\"noopener noreferrer\"><span class=\"screen-reader-text\">Wie kann ich meine Lizenz per E-Mail aktivieren? <\/span>weiterlesen<\/a><\/div><\/li>\n<li><a class=\"wp-block-latest-posts__post-title\" href=\"https:\/\/calcul-electrique.com\/de\/faq-elec-calc-de\/reaktivieren-sie-ihre-elec-calc-lizenz\/\">Reaktivieren Sie Ihre elec calc-Lizenz<\/a><div class=\"wp-block-latest-posts__post-excerpt\">Die Aktivierung einer Lizenz ist f\u00fcr 365 Tage oder 60 Tage nach dem Kauf der Lizenz g\u00fcltig. Nach Ablauf dieses Zeitraums m\u00fcssen Sie die Lizenz \u00fcber den Lizenzmanager reaktivieren. Seit\u2026\u00a0<a class=\"wp-block-latest-posts__read-more\" href=\"https:\/\/calcul-electrique.com\/de\/faq-elec-calc-de\/reaktivieren-sie-ihre-elec-calc-lizenz\/\" rel=\"noopener noreferrer\"><span class=\"screen-reader-text\">Reaktivieren Sie Ihre elec calc-Lizenz <\/span>weiterlesen<\/a><\/div><\/li>\n<li><a class=\"wp-block-latest-posts__post-title\" href=\"https:\/\/calcul-electrique.com\/de\/faq-elec-calc-de\/schutz-inaktiv\/\">Schutz inaktiv<\/a><div class=\"wp-block-latest-posts__post-excerpt\">Diese Meldung zeigt an, dass Ihre Lizenz nicht aktiv ist. \u00dcberpr\u00fcfen Sie im Lizenzmanager (auf Ihrem Rechner oder auf dem Remote-Server f\u00fcr Floating-Lizenzen), ob die Lizenz vorhanden und aktiv ist.\u2026\u00a0<a class=\"wp-block-latest-posts__read-more\" href=\"https:\/\/calcul-electrique.com\/de\/faq-elec-calc-de\/schutz-inaktiv\/\" rel=\"noopener noreferrer\"><span class=\"screen-reader-text\">Schutz inaktiv <\/span>weiterlesen<\/a><\/div><\/li>\n<li><a class=\"wp-block-latest-posts__post-title\" href=\"https:\/\/calcul-electrique.com\/de\/faq-elec-calc-de\/der-ist-dienst-funktioniert-nicht-mehr-oder-ist-nicht-zugaenglich\/\">Der IST-Dienst funktioniert nicht mehr oder ist nicht zug\u00e4nglich&#8230;<\/a><div class=\"wp-block-latest-posts__post-excerpt\">Diese Meldung zeigt an, dass ein Problem mit der Konfiguration Ihres Computers aufgetreten ist. \u00dcberpr\u00fcfen Sie die Firewalls auf den Client- und Servercomputern (einschlie\u00dflich der Windows-Firewalls). Die folgenden TCP-Ports m\u00fcssen\u2026\u00a0<a class=\"wp-block-latest-posts__read-more\" href=\"https:\/\/calcul-electrique.com\/de\/faq-elec-calc-de\/der-ist-dienst-funktioniert-nicht-mehr-oder-ist-nicht-zugaenglich\/\" rel=\"noopener noreferrer\"><span class=\"screen-reader-text\">Der IST-Dienst funktioniert nicht mehr oder ist nicht zug\u00e4nglich&#8230; <\/span>weiterlesen<\/a><\/div><\/li>\n<\/ul><\/div>\n\n\n\n<div class=\"wp-block-uagb-container uagb-block-ec4be9c5 alignwide uagb-is-root-container\">\n<div class=\"wp-block-uagb-advanced-heading uagb-block-fdd52501\"><h4 class=\"uagb-heading-text\">FAQ-Artikel: Fragen zu Referenzen<\/h4><\/div>\n\n\n\n<div class=\"wp-block-uagb-advanced-heading uagb-block-ccdc2f54 nc-justify-text\"><h6 class=\"uagb-heading-text\">Lesen Sie unsere Artikel \u00fcber die Herstellernummern im Katalog elec calc, um Ihnen bei der L\u00f6sung von Auswahlproblemen zu helfen und die Konformit\u00e4t Ihrer Installationen zu gew\u00e4hrleisten.<br\/><\/h6><\/div>\n\n\n<ul class=\"wp-block-latest-posts__list has-link-color is-style-swt-latest-posts-simple wp-elements-1cb98837e1297cbad978a52a6ebcab2b wp-block-latest-posts has-text-color has-custom-couleur-1-color\"><\/ul><\/div>\n<\/div><\/div>\n\n\n\n<div class=\"wp-block-uagb-container uagb-block-769f13d3 alignfull uagb-is-root-container\"><div class=\"uagb-container-inner-blocks-wrap\">\n<div class=\"wp-block-uagb-advanced-heading uagb-block-e85c2775\"><h4 class=\"uagb-heading-text\">FAQ-Artikel : Die Berechnung in elec calc\u2122<\/h4><\/div>\n\n\n\n<div class=\"wp-block-uagb-advanced-heading uagb-block-d0dc8f43 nc-justify-text\"><h6 class=\"uagb-heading-text\">Tauchen Sie ein in unsere innovativen Artikel \u00fcber elektrische Berechnungen und Dimensionierung mit elec calc.  <\/h6><\/div>\n\n\n<ul class=\"wp-block-latest-posts__list has-link-color is-style-swt-latest-posts-simple wp-elements-d75beddba3564300ef3c0da524034dce wp-block-latest-posts has-text-color has-custom-couleur-1-color\"><li><a class=\"wp-block-latest-posts__post-title\" href=\"https:\/\/calcul-electrique.com\/de\/faq-elec-calc-de\/zu-hohe-thermische-belastung-des-phasenleiters\/\">Zu hohe thermische Belastung des Phasenleiters<\/a><div class=\"wp-block-latest-posts__post-excerpt\">Artikel Nr. 434.5.2 der Norm NF C 15-100: Die Zeit, in der ein Kurzschluss an einer beliebigen Stelle des Stromkreises einen Strom unterbricht, darf nicht l\u00e4nger sein als die Zeit,\u2026\u00a0<a class=\"wp-block-latest-posts__read-more\" href=\"https:\/\/calcul-electrique.com\/de\/faq-elec-calc-de\/zu-hohe-thermische-belastung-des-phasenleiters\/\" rel=\"noopener noreferrer\"><span class=\"screen-reader-text\">Zu hohe thermische Belastung des Phasenleiters <\/span>weiterlesen<\/a><\/div><\/li>\n<\/ul><\/div><\/div>\n<\/div><\/div>\n","protected":false},"excerpt":{"rendered":"<p>Fachartikel Durchsuchen Sie unsere Sammlung von Fachartikeln \u00fcber elektrische Berechnungen, in denen technisches Fachwissen auf aktuelle Entwicklungen in der Branche trifft. Wir decken ein breites Spektrum an Themen ab, von elektrischen Normen bis hin zu j\u00fcngsten Innovationen und fortgeschrittenen Techniken. FAQ-Artikel: Fragen zur Schnittstelle Lesen Sie unsere ausf\u00fchrlichen Artikel \u00fcber die Schnittstelle von elec calc, [&hellip;]<\/p>\n","protected":false},"author":10,"featured_media":0,"parent":0,"menu_order":0,"comment_status":"closed","ping_status":"closed","template":"","meta":{"_uag_custom_page_level_css":"","_swt_meta_header_display":false,"_swt_meta_footer_display":false,"_swt_meta_site_title_display":false,"_swt_meta_sticky_header":false,"_swt_meta_transparent_header":false,"footnotes":""},"class_list":["post-13583","page","type-page","status-publish","hentry"],"yoast_head":"<!-- This site is optimized with the Yoast SEO plugin v27.0 - https:\/\/yoast.com\/product\/yoast-seo-wordpress\/ -->\n<title>Wissensdatenbank f\u00fcr elektrische Berechnungen: Die wichtigsten Artikel<\/title>\n<meta name=\"description\" content=\"Durchsuchen Sie unsere Wissensdatenbank zur elektrischen Berechnung: Artikel und Leitf\u00e4den, um die wichtigsten Konzepte und Techniken zu beherrschen.\" \/>\n<meta name=\"robots\" content=\"index, follow, max-snippet:-1, max-image-preview:large, max-video-preview:-1\" \/>\n<link rel=\"canonical\" href=\"https:\/\/calcul-electrique.com\/de\/artikel\/\" \/>\n<meta property=\"og:locale\" content=\"de_DE\" \/>\n<meta property=\"og:type\" content=\"article\" \/>\n<meta property=\"og:title\" content=\"Wissensdatenbank f\u00fcr elektrische Berechnungen: Die wichtigsten Artikel\" \/>\n<meta property=\"og:description\" content=\"Durchsuchen Sie unsere Wissensdatenbank zur elektrischen Berechnung: Artikel und Leitf\u00e4den, um die wichtigsten Konzepte und Techniken zu beherrschen.\" \/>\n<meta property=\"og:url\" content=\"https:\/\/calcul-electrique.com\/de\/artikel\/\" \/>\n<meta property=\"og:site_name\" content=\"Calcul \u00e9lectrique\" \/>\n<meta property=\"article:modified_time\" content=\"2024-12-23T08:13:41+00:00\" \/>\n<meta property=\"og:image\" content=\"https:\/\/calcul-electrique.com\/wp-content\/uploads\/2024\/12\/Image-site.png\" \/>\n\t<meta property=\"og:image:width\" content=\"1200\" \/>\n\t<meta property=\"og:image:height\" content=\"675\" \/>\n\t<meta property=\"og:image:type\" content=\"image\/png\" \/>\n<meta name=\"twitter:card\" content=\"summary_large_image\" \/>\n<meta name=\"twitter:label1\" content=\"Gesch\u00e4tzte Lesezeit\" \/>\n\t<meta name=\"twitter:data1\" content=\"1\u00a0Minute\" \/>\n<script type=\"application\/ld+json\" class=\"yoast-schema-graph\">{\"@context\":\"https:\/\/schema.org\",\"@graph\":[{\"@type\":\"WebPage\",\"@id\":\"https:\/\/calcul-electrique.com\/de\/artikel\/\",\"url\":\"https:\/\/calcul-electrique.com\/de\/artikel\/\",\"name\":\"Wissensdatenbank f\u00fcr elektrische Berechnungen: Die wichtigsten Artikel\",\"isPartOf\":{\"@id\":\"https:\/\/calcul-electrique.com\/#website\"},\"datePublished\":\"2023-08-09T06:51:45+00:00\",\"dateModified\":\"2024-12-23T08:13:41+00:00\",\"description\":\"Durchsuchen Sie unsere Wissensdatenbank zur elektrischen Berechnung: Artikel und Leitf\u00e4den, um die wichtigsten Konzepte und Techniken zu beherrschen.\",\"breadcrumb\":{\"@id\":\"https:\/\/calcul-electrique.com\/de\/artikel\/#breadcrumb\"},\"inLanguage\":\"de\",\"potentialAction\":[{\"@type\":\"ReadAction\",\"target\":[\"https:\/\/calcul-electrique.com\/de\/artikel\/\"]}]},{\"@type\":\"BreadcrumbList\",\"@id\":\"https:\/\/calcul-electrique.com\/de\/artikel\/#breadcrumb\",\"itemListElement\":[{\"@type\":\"ListItem\",\"position\":1,\"name\":\"Startseite\",\"item\":\"https:\/\/calcul-electrique.com\/de\/\"},{\"@type\":\"ListItem\",\"position\":2,\"name\":\"Artikel\"}]},{\"@type\":\"WebSite\",\"@id\":\"https:\/\/calcul-electrique.com\/#website\",\"url\":\"https:\/\/calcul-electrique.com\/\",\"name\":\"Calcul \u00e9lectrique\",\"description\":\"Simplifiez vos projets \u00e9lectriques avec calcul \u00e9lectrique !\",\"publisher\":{\"@id\":\"https:\/\/calcul-electrique.com\/#organization\"},\"potentialAction\":[{\"@type\":\"SearchAction\",\"target\":{\"@type\":\"EntryPoint\",\"urlTemplate\":\"https:\/\/calcul-electrique.com\/?s={search_term_string}\"},\"query-input\":{\"@type\":\"PropertyValueSpecification\",\"valueRequired\":true,\"valueName\":\"search_term_string\"}}],\"inLanguage\":\"de\"},{\"@type\":\"Organization\",\"@id\":\"https:\/\/calcul-electrique.com\/#organization\",\"name\":\"Trace Software\",\"url\":\"https:\/\/calcul-electrique.com\/\",\"logo\":{\"@type\":\"ImageObject\",\"inLanguage\":\"de\",\"@id\":\"https:\/\/calcul-electrique.com\/#\/schema\/logo\/image\/\",\"url\":\"https:\/\/calcul-electrique.com\/wp-content\/uploads\/2024\/12\/Trace-software-2023.png\",\"contentUrl\":\"https:\/\/calcul-electrique.com\/wp-content\/uploads\/2024\/12\/Trace-software-2023.png\",\"width\":1900,\"height\":350,\"caption\":\"Trace Software\"},\"image\":{\"@id\":\"https:\/\/calcul-electrique.com\/#\/schema\/logo\/image\/\"},\"sameAs\":[\"https:\/\/www.linkedin.com\/company\/trace-software-international\/\"]}]}<\/script>\n<!-- \/ Yoast SEO plugin. -->","yoast_head_json":{"title":"Wissensdatenbank f\u00fcr elektrische Berechnungen: Die wichtigsten Artikel","description":"Durchsuchen Sie unsere Wissensdatenbank zur elektrischen Berechnung: Artikel und Leitf\u00e4den, um die wichtigsten Konzepte und Techniken zu beherrschen.","robots":{"index":"index","follow":"follow","max-snippet":"max-snippet:-1","max-image-preview":"max-image-preview:large","max-video-preview":"max-video-preview:-1"},"canonical":"https:\/\/calcul-electrique.com\/de\/artikel\/","og_locale":"de_DE","og_type":"article","og_title":"Wissensdatenbank f\u00fcr elektrische Berechnungen: Die wichtigsten Artikel","og_description":"Durchsuchen Sie unsere Wissensdatenbank zur elektrischen Berechnung: Artikel und Leitf\u00e4den, um die wichtigsten Konzepte und Techniken zu beherrschen.","og_url":"https:\/\/calcul-electrique.com\/de\/artikel\/","og_site_name":"Calcul \u00e9lectrique","article_modified_time":"2024-12-23T08:13:41+00:00","og_image":[{"width":1200,"height":675,"url":"https:\/\/calcul-electrique.com\/wp-content\/uploads\/2024\/12\/Image-site.png","type":"image\/png"}],"twitter_card":"summary_large_image","twitter_misc":{"Gesch\u00e4tzte Lesezeit":"1\u00a0Minute"},"schema":{"@context":"https:\/\/schema.org","@graph":[{"@type":"WebPage","@id":"https:\/\/calcul-electrique.com\/de\/artikel\/","url":"https:\/\/calcul-electrique.com\/de\/artikel\/","name":"Wissensdatenbank f\u00fcr elektrische Berechnungen: Die wichtigsten Artikel","isPartOf":{"@id":"https:\/\/calcul-electrique.com\/#website"},"datePublished":"2023-08-09T06:51:45+00:00","dateModified":"2024-12-23T08:13:41+00:00","description":"Durchsuchen Sie unsere Wissensdatenbank zur elektrischen Berechnung: Artikel und Leitf\u00e4den, um die wichtigsten Konzepte und Techniken zu beherrschen.","breadcrumb":{"@id":"https:\/\/calcul-electrique.com\/de\/artikel\/#breadcrumb"},"inLanguage":"de","potentialAction":[{"@type":"ReadAction","target":["https:\/\/calcul-electrique.com\/de\/artikel\/"]}]},{"@type":"BreadcrumbList","@id":"https:\/\/calcul-electrique.com\/de\/artikel\/#breadcrumb","itemListElement":[{"@type":"ListItem","position":1,"name":"Startseite","item":"https:\/\/calcul-electrique.com\/de\/"},{"@type":"ListItem","position":2,"name":"Artikel"}]},{"@type":"WebSite","@id":"https:\/\/calcul-electrique.com\/#website","url":"https:\/\/calcul-electrique.com\/","name":"Calcul \u00e9lectrique","description":"Simplifiez vos projets \u00e9lectriques avec calcul \u00e9lectrique !","publisher":{"@id":"https:\/\/calcul-electrique.com\/#organization"},"potentialAction":[{"@type":"SearchAction","target":{"@type":"EntryPoint","urlTemplate":"https:\/\/calcul-electrique.com\/?s={search_term_string}"},"query-input":{"@type":"PropertyValueSpecification","valueRequired":true,"valueName":"search_term_string"}}],"inLanguage":"de"},{"@type":"Organization","@id":"https:\/\/calcul-electrique.com\/#organization","name":"Trace Software","url":"https:\/\/calcul-electrique.com\/","logo":{"@type":"ImageObject","inLanguage":"de","@id":"https:\/\/calcul-electrique.com\/#\/schema\/logo\/image\/","url":"https:\/\/calcul-electrique.com\/wp-content\/uploads\/2024\/12\/Trace-software-2023.png","contentUrl":"https:\/\/calcul-electrique.com\/wp-content\/uploads\/2024\/12\/Trace-software-2023.png","width":1900,"height":350,"caption":"Trace Software"},"image":{"@id":"https:\/\/calcul-electrique.com\/#\/schema\/logo\/image\/"},"sameAs":["https:\/\/www.linkedin.com\/company\/trace-software-international\/"]}]}},"uagb_featured_image_src":{"full":false,"thumbnail":false,"medium":false,"medium_large":false,"large":false,"1536x1536":false,"2048x2048":false},"uagb_author_info":{"display_name":"Max Farez","author_link":"https:\/\/calcul-electrique.com\/de\/author\/mfarez\/"},"uagb_comment_info":0,"uagb_excerpt":"Fachartikel Durchsuchen Sie unsere Sammlung von Fachartikeln \u00fcber elektrische Berechnungen, in denen technisches Fachwissen auf aktuelle Entwicklungen in der Branche trifft. Wir decken ein breites Spektrum an Themen ab, von elektrischen Normen bis hin zu j\u00fcngsten Innovationen und fortgeschrittenen Techniken. FAQ-Artikel: Fragen zur Schnittstelle Lesen Sie unsere ausf\u00fchrlichen Artikel \u00fcber die Schnittstelle von elec calc,&hellip;","_links":{"self":[{"href":"https:\/\/calcul-electrique.com\/de\/wp-json\/wp\/v2\/pages\/13583","targetHints":{"allow":["GET"]}}],"collection":[{"href":"https:\/\/calcul-electrique.com\/de\/wp-json\/wp\/v2\/pages"}],"about":[{"href":"https:\/\/calcul-electrique.com\/de\/wp-json\/wp\/v2\/types\/page"}],"author":[{"embeddable":true,"href":"https:\/\/calcul-electrique.com\/de\/wp-json\/wp\/v2\/users\/10"}],"replies":[{"embeddable":true,"href":"https:\/\/calcul-electrique.com\/de\/wp-json\/wp\/v2\/comments?post=13583"}],"version-history":[{"count":3,"href":"https:\/\/calcul-electrique.com\/de\/wp-json\/wp\/v2\/pages\/13583\/revisions"}],"predecessor-version":[{"id":13851,"href":"https:\/\/calcul-electrique.com\/de\/wp-json\/wp\/v2\/pages\/13583\/revisions\/13851"}],"wp:attachment":[{"href":"https:\/\/calcul-electrique.com\/de\/wp-json\/wp\/v2\/media?parent=13583"}],"curies":[{"name":"wp","href":"https:\/\/api.w.org\/{rel}","templated":true}]}}