{"id":13568,"date":"2023-08-09T16:42:56","date_gmt":"2023-08-09T14:42:56","guid":{"rendered":"https:\/\/calcul-electrique.com\/startseite\/"},"modified":"2024-12-30T16:13:46","modified_gmt":"2024-12-30T15:13:46","slug":"startseite","status":"publish","type":"page","link":"https:\/\/calcul-electrique.com\/de\/","title":{"rendered":"Startseite"},"content":{"rendered":"\n<div class=\"wp-block-uagb-container uagb-block-0c4b401a alignfull uagb-is-root-container\">\n<div class=\"wp-block-uagb-container uagb-block-0be2a7e8 alignfull uagb-is-root-container\">\n<div class=\"wp-block-uagb-container uagb-block-388a24e5 alignfull uagb-is-root-container\"><div class=\"uagb-container-inner-blocks-wrap\">\n<div class=\"wp-block-uagb-info-box uagb-block-fa42e79a uagb-infobox__content-wrap  uagb-infobox-icon-above-title uagb-infobox-image-valign-top\"><div class=\"uagb-ifb-content\"><div class=\"uagb-ifb-title-wrap\"><h2 class=\"uagb-ifb-title\">Hier geht es zu den FAQs!<\/h2><\/div><p class=\"uagb-ifb-desc\">Hier finden Sie viele Artikel, die h\u00e4ufig gestellte Fragen \u00fcber die Software und ihre Funktionsweise beantworten.<\/p><div class=\"uagb-ifb-separator\"><\/div><div class=\"uagb-ifb-button-wrapper wp-block-button\"><a href=\"https:\/\/calcul-electrique.com\/de\/artikel\/faq-elec-calc\/\" class=\"uagb-infobox-cta-link wp-block-button__link\" target=\"_self\" rel=\"noopener noreferrer\" onclick=\"return true;\"><span class=\"uagb-inline-editing\">Zu den FAQs<\/span><svg xmlns=\"https:\/\/www.w3.org\/2000\/svg\" viewBox=\"0 0 512 512\"><path d=\"M504.3 273.6l-112.1 104c-6.992 6.484-17.18 8.218-25.94 4.406c-8.758-3.812-14.42-12.45-14.42-21.1L351.9 288H32C14.33 288 .0002 273.7 .0002 255.1S14.33 224 32 224h319.9l0-72c0-9.547 5.66-18.19 14.42-22c8.754-3.809 18.95-2.075 25.94 4.41l112.1 104C514.6 247.9 514.6 264.1 504.3 273.6z\"><\/path><\/svg><\/a><\/div><\/div><\/div>\n\n\n\n<div class=\"wp-block-uagb-container uagb-block-9041b3d3\">\n<div class=\"wp-block-uagb-advanced-heading uagb-block-dd52ded3\"><h2 class=\"uagb-heading-text\">Willkommen auf der Website von calcul-electrique.com.<\/h2><\/div>\n\n\n\n<p class=\"has-text-align-center has-white-color has-text-color has-link-color wp-elements-7c9d0a50dfb1c63efa7d0d1879894bac\">Diese Seite enth\u00e4lt eine Wissensdatenbank zur elektrischen Dimensionierung sowie zahlreiche Hilfen zur Software <strong>elec<\/strong> calc\u2122.<\/p>\n<\/div>\n<\/div><\/div>\n<\/div>\n<\/div>\n\n\n\n<div class=\"wp-block-uagb-container uagb-block-c6ea048d alignfull uagb-is-root-container\">\n<div class=\"wp-block-uagb-container uagb-block-9e93d480\">\n<div class=\"wp-block-uagb-info-box uagb-block-590baa64 uagb-infobox__content-wrap  uagb-infobox-icon-above-title uagb-infobox-image-valign-top\"><div class=\"uagb-ifb-content\"><div class=\"uagb-ifb-title-wrap\"><h2 class=\"uagb-ifb-title\">Update elec calc 2024.1<\/h2><\/div><div class=\"uagb-ifb-separator\"><\/div><p class=\"uagb-ifb-desc\">Die neueste Version von elec calc bietet neue Funktionen. Klicken Sie auf diese Schaltfl\u00e4che, um den gesamten Inhalt des Updates 2024.1 im Detail zu sehen.<\/p><\/div><\/div>\n\n\n\n<div class=\"wp-block-uagb-buttons uagb-buttons__outer-wrap uagb-btn__default-btn uagb-btn-tablet__default-btn uagb-btn-mobile__default-btn uagb-block-9989b7df\"><div class=\"uagb-buttons__wrap uagb-buttons-layout-wrap \">\n<div class=\"wp-block-uagb-buttons-child uagb-buttons__outer-wrap uagb-block-2feb91d8 wp-block-button\"><div class=\"uagb-button__wrapper\"><a class=\"uagb-buttons-repeater wp-block-button__link\" aria-label=\"\" href=\"https:\/\/www.trace-software.com\/de\/elec-calc-2024-die-einbindung-erneuerbarer-energien\/\" rel=\"follow noopener\" target=\"_blank\" role=\"button\"><div class=\"uagb-button__link\">die Updates ansehen<\/div><span class=\"uagb-button__icon uagb-button__icon-position-after\"><svg xmlns=\"https:\/\/www.w3.org\/2000\/svg\" viewBox=\"0 0 448 512\" aria-hidden=\"true\" focussable=\"false\"><path d=\"M438.6 278.6l-160 160C272.4 444.9 264.2 448 256 448s-16.38-3.125-22.62-9.375c-12.5-12.5-12.5-32.75 0-45.25L338.8 288H32C14.33 288 .0016 273.7 .0016 256S14.33 224 32 224h306.8l-105.4-105.4c-12.5-12.5-12.5-32.75 0-45.25s32.75-12.5 45.25 0l160 160C451.1 245.9 451.1 266.1 438.6 278.6z\"><\/path><\/svg><\/span><\/a><\/div><\/div>\n<\/div><\/div>\n<\/div>\n\n\n\n<div class=\"wp-block-uagb-container uagb-block-98c1cd79\">\n<figure class=\"wp-block-embed is-type-video is-provider-youtube wp-block-embed-youtube wp-embed-aspect-16-9 wp-has-aspect-ratio\" style=\"margin-top:0;margin-right:0;margin-bottom:0;margin-left:0\"><div class=\"wp-block-embed__wrapper\">\n<iframe loading=\"lazy\" title=\"Neue Version elec calc 2024.1 - Einbindung erneuerbarer Energien\" width=\"500\" height=\"281\" src=\"https:\/\/www.youtube.com\/embed\/3LuOhCsGrIc?feature=oembed\" frameborder=\"0\" allow=\"accelerometer; autoplay; clipboard-write; encrypted-media; gyroscope; picture-in-picture; web-share\" referrerpolicy=\"strict-origin-when-cross-origin\" allowfullscreen><\/iframe>\n<\/div><\/figure>\n<\/div>\n<\/div>\n\n\n\n<div class=\"wp-block-uagb-container uagb-block-b7dfa82d alignfull uagb-is-root-container\">\n<div class=\"wp-block-uagb-info-box uagb-block-074d9087 uagb-infobox__content-wrap  uagb-infobox-icon-above-title uagb-infobox-image-valign-top\"><div class=\"uagb-ifb-content\"><div class=\"uagb-ifb-title-wrap\"><h2 class=\"uagb-ifb-title\">Erkunden Sie unsere Artikel!<\/h2><\/div><p class=\"uagb-ifb-desc\">Hier finden Sie Informationen, Nachrichten und technische Leitf\u00e4den, die von unseren Experten f\u00fcr Elektrotechnik verfasst wurden.<\/p><div class=\"uagb-ifb-separator\"><\/div><\/div><\/div>\n\n\n\n<div class=\"wp-block-uagb-container uagb-block-eca7def0\">\n\t\t\t<div class=\"wp-block-uagb-post-carousel uagb-post-grid  uagb-post__image-position-top uagb-post__image-enabled uagb-block-86e9f808     uagb-post__arrow-outside uagb-post__items uagb-post__columns-4 is-carousel uagb-post__columns-tablet-2 uagb-post__columns-mobile-1 uagb-post__carousel_equal-height\" data-total=\"1\" style=\"\">\n\n\t\t\t\t\t\t\t\t\t\t\t\t<article class=\"uagb-post__inner-wrap\">\t\t\t\t\t\t\t\t<div class='uagb-post__image'>\n\t\t\t\t\t\t\t\t\t<a href=\"https:\/\/calcul-electrique.com\/de\/artikel\/ueberlegungen-zum-problem-des-1-poligen-ausschaltvermoegens-in-tn\/\" target=\"_blank\" rel=\"bookmark noopener noreferrer\"><img loading=\"lazy\" decoding=\"async\" width=\"1024\" height=\"576\" src=\"https:\/\/calcul-electrique.com\/wp-content\/uploads\/2023\/09\/Pouvoir-de-coupure.png\" class=\"attachment-large size-large\" alt=\"\" \/>\t\t\t\t\t<\/a>\n\t\t\t\t\t\t\t\t\t<\/div>\n\t\t\t\t\t\t<h5 class=\"uagb-post__title uagb-post__text\">\n\t\t\t\t<a href=\"https:\/\/calcul-electrique.com\/de\/artikel\/ueberlegungen-zum-problem-des-1-poligen-ausschaltvermoegens-in-tn\/\" target=\"_blank\" rel=\"bookmark noopener noreferrer\">\u00dcberlegungen zum Problem des 1-poligen Ausschaltverm\u00f6gens in TN<\/a>\n\t\t\t<\/h5>\n\t\t\t\t\t\t<div class='uagb-post__text uagb-post-grid-byline'>\n\t\t\t\t\t\t\t\t<time datetime=\"2023-09-04T10:27:25+02:00\" class=\"uagb-post__date\">\n\t\t\t\t<span class=\"dashicons-calendar dashicons\"><\/span>\t\t\t\t\t4 September 2023\t\t\t\t<\/time>\n\t\t\t\t\t\t\t<span class=\"uagb-post__comment\">\n\t\t\t\t<span class=\"dashicons-admin-comments dashicons\"><\/span>\t\t\t\t\tKeine Kommentare\t\t\t\t<\/span>\n\t\t\t\t\t\t<\/div>\n\t\t\t\t\t\t\t<div class='uagb-post__text uagb-post__excerpt'>\n\t\t\t\t\t<p>Die Entstehung des Problems ist in einer Frage enthalten, die der UTE Anfang 2010 gestellt&#8230;\t\t\t\t<\/div>\n\t\t\t\t\t\t<div class=\"uagb-post__text uagb-post__cta wp-block-button\">\n\t\t\t\t<a class=\"wp-block-button__link uagb-text-link\" style=\"\" href=\"https:\/\/calcul-electrique.com\/de\/artikel\/ueberlegungen-zum-problem-des-1-poligen-ausschaltvermoegens-in-tn\/\" target=\"_blank\" rel=\"bookmark noopener noreferrer\">Weiterlesen<\/a>\n\t\t\t<\/div>\n\t\t\t\n\t\t\t\t\t\t\t\t\t<\/article>\n\t\t\t\t\t\t\t\t\t\t\t\t\t\t\t\t<article class=\"uagb-post__inner-wrap\">\t\t\t\t\t\t\t\t<div class='uagb-post__image'>\n\t\t\t\t\t\t\t\t\t<a href=\"https:\/\/calcul-electrique.com\/de\/artikel\/ueberpruefung-der-thermischen-spannungen-in-einem-leiter\/\" target=\"_blank\" rel=\"bookmark noopener noreferrer\"><img loading=\"lazy\" decoding=\"async\" width=\"1024\" height=\"576\" src=\"https:\/\/calcul-electrique.com\/wp-content\/uploads\/2023\/08\/Contraintes-thermiques.png\" class=\"attachment-large size-large\" alt=\"\" \/>\t\t\t\t\t<\/a>\n\t\t\t\t\t\t\t\t\t<\/div>\n\t\t\t\t\t\t<h5 class=\"uagb-post__title uagb-post__text\">\n\t\t\t\t<a href=\"https:\/\/calcul-electrique.com\/de\/artikel\/ueberpruefung-der-thermischen-spannungen-in-einem-leiter\/\" target=\"_blank\" rel=\"bookmark noopener noreferrer\">\u00dcberpr\u00fcfung der thermischen Spannungen in einem Leiter<\/a>\n\t\t\t<\/h5>\n\t\t\t\t\t\t<div class='uagb-post__text uagb-post-grid-byline'>\n\t\t\t\t\t\t\t\t<time datetime=\"2023-08-22T16:19:23+02:00\" class=\"uagb-post__date\">\n\t\t\t\t<span class=\"dashicons-calendar dashicons\"><\/span>\t\t\t\t\t22 August 2023\t\t\t\t<\/time>\n\t\t\t\t\t\t\t<span class=\"uagb-post__comment\">\n\t\t\t\t<span class=\"dashicons-admin-comments dashicons\"><\/span>\t\t\t\t\tKeine Kommentare\t\t\t\t<\/span>\n\t\t\t\t\t\t<\/div>\n\t\t\t\t\t\t\t<div class='uagb-post__text uagb-post__excerpt'>\n\t\t\t\t\t<p>Durchgangsenergie und zul\u00e4ssige thermische Belastung Von den intrinsischen Eigenschaften eines Kabels oder Leiters sind zwei&#8230;\t\t\t\t<\/div>\n\t\t\t\t\t\t<div class=\"uagb-post__text uagb-post__cta wp-block-button\">\n\t\t\t\t<a class=\"wp-block-button__link uagb-text-link\" style=\"\" href=\"https:\/\/calcul-electrique.com\/de\/artikel\/ueberpruefung-der-thermischen-spannungen-in-einem-leiter\/\" target=\"_blank\" rel=\"bookmark noopener noreferrer\">Weiterlesen<\/a>\n\t\t\t<\/div>\n\t\t\t\n\t\t\t\t\t\t\t\t\t<\/article>\n\t\t\t\t\t\t\t\t\t\t\t\t\t\t\t\t<article class=\"uagb-post__inner-wrap\">\t\t\t\t\t\t\t\t<div class='uagb-post__image'>\n\t\t\t\t\t\t\t\t\t<a href=\"https:\/\/calcul-electrique.com\/de\/artikel\/normen-fuer-die-dimensionierung-von-elektrischen-niederspannungsanlagen\/\" target=\"_blank\" rel=\"bookmark noopener noreferrer\"><img loading=\"lazy\" decoding=\"async\" width=\"1024\" height=\"576\" src=\"https:\/\/calcul-electrique.com\/wp-content\/uploads\/2023\/08\/Normes_.png\" class=\"attachment-large size-large\" alt=\"\" \/>\t\t\t\t\t<\/a>\n\t\t\t\t\t\t\t\t\t<\/div>\n\t\t\t\t\t\t<h5 class=\"uagb-post__title uagb-post__text\">\n\t\t\t\t<a href=\"https:\/\/calcul-electrique.com\/de\/artikel\/normen-fuer-die-dimensionierung-von-elektrischen-niederspannungsanlagen\/\" target=\"_blank\" rel=\"bookmark noopener noreferrer\">Normen f\u00fcr die Dimensionierung von elektrischen Niederspannungsanlagen<\/a>\n\t\t\t<\/h5>\n\t\t\t\t\t\t<div class='uagb-post__text uagb-post-grid-byline'>\n\t\t\t\t\t\t\t\t<time datetime=\"2023-08-14T09:39:02+02:00\" class=\"uagb-post__date\">\n\t\t\t\t<span class=\"dashicons-calendar dashicons\"><\/span>\t\t\t\t\t14 August 2023\t\t\t\t<\/time>\n\t\t\t\t\t\t\t<span class=\"uagb-post__comment\">\n\t\t\t\t<span class=\"dashicons-admin-comments dashicons\"><\/span>\t\t\t\t\tKeine Kommentare\t\t\t\t<\/span>\n\t\t\t\t\t\t<\/div>\n\t\t\t\t\t\t\t<div class='uagb-post__text uagb-post__excerpt'>\n\t\t\t\t\t<p>In der komplexen Welt der Elektrizit\u00e4t werden die Sicherheit und Effizienz von elektrischen Installationen durch&#8230;\t\t\t\t<\/div>\n\t\t\t\t\t\t<div class=\"uagb-post__text uagb-post__cta wp-block-button\">\n\t\t\t\t<a class=\"wp-block-button__link uagb-text-link\" style=\"\" href=\"https:\/\/calcul-electrique.com\/de\/artikel\/normen-fuer-die-dimensionierung-von-elektrischen-niederspannungsanlagen\/\" target=\"_blank\" rel=\"bookmark noopener noreferrer\">Weiterlesen<\/a>\n\t\t\t<\/div>\n\t\t\t\n\t\t\t\t\t\t\t\t\t<\/article>\n\t\t\t\t\t\t\t\t\t\t\t<\/div>\n\t\t\t<\/div>\n<\/div>\n\n\n\n<div class=\"wp-block-uagb-container uagb-block-76a1a153 alignfull uagb-is-root-container\"><div class=\"uagb-container-inner-blocks-wrap\">\n<div class=\"wp-block-uagb-info-box uagb-block-ec0e0e0b uagb-infobox__content-wrap  uagb-infobox-icon-above-title uagb-infobox-image-valign-top nc-justify-text\"><div class=\"uagb-ifb-content\"><div class=\"uagb-ifb-icon-wrap\"><svg xmlns=\"https:\/\/www.w3.org\/2000\/svg\" viewBox=\"0 0 512 512\"><path d=\"M0 256C0 114.6 114.6 0 256 0C397.4 0 512 114.6 512 256C512 397.4 397.4 512 256 512C114.6 512 0 397.4 0 256zM371.8 211.8C382.7 200.9 382.7 183.1 371.8 172.2C360.9 161.3 343.1 161.3 332.2 172.2L224 280.4L179.8 236.2C168.9 225.3 151.1 225.3 140.2 236.2C129.3 247.1 129.3 264.9 140.2 275.8L204.2 339.8C215.1 350.7 232.9 350.7 243.8 339.8L371.8 211.8z\"><\/path><\/svg><\/div><div class=\"uagb-ifb-title-wrap\"><h2 class=\"uagb-ifb-title\">Sie stecken immer noch in <br>einem technischen oder gesch\u00e4ftlichen Problem fest?  <\/h2><\/div><div class=\"uagb-ifb-separator\"><\/div><p class=\"uagb-ifb-desc\">Z\u00f6gern Sie nicht, uns \u00fcber die verschiedenen m\u00f6glichen Kan\u00e4le zu kontaktieren.<\/p><div class=\"uagb-ifb-button-wrapper wp-block-button\"><a href=\"https:\/\/calcul-electrique.com\/de\/contact\/\" class=\"uagb-infobox-cta-link wp-block-button__link\" target=\"_self\" rel=\"noopener noreferrer\" onclick=\"return true;\"><span class=\"uagb-inline-editing\">Kontaktieren Sie uns<\/span><svg xmlns=\"https:\/\/www.w3.org\/2000\/svg\" viewBox=\"0 0 448 512\"><path d=\"M246.6 233.4l-160-160c-12.5-12.5-32.75-12.5-45.25 0s-12.5 32.75 0 45.25L178.8 256l-137.4 137.4c-12.5 12.5-12.5 32.75 0 45.25C47.63 444.9 55.81 448 64 448s16.38-3.125 22.62-9.375l160-160C259.1 266.1 259.1 245.9 246.6 233.4zM438.6 233.4l-160-160c-12.5-12.5-32.75-12.5-45.25 0s-12.5 32.75 0 45.25L370.8 256l-137.4 137.4c-12.5 12.5-12.5 32.75 0 45.25C239.6 444.9 247.8 448 256 448s16.38-3.125 22.62-9.375l160-160C451.1 266.1 451.1 245.9 438.6 233.4z\"><\/path><\/svg><\/a><\/div><\/div><\/div>\n<\/div><\/div>\n","protected":false},"excerpt":{"rendered":"<p>Willkommen auf der Website von calcul-electrique.com. Diese Seite enth\u00e4lt eine Wissensdatenbank zur elektrischen Dimensionierung sowie zahlreiche Hilfen zur Software elec calc\u2122.<\/p>\n","protected":false},"author":10,"featured_media":0,"parent":0,"menu_order":0,"comment_status":"closed","ping_status":"closed","template":"","meta":{"_uag_custom_page_level_css":"","_swt_meta_header_display":false,"_swt_meta_footer_display":false,"_swt_meta_site_title_display":false,"_swt_meta_sticky_header":false,"_swt_meta_transparent_header":false,"footnotes":""},"class_list":["post-13568","page","type-page","status-publish","hentry"],"yoast_head":"<!-- This site is optimized with the Yoast SEO plugin v27.0 - https:\/\/yoast.com\/product\/yoast-seo-wordpress\/ -->\n<title>Startseite - Calcul \u00e9lectrique<\/title>\n<meta name=\"description\" content=\"Hier finden Sie eine Wissensdatenbank zur elektrischen Dimensionierung sowie zahlreiche Hilfen zur Software elec calc\u2122.\" \/>\n<meta name=\"robots\" content=\"index, follow, max-snippet:-1, max-image-preview:large, max-video-preview:-1\" \/>\n<link rel=\"canonical\" href=\"https:\/\/calcul-electrique.com\/de\/\" \/>\n<meta property=\"og:locale\" content=\"de_DE\" \/>\n<meta property=\"og:type\" content=\"article\" \/>\n<meta property=\"og:title\" content=\"Startseite - Calcul \u00e9lectrique\" \/>\n<meta property=\"og:description\" content=\"Hier finden Sie eine Wissensdatenbank zur elektrischen Dimensionierung sowie zahlreiche Hilfen zur Software elec calc\u2122.\" \/>\n<meta property=\"og:url\" content=\"https:\/\/calcul-electrique.com\/de\/\" \/>\n<meta property=\"og:site_name\" content=\"Calcul \u00e9lectrique\" \/>\n<meta property=\"article:modified_time\" content=\"2024-12-30T15:13:46+00:00\" \/>\n<meta property=\"og:image\" content=\"https:\/\/calcul-electrique.com\/wp-content\/uploads\/2024\/12\/Image-site.png\" \/>\n\t<meta property=\"og:image:width\" content=\"1200\" \/>\n\t<meta property=\"og:image:height\" content=\"675\" \/>\n\t<meta property=\"og:image:type\" content=\"image\/png\" \/>\n<meta name=\"twitter:card\" content=\"summary_large_image\" \/>\n<meta name=\"twitter:label1\" content=\"Gesch\u00e4tzte Lesezeit\" \/>\n\t<meta name=\"twitter:data1\" content=\"1\u00a0Minute\" \/>\n<script type=\"application\/ld+json\" class=\"yoast-schema-graph\">{\"@context\":\"https:\/\/schema.org\",\"@graph\":[{\"@type\":\"WebPage\",\"@id\":\"https:\/\/calcul-electrique.com\/de\/\",\"url\":\"https:\/\/calcul-electrique.com\/de\/\",\"name\":\"Startseite - Calcul \u00e9lectrique\",\"isPartOf\":{\"@id\":\"https:\/\/calcul-electrique.com\/#website\"},\"datePublished\":\"2023-08-09T14:42:56+00:00\",\"dateModified\":\"2024-12-30T15:13:46+00:00\",\"description\":\"Hier finden Sie eine Wissensdatenbank zur elektrischen Dimensionierung sowie zahlreiche Hilfen zur Software elec calc\u2122.\",\"breadcrumb\":{\"@id\":\"https:\/\/calcul-electrique.com\/de\/#breadcrumb\"},\"inLanguage\":\"de\",\"potentialAction\":[{\"@type\":\"ReadAction\",\"target\":[\"https:\/\/calcul-electrique.com\/de\/\"]}]},{\"@type\":\"BreadcrumbList\",\"@id\":\"https:\/\/calcul-electrique.com\/de\/#breadcrumb\",\"itemListElement\":[{\"@type\":\"ListItem\",\"position\":1,\"name\":\"Startseite\",\"item\":\"https:\/\/calcul-electrique.com\/de\/\"},{\"@type\":\"ListItem\",\"position\":2,\"name\":\"Startseite\"}]},{\"@type\":\"WebSite\",\"@id\":\"https:\/\/calcul-electrique.com\/#website\",\"url\":\"https:\/\/calcul-electrique.com\/\",\"name\":\"Calcul \u00e9lectrique\",\"description\":\"Simplifiez vos projets \u00e9lectriques avec calcul \u00e9lectrique !\",\"publisher\":{\"@id\":\"https:\/\/calcul-electrique.com\/#organization\"},\"potentialAction\":[{\"@type\":\"SearchAction\",\"target\":{\"@type\":\"EntryPoint\",\"urlTemplate\":\"https:\/\/calcul-electrique.com\/?s={search_term_string}\"},\"query-input\":{\"@type\":\"PropertyValueSpecification\",\"valueRequired\":true,\"valueName\":\"search_term_string\"}}],\"inLanguage\":\"de\"},{\"@type\":\"Organization\",\"@id\":\"https:\/\/calcul-electrique.com\/#organization\",\"name\":\"Trace Software\",\"url\":\"https:\/\/calcul-electrique.com\/\",\"logo\":{\"@type\":\"ImageObject\",\"inLanguage\":\"de\",\"@id\":\"https:\/\/calcul-electrique.com\/#\/schema\/logo\/image\/\",\"url\":\"https:\/\/calcul-electrique.com\/wp-content\/uploads\/2024\/12\/Trace-software-2023.png\",\"contentUrl\":\"https:\/\/calcul-electrique.com\/wp-content\/uploads\/2024\/12\/Trace-software-2023.png\",\"width\":1900,\"height\":350,\"caption\":\"Trace Software\"},\"image\":{\"@id\":\"https:\/\/calcul-electrique.com\/#\/schema\/logo\/image\/\"},\"sameAs\":[\"https:\/\/www.linkedin.com\/company\/trace-software-international\/\"]}]}<\/script>\n<!-- \/ Yoast SEO plugin. -->","yoast_head_json":{"title":"Startseite - Calcul \u00e9lectrique","description":"Hier finden Sie eine Wissensdatenbank zur elektrischen Dimensionierung sowie zahlreiche Hilfen zur Software elec calc\u2122.","robots":{"index":"index","follow":"follow","max-snippet":"max-snippet:-1","max-image-preview":"max-image-preview:large","max-video-preview":"max-video-preview:-1"},"canonical":"https:\/\/calcul-electrique.com\/de\/","og_locale":"de_DE","og_type":"article","og_title":"Startseite - Calcul \u00e9lectrique","og_description":"Hier finden Sie eine Wissensdatenbank zur elektrischen Dimensionierung sowie zahlreiche Hilfen zur Software elec calc\u2122.","og_url":"https:\/\/calcul-electrique.com\/de\/","og_site_name":"Calcul \u00e9lectrique","article_modified_time":"2024-12-30T15:13:46+00:00","og_image":[{"width":1200,"height":675,"url":"https:\/\/calcul-electrique.com\/wp-content\/uploads\/2024\/12\/Image-site.png","type":"image\/png"}],"twitter_card":"summary_large_image","twitter_misc":{"Gesch\u00e4tzte Lesezeit":"1\u00a0Minute"},"schema":{"@context":"https:\/\/schema.org","@graph":[{"@type":"WebPage","@id":"https:\/\/calcul-electrique.com\/de\/","url":"https:\/\/calcul-electrique.com\/de\/","name":"Startseite - Calcul \u00e9lectrique","isPartOf":{"@id":"https:\/\/calcul-electrique.com\/#website"},"datePublished":"2023-08-09T14:42:56+00:00","dateModified":"2024-12-30T15:13:46+00:00","description":"Hier finden Sie eine Wissensdatenbank zur elektrischen Dimensionierung sowie zahlreiche Hilfen zur Software elec calc\u2122.","breadcrumb":{"@id":"https:\/\/calcul-electrique.com\/de\/#breadcrumb"},"inLanguage":"de","potentialAction":[{"@type":"ReadAction","target":["https:\/\/calcul-electrique.com\/de\/"]}]},{"@type":"BreadcrumbList","@id":"https:\/\/calcul-electrique.com\/de\/#breadcrumb","itemListElement":[{"@type":"ListItem","position":1,"name":"Startseite","item":"https:\/\/calcul-electrique.com\/de\/"},{"@type":"ListItem","position":2,"name":"Startseite"}]},{"@type":"WebSite","@id":"https:\/\/calcul-electrique.com\/#website","url":"https:\/\/calcul-electrique.com\/","name":"Calcul \u00e9lectrique","description":"Simplifiez vos projets \u00e9lectriques avec calcul \u00e9lectrique !","publisher":{"@id":"https:\/\/calcul-electrique.com\/#organization"},"potentialAction":[{"@type":"SearchAction","target":{"@type":"EntryPoint","urlTemplate":"https:\/\/calcul-electrique.com\/?s={search_term_string}"},"query-input":{"@type":"PropertyValueSpecification","valueRequired":true,"valueName":"search_term_string"}}],"inLanguage":"de"},{"@type":"Organization","@id":"https:\/\/calcul-electrique.com\/#organization","name":"Trace Software","url":"https:\/\/calcul-electrique.com\/","logo":{"@type":"ImageObject","inLanguage":"de","@id":"https:\/\/calcul-electrique.com\/#\/schema\/logo\/image\/","url":"https:\/\/calcul-electrique.com\/wp-content\/uploads\/2024\/12\/Trace-software-2023.png","contentUrl":"https:\/\/calcul-electrique.com\/wp-content\/uploads\/2024\/12\/Trace-software-2023.png","width":1900,"height":350,"caption":"Trace Software"},"image":{"@id":"https:\/\/calcul-electrique.com\/#\/schema\/logo\/image\/"},"sameAs":["https:\/\/www.linkedin.com\/company\/trace-software-international\/"]}]}},"uagb_featured_image_src":{"full":false,"thumbnail":false,"medium":false,"medium_large":false,"large":false,"1536x1536":false,"2048x2048":false},"uagb_author_info":{"display_name":"Max Farez","author_link":"https:\/\/calcul-electrique.com\/de\/author\/mfarez\/"},"uagb_comment_info":0,"uagb_excerpt":"Willkommen auf der Website von calcul-electrique.com. Diese Seite enth\u00e4lt eine Wissensdatenbank zur elektrischen Dimensionierung sowie zahlreiche Hilfen zur Software elec calc\u2122.","_links":{"self":[{"href":"https:\/\/calcul-electrique.com\/de\/wp-json\/wp\/v2\/pages\/13568","targetHints":{"allow":["GET"]}}],"collection":[{"href":"https:\/\/calcul-electrique.com\/de\/wp-json\/wp\/v2\/pages"}],"about":[{"href":"https:\/\/calcul-electrique.com\/de\/wp-json\/wp\/v2\/types\/page"}],"author":[{"embeddable":true,"href":"https:\/\/calcul-electrique.com\/de\/wp-json\/wp\/v2\/users\/10"}],"replies":[{"embeddable":true,"href":"https:\/\/calcul-electrique.com\/de\/wp-json\/wp\/v2\/comments?post=13568"}],"version-history":[{"count":13,"href":"https:\/\/calcul-electrique.com\/de\/wp-json\/wp\/v2\/pages\/13568\/revisions"}],"predecessor-version":[{"id":14056,"href":"https:\/\/calcul-electrique.com\/de\/wp-json\/wp\/v2\/pages\/13568\/revisions\/14056"}],"wp:attachment":[{"href":"https:\/\/calcul-electrique.com\/de\/wp-json\/wp\/v2\/media?parent=13568"}],"curies":[{"name":"wp","href":"https:\/\/api.w.org\/{rel}","templated":true}]}}