{"id":13561,"date":"2024-01-16T14:06:56","date_gmt":"2024-01-16T13:06:56","guid":{"rendered":"https:\/\/calcul-electrique.com\/faq-elec-calc\/"},"modified":"2025-01-10T14:00:53","modified_gmt":"2025-01-10T13:00:53","slug":"faq-elec-calc","status":"publish","type":"page","link":"https:\/\/calcul-electrique.com\/de\/artikel\/faq-elec-calc\/","title":{"rendered":"FAQ elec calc\u2122"},"content":{"rendered":"\n<div class=\"wp-block-uagb-container uagb-block-738bdace alignfull uagb-is-root-container\">\n<div class=\"wp-block-uagb-container uagb-block-3e05db6d alignfull uagb-is-root-container\"><div class=\"uagb-container-inner-blocks-wrap\">\n<div class=\"wp-block-uagb-container uagb-block-213f2508\">\n<div class=\"wp-block-uagb-container uagb-block-71f7a95e\">\n<hr class=\"wp-block-separator has-alpha-channel-opacity\"\/>\n<\/div>\n\n\n\n<div class=\"wp-block-uagb-advanced-heading uagb-block-374e85e2\"><h2 class=\"uagb-heading-text\">Berechnung<\/h2><\/div>\n\n\n\n<div class=\"wp-block-uagb-container uagb-block-75953bdd\">\n<hr class=\"wp-block-separator has-alpha-channel-opacity\"\/>\n<\/div>\n<\/div>\n\n\n\n<div class=\"wp-block-uagb-advanced-heading uagb-block-262a4aab\"><h5 class=\"uagb-heading-text\">Tauchen Sie ein in unsere innovativen Artikel zur elektrischen Berechnung und Dimensionierung mit elec calc.<\/h5><\/div>\n\n\n\n\t\t\t<div class=\"wp-block-uagb-post-carousel uagb-post-grid  uagb-post__image-position-top uagb-post__image-disabled uagb-block-c6a3c905     uagb-post__arrow-outside uagb-post__items uagb-post__columns-3 is-carousel uagb-post__columns-tablet-2 uagb-post__columns-mobile-1 uagb-post__carousel_equal-height\" data-total=\"1\" style=\"\">\n\n\t\t\t\t\t\t\t\t\t\t\t\t<article class=\"uagb-post__inner-wrap\">\t\t\t\t\t\t\t\t<h5 class=\"uagb-post__title uagb-post__text\">\n\t\t\t\t<a href=\"https:\/\/calcul-electrique.com\/de\/faq-elec-calc-de\/zu-hohe-thermische-belastung-des-phasenleiters\/\" target=\"_self\" rel=\"bookmark noopener noreferrer\">Zu hohe thermische Belastung des Phasenleiters<\/a>\n\t\t\t<\/h5>\n\t\t\t\t\t\t<div class='uagb-post__text uagb-post-grid-byline'>\n\t\t\t\t\t\t\t<\/div>\n\t\t\t\t\t\t\t<div class='uagb-post__text uagb-post__excerpt'>\n\t\t\t\t\t<p>Artikel Nr. 434.5.2 der Norm NF C 15-100: Die Zeit, in der ein Kurzschluss&#8230;\t\t\t\t<\/div>\n\t\t\t\t\t\t<div class=\"uagb-post__text uagb-post__cta wp-block-button\">\n\t\t\t\t<a class=\"wp-block-button__link uagb-text-link\" style=\"\" href=\"https:\/\/calcul-electrique.com\/de\/faq-elec-calc-de\/zu-hohe-thermische-belastung-des-phasenleiters\/\" target=\"_self\" rel=\"bookmark noopener noreferrer\">Weiterlesen<\/a>\n\t\t\t<\/div>\n\t\t\t\n\t\t\t\t\t\t\t\t\t<\/article>\n\t\t\t\t\t\t\t\t\t\t\t<\/div>\n\t\t\t<\/div><\/div>\n\n\n\n<div class=\"wp-block-uagb-container uagb-block-f922a270 alignfull uagb-is-root-container\"><div class=\"uagb-container-inner-blocks-wrap\">\n<div class=\"wp-block-uagb-container uagb-block-a0f3bb17\">\n<div class=\"wp-block-uagb-container uagb-block-659cc7df\">\n<hr class=\"wp-block-separator has-alpha-channel-opacity\"\/>\n<\/div>\n\n\n\n<div class=\"wp-block-uagb-advanced-heading uagb-block-27367ac9\"><h2 class=\"uagb-heading-text\">Installation<\/h2><\/div>\n\n\n\n<div class=\"wp-block-uagb-container uagb-block-cb8ef87b\">\n<hr class=\"wp-block-separator has-alpha-channel-opacity\"\/>\n<\/div>\n<\/div>\n\n\n\n<div class=\"wp-block-uagb-advanced-heading uagb-block-2f43bde0\"><h5 class=\"uagb-heading-text\">Entdecken Sie hier unsere Artikel und Anleitungen zur effizienten Installation von elec calc. Erhalten Sie praktische Tipps f\u00fcr einen reibungslosen Start und eine problemlose Nutzung. <\/h5><\/div>\n\n\n\n\t\t\t<div class=\"wp-block-uagb-post-carousel uagb-post-grid  uagb-post__image-position-top uagb-post__image-disabled uagb-block-30c1584c     uagb-post__arrow-outside uagb-slick-carousel uagb-post__items uagb-post__columns-3 is-carousel uagb-post__columns-tablet-2 uagb-post__columns-mobile-1 uagb-post__carousel_equal-height\" data-total=\"1\" style=\"\">\n\n\t\t\t\t\t\t\t\t\t\t\t\t<article class=\"uagb-post__inner-wrap\">\t\t\t\t\t\t\t\t<h5 class=\"uagb-post__title uagb-post__text\">\n\t\t\t\t<a href=\"https:\/\/calcul-electrique.com\/de\/faq-elec-calc-de\/wie-kann-ich-meine-lizenz-per-e-mail-aktivieren\/\" target=\"_self\" rel=\"bookmark noopener noreferrer\">Wie kann ich meine Lizenz per E-Mail aktivieren?<\/a>\n\t\t\t<\/h5>\n\t\t\t\t\t\t<div class='uagb-post__text uagb-post-grid-byline'>\n\t\t\t\t\t\t\t<\/div>\n\t\t\t\t\t\t\t<div class='uagb-post__text uagb-post__excerpt'>\n\t\t\t\t\t<p>In den meisten F\u00e4llen erm\u00f6glicht es der Lizenzmanager von elec calc\u2122, die Lizenz direkt&#8230;\t\t\t\t<\/div>\n\t\t\t\t\t\t<div class=\"uagb-post__text uagb-post__cta wp-block-button\">\n\t\t\t\t<a class=\"wp-block-button__link uagb-text-link\" style=\"\" href=\"https:\/\/calcul-electrique.com\/de\/faq-elec-calc-de\/wie-kann-ich-meine-lizenz-per-e-mail-aktivieren\/\" target=\"_self\" rel=\"bookmark noopener noreferrer\">Weiterlesen<\/a>\n\t\t\t<\/div>\n\t\t\t\n\t\t\t\t\t\t\t\t\t<\/article>\n\t\t\t\t\t\t\t\t\t\t\t\t\t\t\t\t<article class=\"uagb-post__inner-wrap\">\t\t\t\t\t\t\t\t<h5 class=\"uagb-post__title uagb-post__text\">\n\t\t\t\t<a href=\"https:\/\/calcul-electrique.com\/de\/faq-elec-calc-de\/reaktivieren-sie-ihre-elec-calc-lizenz\/\" target=\"_self\" rel=\"bookmark noopener noreferrer\">Reaktivieren Sie Ihre elec calc-Lizenz<\/a>\n\t\t\t<\/h5>\n\t\t\t\t\t\t<div class='uagb-post__text uagb-post-grid-byline'>\n\t\t\t\t\t\t\t<\/div>\n\t\t\t\t\t\t\t<div class='uagb-post__text uagb-post__excerpt'>\n\t\t\t\t\t<p>Die Aktivierung einer Lizenz ist f\u00fcr 365 Tage oder 60 Tage nach dem Kauf&#8230;\t\t\t\t<\/div>\n\t\t\t\t\t\t<div class=\"uagb-post__text uagb-post__cta wp-block-button\">\n\t\t\t\t<a class=\"wp-block-button__link uagb-text-link\" style=\"\" href=\"https:\/\/calcul-electrique.com\/de\/faq-elec-calc-de\/reaktivieren-sie-ihre-elec-calc-lizenz\/\" target=\"_self\" rel=\"bookmark noopener noreferrer\">Weiterlesen<\/a>\n\t\t\t<\/div>\n\t\t\t\n\t\t\t\t\t\t\t\t\t<\/article>\n\t\t\t\t\t\t\t\t\t\t\t\t\t\t\t\t<article class=\"uagb-post__inner-wrap\">\t\t\t\t\t\t\t\t<h5 class=\"uagb-post__title uagb-post__text\">\n\t\t\t\t<a href=\"https:\/\/calcul-electrique.com\/de\/faq-elec-calc-de\/schutz-inaktiv\/\" target=\"_self\" rel=\"bookmark noopener noreferrer\">Schutz inaktiv<\/a>\n\t\t\t<\/h5>\n\t\t\t\t\t\t<div class='uagb-post__text uagb-post-grid-byline'>\n\t\t\t\t\t\t\t<\/div>\n\t\t\t\t\t\t\t<div class='uagb-post__text uagb-post__excerpt'>\n\t\t\t\t\t<p>Diese Meldung zeigt an, dass Ihre Lizenz nicht aktiv ist. \u00dcberpr\u00fcfen Sie im Lizenzmanager&#8230;\t\t\t\t<\/div>\n\t\t\t\t\t\t<div class=\"uagb-post__text uagb-post__cta wp-block-button\">\n\t\t\t\t<a class=\"wp-block-button__link uagb-text-link\" style=\"\" href=\"https:\/\/calcul-electrique.com\/de\/faq-elec-calc-de\/schutz-inaktiv\/\" target=\"_self\" rel=\"bookmark noopener noreferrer\">Weiterlesen<\/a>\n\t\t\t<\/div>\n\t\t\t\n\t\t\t\t\t\t\t\t\t<\/article>\n\t\t\t\t\t\t\t\t\t\t\t\t\t\t\t\t<article class=\"uagb-post__inner-wrap\">\t\t\t\t\t\t\t\t<h5 class=\"uagb-post__title uagb-post__text\">\n\t\t\t\t<a href=\"https:\/\/calcul-electrique.com\/de\/faq-elec-calc-de\/der-ist-dienst-funktioniert-nicht-mehr-oder-ist-nicht-zugaenglich\/\" target=\"_self\" rel=\"bookmark noopener noreferrer\">Der IST-Dienst funktioniert nicht mehr oder ist nicht zug\u00e4nglich&#8230;<\/a>\n\t\t\t<\/h5>\n\t\t\t\t\t\t<div class='uagb-post__text uagb-post-grid-byline'>\n\t\t\t\t\t\t\t<\/div>\n\t\t\t\t\t\t\t<div class='uagb-post__text uagb-post__excerpt'>\n\t\t\t\t\t<p>Diese Meldung zeigt an, dass ein Problem mit der Konfiguration Ihres Computers aufgetreten ist&#8230;.\t\t\t\t<\/div>\n\t\t\t\t\t\t<div class=\"uagb-post__text uagb-post__cta wp-block-button\">\n\t\t\t\t<a class=\"wp-block-button__link uagb-text-link\" style=\"\" href=\"https:\/\/calcul-electrique.com\/de\/faq-elec-calc-de\/der-ist-dienst-funktioniert-nicht-mehr-oder-ist-nicht-zugaenglich\/\" target=\"_self\" rel=\"bookmark noopener noreferrer\">Weiterlesen<\/a>\n\t\t\t<\/div>\n\t\t\t\n\t\t\t\t\t\t\t\t\t<\/article>\n\t\t\t\t\t\t\t\t\t\t\t<\/div>\n\t\t\t<\/div><\/div>\n\n\n\n<div class=\"wp-block-uagb-container uagb-block-a0bc031b alignfull uagb-is-root-container\"><div class=\"uagb-container-inner-blocks-wrap\">\n<div class=\"wp-block-uagb-container uagb-block-06e9bf94\">\n<div class=\"wp-block-uagb-container uagb-block-e22749a5\">\n<hr class=\"wp-block-separator has-alpha-channel-opacity\"\/>\n<\/div>\n\n\n\n<div class=\"wp-block-uagb-advanced-heading uagb-block-280f40ee\"><h2 class=\"uagb-heading-text\">Schnittstelle<\/h2><\/div>\n\n\n\n<div class=\"wp-block-uagb-container uagb-block-1a559e99\">\n<hr class=\"wp-block-separator has-alpha-channel-opacity\"\/>\n<\/div>\n<\/div>\n\n\n\n<div class=\"wp-block-uagb-advanced-heading uagb-block-4328eadd\"><h5 class=\"uagb-heading-text\">Lesen Sie unsere ausf\u00fchrlichen Artikel \u00fcber die Schnittstelle von elec calc, um Ihre Kenntnisse der Funktionen zu optimieren und Ihre Effizienz im Alltag zu verbessern.<\/h5><\/div>\n\n\n\n\t\t\t<div class=\"wp-block-uagb-post-carousel uagb-post-grid  uagb-post__image-position-top uagb-post__image-disabled uagb-block-d2d31c7b     uagb-post__arrow-outside uagb-post__items uagb-post__columns-3 is-carousel uagb-post__columns-tablet-2 uagb-post__columns-mobile-1 uagb-post__carousel_equal-height\" data-total=\"1\" style=\"\">\n\n\t\t\t\t\t\t\t\t\t\t\t\t<article class=\"uagb-post__inner-wrap\">\t\t\t\t\t\t\t\t<h5 class=\"uagb-post__title uagb-post__text\">\n\t\t\t\t<a href=\"https:\/\/calcul-electrique.com\/de\/faq-elec-calc-de\/einen-dispatcher-auf-einer-anderen-registerkarte-fortsetzen\/\" target=\"_self\" rel=\"bookmark noopener noreferrer\">Einen Dispatcher auf einer anderen Registerkarte fortsetzen<\/a>\n\t\t\t<\/h5>\n\t\t\t\t\t\t<div class='uagb-post__text uagb-post-grid-byline'>\n\t\t\t\t\t\t\t<\/div>\n\t\t\t\t\t\t\t<div class='uagb-post__text uagb-post__excerpt'>\n\t\t\t\t\t<p>Sie haben die M\u00f6glichkeit, Hintergr\u00fcnde in Ihrer \u00dcbersicht zu verwenden, um Ihre verschiedenen Tabellen&#8230;\t\t\t\t<\/div>\n\t\t\t\t\t\t<div class=\"uagb-post__text uagb-post__cta wp-block-button\">\n\t\t\t\t<a class=\"wp-block-button__link uagb-text-link\" style=\"\" href=\"https:\/\/calcul-electrique.com\/de\/faq-elec-calc-de\/einen-dispatcher-auf-einer-anderen-registerkarte-fortsetzen\/\" target=\"_self\" rel=\"bookmark noopener noreferrer\">Weiterlesen<\/a>\n\t\t\t<\/div>\n\t\t\t\n\t\t\t\t\t\t\t\t\t<\/article>\n\t\t\t\t\t\t\t\t\t\t\t<\/div>\n\t\t\t<\/div><\/div>\n\n\n\n<div class=\"wp-block-uagb-container uagb-block-83301d67 alignfull uagb-is-root-container\"><div class=\"uagb-container-inner-blocks-wrap\">\n<div class=\"wp-block-uagb-container uagb-block-2c2b06f5\">\n<div class=\"wp-block-uagb-container uagb-block-d3a85bcb\">\n<hr class=\"wp-block-separator has-alpha-channel-opacity\"\/>\n<\/div>\n\n\n\n<div class=\"wp-block-uagb-advanced-heading uagb-block-8c1aee7e\"><h2 class=\"uagb-heading-text\">Referenzen<\/h2><\/div>\n\n\n\n<div class=\"wp-block-uagb-container uagb-block-f6b6c1b8\">\n<hr class=\"wp-block-separator has-alpha-channel-opacity\"\/>\n<\/div>\n<\/div>\n\n\n\n<div class=\"wp-block-uagb-advanced-heading uagb-block-7e6492af\"><h5 class=\"uagb-heading-text\">Lesen Sie unsere Artikel \u00fcber die Herstellernummern im Katalog elec calc, um Ihnen bei der L\u00f6sung von Auswahlproblemen zu helfen und die Konformit\u00e4t Ihrer Installationen zu gew\u00e4hrleisten.<\/h5><\/div>\n\n\n\n\t\t\t<div class=\"wp-block-uagb-post-carousel uagb-post-grid  uagb-post__image-position-top uagb-post__image-disabled uagb-block-eb780197     uagb-post__arrow-outside uagb-post__items uagb-post__columns-3 is-carousel uagb-post__columns-tablet-2 uagb-post__columns-mobile-1 uagb-post__carousel_equal-height\" data-total=\"0\" style=\"\">\n\n\t\t\t\t\t\t\t\t\t<p class=\"uagb-post__no-posts\">\n\t\t\t\t\t\tNo post found!\t\t\t\t\t<\/p>\n\t\t\t\t\t\t\t\t<\/div>\n\t\t\t<\/div><\/div>\n<\/div>\n","protected":false},"excerpt":{"rendered":"<p>Berechnung Tauchen Sie ein in unsere innovativen Artikel zur elektrischen Berechnung und Dimensionierung mit elec calc. Installation Entdecken Sie hier unsere Artikel und Anleitungen zur effizienten Installation von elec calc. Erhalten Sie praktische Tipps f\u00fcr einen reibungslosen Start und eine problemlose Nutzung. Schnittstelle Lesen Sie unsere ausf\u00fchrlichen Artikel \u00fcber die Schnittstelle von elec calc, um [&hellip;]<\/p>\n","protected":false},"author":10,"featured_media":0,"parent":13583,"menu_order":1,"comment_status":"closed","ping_status":"closed","template":"","meta":{"_uag_custom_page_level_css":"","_swt_meta_header_display":false,"_swt_meta_footer_display":false,"_swt_meta_site_title_display":false,"_swt_meta_sticky_header":false,"_swt_meta_transparent_header":false,"footnotes":""},"class_list":["post-13561","page","type-page","status-publish","hentry"],"yoast_head":"<!-- This site is optimized with the Yoast SEO plugin v27.0 - https:\/\/yoast.com\/product\/yoast-seo-wordpress\/ -->\n<title>FAQ elec calc\u2122 - Calcul \u00e9lectrique<\/title>\n<meta name=\"robots\" content=\"index, follow, max-snippet:-1, max-image-preview:large, max-video-preview:-1\" \/>\n<link rel=\"canonical\" href=\"https:\/\/calcul-electrique.com\/de\/artikel\/faq-elec-calc\/\" \/>\n<meta property=\"og:locale\" content=\"de_DE\" \/>\n<meta property=\"og:type\" content=\"article\" \/>\n<meta property=\"og:title\" content=\"FAQ elec calc\u2122 - Calcul \u00e9lectrique\" \/>\n<meta property=\"og:description\" content=\"Berechnung Tauchen Sie ein in unsere innovativen Artikel zur elektrischen Berechnung und Dimensionierung mit elec calc. Installation Entdecken Sie hier unsere Artikel und Anleitungen zur effizienten Installation von elec calc. Erhalten Sie praktische Tipps f\u00fcr einen reibungslosen Start und eine problemlose Nutzung. Schnittstelle Lesen Sie unsere ausf\u00fchrlichen Artikel \u00fcber die Schnittstelle von elec calc, um [&hellip;]\" \/>\n<meta property=\"og:url\" content=\"https:\/\/calcul-electrique.com\/de\/artikel\/faq-elec-calc\/\" \/>\n<meta property=\"og:site_name\" content=\"Calcul \u00e9lectrique\" \/>\n<meta property=\"article:modified_time\" content=\"2025-01-10T13:00:53+00:00\" \/>\n<meta property=\"og:image\" content=\"https:\/\/calcul-electrique.com\/wp-content\/uploads\/2024\/12\/Image-site.png\" \/>\n\t<meta property=\"og:image:width\" content=\"1200\" \/>\n\t<meta property=\"og:image:height\" content=\"675\" \/>\n\t<meta property=\"og:image:type\" content=\"image\/png\" \/>\n<meta name=\"twitter:card\" content=\"summary_large_image\" \/>\n<meta name=\"twitter:label1\" content=\"Gesch\u00e4tzte Lesezeit\" \/>\n\t<meta name=\"twitter:data1\" content=\"1\u00a0Minute\" \/>\n<script type=\"application\/ld+json\" class=\"yoast-schema-graph\">{\"@context\":\"https:\/\/schema.org\",\"@graph\":[{\"@type\":\"WebPage\",\"@id\":\"https:\/\/calcul-electrique.com\/de\/artikel\/faq-elec-calc\/\",\"url\":\"https:\/\/calcul-electrique.com\/de\/artikel\/faq-elec-calc\/\",\"name\":\"FAQ elec calc\u2122 - Calcul \u00e9lectrique\",\"isPartOf\":{\"@id\":\"https:\/\/calcul-electrique.com\/#website\"},\"datePublished\":\"2024-01-16T13:06:56+00:00\",\"dateModified\":\"2025-01-10T13:00:53+00:00\",\"breadcrumb\":{\"@id\":\"https:\/\/calcul-electrique.com\/de\/artikel\/faq-elec-calc\/#breadcrumb\"},\"inLanguage\":\"de\",\"potentialAction\":[{\"@type\":\"ReadAction\",\"target\":[\"https:\/\/calcul-electrique.com\/de\/artikel\/faq-elec-calc\/\"]}]},{\"@type\":\"BreadcrumbList\",\"@id\":\"https:\/\/calcul-electrique.com\/de\/artikel\/faq-elec-calc\/#breadcrumb\",\"itemListElement\":[{\"@type\":\"ListItem\",\"position\":1,\"name\":\"Startseite\",\"item\":\"https:\/\/calcul-electrique.com\/de\/\"},{\"@type\":\"ListItem\",\"position\":2,\"name\":\"Artikel\",\"item\":\"https:\/\/calcul-electrique.com\/de\/artikel\/\"},{\"@type\":\"ListItem\",\"position\":3,\"name\":\"FAQ elec calc\u2122\"}]},{\"@type\":\"WebSite\",\"@id\":\"https:\/\/calcul-electrique.com\/#website\",\"url\":\"https:\/\/calcul-electrique.com\/\",\"name\":\"Calcul \u00e9lectrique\",\"description\":\"Simplifiez vos projets \u00e9lectriques avec calcul \u00e9lectrique !\",\"publisher\":{\"@id\":\"https:\/\/calcul-electrique.com\/#organization\"},\"potentialAction\":[{\"@type\":\"SearchAction\",\"target\":{\"@type\":\"EntryPoint\",\"urlTemplate\":\"https:\/\/calcul-electrique.com\/?s={search_term_string}\"},\"query-input\":{\"@type\":\"PropertyValueSpecification\",\"valueRequired\":true,\"valueName\":\"search_term_string\"}}],\"inLanguage\":\"de\"},{\"@type\":\"Organization\",\"@id\":\"https:\/\/calcul-electrique.com\/#organization\",\"name\":\"Trace Software\",\"url\":\"https:\/\/calcul-electrique.com\/\",\"logo\":{\"@type\":\"ImageObject\",\"inLanguage\":\"de\",\"@id\":\"https:\/\/calcul-electrique.com\/#\/schema\/logo\/image\/\",\"url\":\"https:\/\/calcul-electrique.com\/wp-content\/uploads\/2024\/12\/Trace-software-2023.png\",\"contentUrl\":\"https:\/\/calcul-electrique.com\/wp-content\/uploads\/2024\/12\/Trace-software-2023.png\",\"width\":1900,\"height\":350,\"caption\":\"Trace Software\"},\"image\":{\"@id\":\"https:\/\/calcul-electrique.com\/#\/schema\/logo\/image\/\"},\"sameAs\":[\"https:\/\/www.linkedin.com\/company\/trace-software-international\/\"]}]}<\/script>\n<!-- \/ Yoast SEO plugin. -->","yoast_head_json":{"title":"FAQ elec calc\u2122 - Calcul \u00e9lectrique","robots":{"index":"index","follow":"follow","max-snippet":"max-snippet:-1","max-image-preview":"max-image-preview:large","max-video-preview":"max-video-preview:-1"},"canonical":"https:\/\/calcul-electrique.com\/de\/artikel\/faq-elec-calc\/","og_locale":"de_DE","og_type":"article","og_title":"FAQ elec calc\u2122 - Calcul \u00e9lectrique","og_description":"Berechnung Tauchen Sie ein in unsere innovativen Artikel zur elektrischen Berechnung und Dimensionierung mit elec calc. Installation Entdecken Sie hier unsere Artikel und Anleitungen zur effizienten Installation von elec calc. Erhalten Sie praktische Tipps f\u00fcr einen reibungslosen Start und eine problemlose Nutzung. Schnittstelle Lesen Sie unsere ausf\u00fchrlichen Artikel \u00fcber die Schnittstelle von elec calc, um [&hellip;]","og_url":"https:\/\/calcul-electrique.com\/de\/artikel\/faq-elec-calc\/","og_site_name":"Calcul \u00e9lectrique","article_modified_time":"2025-01-10T13:00:53+00:00","og_image":[{"width":1200,"height":675,"url":"https:\/\/calcul-electrique.com\/wp-content\/uploads\/2024\/12\/Image-site.png","type":"image\/png"}],"twitter_card":"summary_large_image","twitter_misc":{"Gesch\u00e4tzte Lesezeit":"1\u00a0Minute"},"schema":{"@context":"https:\/\/schema.org","@graph":[{"@type":"WebPage","@id":"https:\/\/calcul-electrique.com\/de\/artikel\/faq-elec-calc\/","url":"https:\/\/calcul-electrique.com\/de\/artikel\/faq-elec-calc\/","name":"FAQ elec calc\u2122 - Calcul \u00e9lectrique","isPartOf":{"@id":"https:\/\/calcul-electrique.com\/#website"},"datePublished":"2024-01-16T13:06:56+00:00","dateModified":"2025-01-10T13:00:53+00:00","breadcrumb":{"@id":"https:\/\/calcul-electrique.com\/de\/artikel\/faq-elec-calc\/#breadcrumb"},"inLanguage":"de","potentialAction":[{"@type":"ReadAction","target":["https:\/\/calcul-electrique.com\/de\/artikel\/faq-elec-calc\/"]}]},{"@type":"BreadcrumbList","@id":"https:\/\/calcul-electrique.com\/de\/artikel\/faq-elec-calc\/#breadcrumb","itemListElement":[{"@type":"ListItem","position":1,"name":"Startseite","item":"https:\/\/calcul-electrique.com\/de\/"},{"@type":"ListItem","position":2,"name":"Artikel","item":"https:\/\/calcul-electrique.com\/de\/artikel\/"},{"@type":"ListItem","position":3,"name":"FAQ elec calc\u2122"}]},{"@type":"WebSite","@id":"https:\/\/calcul-electrique.com\/#website","url":"https:\/\/calcul-electrique.com\/","name":"Calcul \u00e9lectrique","description":"Simplifiez vos projets \u00e9lectriques avec calcul \u00e9lectrique !","publisher":{"@id":"https:\/\/calcul-electrique.com\/#organization"},"potentialAction":[{"@type":"SearchAction","target":{"@type":"EntryPoint","urlTemplate":"https:\/\/calcul-electrique.com\/?s={search_term_string}"},"query-input":{"@type":"PropertyValueSpecification","valueRequired":true,"valueName":"search_term_string"}}],"inLanguage":"de"},{"@type":"Organization","@id":"https:\/\/calcul-electrique.com\/#organization","name":"Trace Software","url":"https:\/\/calcul-electrique.com\/","logo":{"@type":"ImageObject","inLanguage":"de","@id":"https:\/\/calcul-electrique.com\/#\/schema\/logo\/image\/","url":"https:\/\/calcul-electrique.com\/wp-content\/uploads\/2024\/12\/Trace-software-2023.png","contentUrl":"https:\/\/calcul-electrique.com\/wp-content\/uploads\/2024\/12\/Trace-software-2023.png","width":1900,"height":350,"caption":"Trace Software"},"image":{"@id":"https:\/\/calcul-electrique.com\/#\/schema\/logo\/image\/"},"sameAs":["https:\/\/www.linkedin.com\/company\/trace-software-international\/"]}]}},"uagb_featured_image_src":{"full":false,"thumbnail":false,"medium":false,"medium_large":false,"large":false,"1536x1536":false,"2048x2048":false},"uagb_author_info":{"display_name":"Max Farez","author_link":"https:\/\/calcul-electrique.com\/de\/author\/mfarez\/"},"uagb_comment_info":0,"uagb_excerpt":"Berechnung Tauchen Sie ein in unsere innovativen Artikel zur elektrischen Berechnung und Dimensionierung mit elec calc. Installation Entdecken Sie hier unsere Artikel und Anleitungen zur effizienten Installation von elec calc. Erhalten Sie praktische Tipps f\u00fcr einen reibungslosen Start und eine problemlose Nutzung. Schnittstelle Lesen Sie unsere ausf\u00fchrlichen Artikel \u00fcber die Schnittstelle von elec calc, um&hellip;","_links":{"self":[{"href":"https:\/\/calcul-electrique.com\/de\/wp-json\/wp\/v2\/pages\/13561","targetHints":{"allow":["GET"]}}],"collection":[{"href":"https:\/\/calcul-electrique.com\/de\/wp-json\/wp\/v2\/pages"}],"about":[{"href":"https:\/\/calcul-electrique.com\/de\/wp-json\/wp\/v2\/types\/page"}],"author":[{"embeddable":true,"href":"https:\/\/calcul-electrique.com\/de\/wp-json\/wp\/v2\/users\/10"}],"replies":[{"embeddable":true,"href":"https:\/\/calcul-electrique.com\/de\/wp-json\/wp\/v2\/comments?post=13561"}],"version-history":[{"count":3,"href":"https:\/\/calcul-electrique.com\/de\/wp-json\/wp\/v2\/pages\/13561\/revisions"}],"predecessor-version":[{"id":14176,"href":"https:\/\/calcul-electrique.com\/de\/wp-json\/wp\/v2\/pages\/13561\/revisions\/14176"}],"up":[{"embeddable":true,"href":"https:\/\/calcul-electrique.com\/de\/wp-json\/wp\/v2\/pages\/13583"}],"wp:attachment":[{"href":"https:\/\/calcul-electrique.com\/de\/wp-json\/wp\/v2\/media?parent=13561"}],"curies":[{"name":"wp","href":"https:\/\/api.w.org\/{rel}","templated":true}]}}